{"id":625,"date":"2022-12-02T19:19:27","date_gmt":"2022-12-02T19:19:27","guid":{"rendered":"https:\/\/lienza.com\/fr\/?post_type=product&#038;p=625"},"modified":"2023-02-01T12:57:08","modified_gmt":"2023-02-01T12:57:08","slug":"mallette-transport","status":"publish","type":"product","link":"https:\/\/lienza.com\/fr\/product\/mallette-transport\/","title":{"rendered":"Mallette transport"},"content":{"rendered":"<p>Mallette porte-peignoir pour transporter et garder votre peignoir parfaitement pli\u00e9 et sans plis :<\/p>\n<ul>\n<li>Fabriqu\u00e9 avec un tissu lamin\u00e9 WR haute densit\u00e9.<\/li>\n<li>Resistant \u00e0 l&#8217;eau.<\/li>\n<\/ul>\n<p>Dimensions<\/p>\n<ul>\n<li>Ferm\u00e9 : Largeur : 47 cm. Hauteur : 34 cm.<\/li>\n<li>Il permet un second pliage, restant \u00e0 34 x 24 cm. \u00e0 introduire avec sa robe dans un sac \u00e0 main.<\/li>\n<\/ul>\n","protected":false},"excerpt":{"rendered":"<p>Mallette porte-peignoir pour transporter et garder votre peignoir parfaitement pli\u00e9 et sans plis : Fabriqu\u00e9 avec un tissu lamin\u00e9 WR haute densit\u00e9. Resistant \u00e0 l&#8217;eau. Dimensions Ferm\u00e9 : Largeur : 47 cm. Hauteur : 34 cm. Il permet un second pliage, restant \u00e0 34 x 24 cm. \u00e0 introduire avec sa robe dans un sac [&hellip;]<\/p>\n","protected":false},"featured_media":1535,"template":"","meta":{"_uag_custom_page_level_css":"","site-sidebar-layout":"default","site-content-layout":"default","ast-site-content-layout":"default","site-content-style":"default","site-sidebar-style":"default","ast-global-header-display":"","ast-banner-title-visibility":"","ast-main-header-display":"","ast-hfb-above-header-display":"","ast-hfb-below-header-display":"","ast-hfb-mobile-header-display":"","site-post-title":"","ast-breadcrumbs-content":"","ast-featured-img":"","footer-sml-layout":"","ast-disable-related-posts":"","theme-transparent-header-meta":"default","adv-header-id-meta":"","stick-header-meta":"","header-above-stick-meta":"","header-main-stick-meta":"","header-below-stick-meta":"","astra-migrate-meta-layouts":"default","ast-page-background-enabled":"default","ast-page-background-meta":{"desktop":{"background-color":"var(--ast-global-color-4)","background-image":"","background-repeat":"repeat","background-position":"center center","background-size":"auto","background-attachment":"scroll","background-type":"","background-media":"","overlay-type":"","overlay-color":"","overlay-opacity":"","overlay-gradient":""},"tablet":{"background-color":"","background-image":"","background-repeat":"repeat","background-position":"center center","background-size":"auto","background-attachment":"scroll","background-type":"","background-media":"","overlay-type":"","overlay-color":"","overlay-opacity":"","overlay-gradient":""},"mobile":{"background-color":"","background-image":"","background-repeat":"repeat","background-position":"center center","background-size":"auto","background-attachment":"scroll","background-type":"","background-media":"","overlay-type":"","overlay-color":"","overlay-opacity":"","overlay-gradient":""}},"ast-content-background-meta":{"desktop":{"background-color":"var(--ast-global-color-5)","background-image":"","background-repeat":"repeat","background-position":"center center","background-size":"auto","background-attachment":"scroll","background-type":"","background-media":"","overlay-type":"","overlay-color":"","overlay-opacity":"","overlay-gradient":""},"tablet":{"background-color":"var(--ast-global-color-5)","background-image":"","background-repeat":"repeat","background-position":"center center","background-size":"auto","background-attachment":"scroll","background-type":"","background-media":"","overlay-type":"","overlay-color":"","overlay-opacity":"","overlay-gradient":""},"mobile":{"background-color":"var(--ast-global-color-5)","background-image":"","background-repeat":"repeat","background-position":"center center","background-size":"auto","background-attachment":"scroll","background-type":"","background-media":"","overlay-type":"","overlay-color":"","overlay-opacity":"","overlay-gradient":""}}},"product_brand":[],"product_cat":[23,19],"product_tag":[],"class_list":{"0":"post-625","1":"product","2":"type-product","3":"status-publish","4":"has-post-thumbnail","6":"product_cat-complements","7":"product_cat-juridique","8":"desktop-align-center","9":"tablet-align-left","10":"mobile-align-left","12":"first","13":"instock","14":"taxable","15":"shipping-taxable","16":"purchasable","17":"product-type-simple"},"uagb_featured_image_src":{"full":["https:\/\/lienza.com\/fr\/wp-content\/uploads\/sites\/8\/2023\/02\/Mallete-transport.webp",800,800,false],"thumbnail":["https:\/\/lienza.com\/fr\/wp-content\/uploads\/sites\/8\/2023\/02\/Mallete-transport.webp",96,96,false],"medium":["https:\/\/lienza.com\/fr\/wp-content\/uploads\/sites\/8\/2023\/02\/Mallete-transport.webp",800,800,false],"medium_large":["https:\/\/lienza.com\/fr\/wp-content\/uploads\/sites\/8\/2023\/02\/Mallete-transport-768x768.webp",768,768,true],"large":["https:\/\/lienza.com\/fr\/wp-content\/uploads\/sites\/8\/2023\/02\/Mallete-transport.webp",800,800,false],"1536x1536":["https:\/\/lienza.com\/fr\/wp-content\/uploads\/sites\/8\/2023\/02\/Mallete-transport.webp",800,800,false],"2048x2048":["https:\/\/lienza.com\/fr\/wp-content\/uploads\/sites\/8\/2023\/02\/Mallete-transport.webp",800,800,false],"woocommerce_thumbnail":["https:\/\/lienza.com\/fr\/wp-content\/uploads\/sites\/8\/2023\/02\/Mallete-transport-500x500.webp",500,500,true],"woocommerce_single":["https:\/\/lienza.com\/fr\/wp-content\/uploads\/sites\/8\/2023\/02\/Mallete-transport-700x700.webp",700,700,true],"woocommerce_gallery_thumbnail":["https:\/\/lienza.com\/fr\/wp-content\/uploads\/sites\/8\/2023\/02\/Mallete-transport-100x100.webp",100,100,true],"dgwt-wcas-product-suggestion":["https:\/\/lienza.com\/fr\/wp-content\/uploads\/sites\/8\/2023\/02\/Mallete-transport-64x64.webp",64,64,true]},"uagb_author_info":{"display_name":"admin","author_link":"https:\/\/lienza.com\/fr\/author\/"},"uagb_comment_info":0,"uagb_excerpt":"Mallette porte-peignoir pour transporter et garder votre peignoir parfaitement pli\u00e9 et sans plis : Fabriqu\u00e9 avec un tissu lamin\u00e9 WR haute densit\u00e9. Resistant \u00e0 l&#8217;eau. Dimensions Ferm\u00e9 : Largeur : 47 cm. Hauteur : 34 cm. Il permet un second pliage, restant \u00e0 34 x 24 cm. \u00e0 introduire avec sa robe dans un sac\u2026","_links":{"self":[{"href":"https:\/\/lienza.com\/fr\/wp-json\/wp\/v2\/product\/625","targetHints":{"allow":["GET"]}}],"collection":[{"href":"https:\/\/lienza.com\/fr\/wp-json\/wp\/v2\/product"}],"about":[{"href":"https:\/\/lienza.com\/fr\/wp-json\/wp\/v2\/types\/product"}],"wp:featuredmedia":[{"embeddable":true,"href":"https:\/\/lienza.com\/fr\/wp-json\/wp\/v2\/media\/1535"}],"wp:attachment":[{"href":"https:\/\/lienza.com\/fr\/wp-json\/wp\/v2\/media?parent=625"}],"wp:term":[{"taxonomy":"product_brand","embeddable":true,"href":"https:\/\/lienza.com\/fr\/wp-json\/wp\/v2\/product_brand?post=625"},{"taxonomy":"product_cat","embeddable":true,"href":"https:\/\/lienza.com\/fr\/wp-json\/wp\/v2\/product_cat?post=625"},{"taxonomy":"product_tag","embeddable":true,"href":"https:\/\/lienza.com\/fr\/wp-json\/wp\/v2\/product_tag?post=625"}],"curies":[{"name":"wp","href":"https:\/\/api.w.org\/{rel}","templated":true}]}}