{"id":590,"date":"2022-12-02T12:54:36","date_gmt":"2022-12-02T12:54:36","guid":{"rendered":"https:\/\/lienza.com\/fr\/?post_type=product&#038;p=590"},"modified":"2024-01-19T08:45:42","modified_gmt":"2024-01-19T08:45:42","slug":"toge-lienza-extra","status":"publish","type":"product","link":"https:\/\/lienza.com\/fr\/product\/toge-lienza-extra\/","title":{"rendered":"Toge Lienza Extra"},"content":{"rendered":"\r\n<h2 class=\"wp-block-heading has-text-align-center has-x-large-font-size\">Robe d&#8217;avocat l\u00e9gale Extra<\/h2>\r\n\r\n\r\n\r\n<div class=\"wp-block-columns is-layout-flex wp-container-core-columns-is-layout-d7d455e7 wp-block-columns-is-layout-flex\" style=\"padding-top:0;padding-right:0;padding-bottom:0;padding-left:0\">\r\n<div class=\"wp-block-column is-layout-constrained wp-block-column-is-layout-constrained\">\r\n<figure class=\"wp-block-image size-full\"><img decoding=\"async\" width=\"550\" height=\"800\" src=\"https:\/\/lienza.com\/fr\/wp-content\/uploads\/sites\/8\/2023\/02\/RobedAvocat.webp\" alt=\"\" class=\"wp-image-1537\" title=\"\" srcset=\"https:\/\/lienza.com\/fr\/wp-content\/uploads\/sites\/8\/2023\/02\/RobedAvocat.webp 550w, https:\/\/lienza.com\/fr\/wp-content\/uploads\/sites\/8\/2023\/02\/RobedAvocat-500x727.webp 500w, https:\/\/lienza.com\/fr\/wp-content\/uploads\/sites\/8\/2023\/02\/RobedAvocat-64x93.webp 64w\" sizes=\"(max-width: 550px) 100vw, 550px\" \/><\/figure>\r\n<\/div>\r\n\r\n\r\n\r\n<div class=\"wp-block-column is-layout-flow wp-block-column-is-layout-flow\" style=\"border-style:none;border-width:0px\">\r\n<h3 class=\"wp-block-heading has-text-align-center has-x-large-font-size\">Caract\u00e9ristiques<\/h3>\r\n\r\n\r\n\r\n<hr class=\"wp-block-separator has-alpha-channel-opacity is-style-wide\"\/>\r\n\r\n\r\n\r\n<p class=\"has-text-align-left has-medium-font-size\"><span style=\"color:green;\">\u2713<\/span> R\u00e9sistant, \u00e9l\u00e9gant, confortable, exclusif avec un maximum de respirabilit\u00e9 et de l\u00e9g\u00e8ret\u00e9. Haute r\u00e9sistance au froissement.<br><span style=\"color:green;\">\u2713<\/span> Buttons: Recouverts du tissu de votre toge + 4 unit\u00e9s de rechange.<br><span style=\"color:green;\">\u2713<\/span> Doublure int\u00e9rieure noire.<br><span style=\"color:green;\">\u2713<\/span> Poche int\u00e9rieure invisible.<br><span style=\"color:green;\">\u2713<\/span> Cousu enti\u00e8rement \u00e0 la main.<br><span style=\"color:green;\">\u2713<\/span> Ouvertures lat\u00e9rales pour faciliter l&#8217;acc\u00e8s aux poches des v\u00eatements que vous portez sous la toge.<br><span style=\"color:green;\">\u2713<\/span> Ceinture \u00e0 la taille pour plus de confort.<\/p>\r\n<\/div>\r\n<\/div>\r\n\r\n\r\n\r\n<div class=\"wp-block-columns is-layout-flex wp-container-core-columns-is-layout-28f84493 wp-block-columns-is-layout-flex\">\r\n<div class=\"wp-block-column is-layout-flow wp-block-column-is-layout-flow\" style=\"border-style:none;border-width:0px\">\r\n<h3 class=\"wp-block-heading has-text-align-center has-x-large-font-size\">Mat\u00e9riaux<\/h3>\r\n\r\n\r\n\r\n<hr class=\"wp-block-separator has-alpha-channel-opacity is-style-wide\"\/>\r\n\r\n\r\n\r\n<ul class=\"has-medium-font-size wp-block-list\">\r\n<li><strong>Tissu principal<\/strong>:  100% Laine froide superfine (180 g\/m\u00b2).<\/li>\r\n\r\n\r\n\r\n<li><strong>Les manches:<\/strong> Satin de Soie Artificielle Italienne d\u2019une qualit\u00e9 exceptionnelle. (160 g\/m\u00b2).<\/li>\r\n\r\n\r\n\r\n<li><strong>Doublure int\u00e9rieure<\/strong>: 50% Viscose \/ 50% Polyester.<\/li>\r\n<\/ul>\r\n<\/div>\r\n\r\n\r\n\r\n<div class=\"wp-block-column is-layout-flow wp-block-column-is-layout-flow\">\n<\/div>\r\n<\/div>\r\n\r\n\r\n\r\n<div class=\"wp-block-columns is-layout-flex wp-container-core-columns-is-layout-28f84493 wp-block-columns-is-layout-flex\">\r\n<div class=\"wp-block-column is-layout-flow wp-block-column-is-layout-flow\">\n<\/div>\r\n\r\n\r\n\r\n<div class=\"wp-block-column is-layout-flow wp-block-column-is-layout-flow\" style=\"border-style:none;border-width:0px\">\r\n<h3 class=\"wp-block-heading has-text-align-center has-x-large-font-size\">Inclus<\/h3>\r\n\r\n\r\n\r\n<hr class=\"wp-block-separator has-alpha-channel-opacity is-style-wide\"\/>\r\n\r\n\r\n\r\n<ul class=\"has-medium-font-size wp-block-list\">\r\n<li><strong>Mallette porte-toge:<\/strong> Fabriqu\u00e9 en tissu lamin\u00e9 WR haute densit\u00e9, imperm\u00e9able et de taille parfaite pour transporter votre peignoir.<\/li>\r\n\r\n\r\n\r\n<li><strong>Ruban personnalis\u00e9:<\/strong> Personnalisez votre robe par nom\/initiales sans vous exclure de l&#8217;\u00e9change\/retour du produit.<\/li>\r\n\r\n\r\n\r\n<li><strong>Rabat:<\/strong> Fabriqu\u00e9 \u00e0 la mani\u00e8re traditionnelle de la batiste blanche.<\/li>\r\n<\/ul>\r\n<\/div>\r\n<\/div>\r\n","protected":false},"excerpt":{"rendered":"<p>L&#8217;Extra Lienza Robe est de loin un v\u00eatement compl\u00e8tement exclusif avec une grande respirabilit\u00e9 et pr\u00e9sence ainsi qu&#8217;une grande r\u00e9sistance aux plis.<br \/>\nGr\u00e2ce \u00e0 son tissu, ce v\u00eatement est totalement antibact\u00e9rien (moins de lavages n\u00e9cessaires), r\u00e9sistant aux odeurs et naturellement thermor\u00e9gulateur.<\/p>\n","protected":false},"featured_media":1790,"template":"","meta":{"_uag_custom_page_level_css":"","site-sidebar-layout":"default","site-content-layout":"default","ast-site-content-layout":"default","site-content-style":"default","site-sidebar-style":"default","ast-global-header-display":"","ast-banner-title-visibility":"","ast-main-header-display":"","ast-hfb-above-header-display":"","ast-hfb-below-header-display":"","ast-hfb-mobile-header-display":"","site-post-title":"","ast-breadcrumbs-content":"","ast-featured-img":"","footer-sml-layout":"","ast-disable-related-posts":"","theme-transparent-header-meta":"default","adv-header-id-meta":"","stick-header-meta":"","header-above-stick-meta":"","header-main-stick-meta":"","header-below-stick-meta":"","astra-migrate-meta-layouts":"set","ast-page-background-enabled":"default","ast-page-background-meta":{"desktop":{"background-color":"var(--ast-global-color-4)","background-image":"","background-repeat":"repeat","background-position":"center center","background-size":"auto","background-attachment":"scroll","background-type":"","background-media":"","overlay-type":"","overlay-color":"","overlay-opacity":"","overlay-gradient":""},"tablet":{"background-color":"","background-image":"","background-repeat":"repeat","background-position":"center center","background-size":"auto","background-attachment":"scroll","background-type":"","background-media":"","overlay-type":"","overlay-color":"","overlay-opacity":"","overlay-gradient":""},"mobile":{"background-color":"","background-image":"","background-repeat":"repeat","background-position":"center center","background-size":"auto","background-attachment":"scroll","background-type":"","background-media":"","overlay-type":"","overlay-color":"","overlay-opacity":"","overlay-gradient":""}},"ast-content-background-meta":{"desktop":{"background-color":"var(--ast-global-color-5)","background-image":"","background-repeat":"repeat","background-position":"center center","background-size":"auto","background-attachment":"scroll","background-type":"","background-media":"","overlay-type":"","overlay-color":"","overlay-opacity":"","overlay-gradient":""},"tablet":{"background-color":"var(--ast-global-color-5)","background-image":"","background-repeat":"repeat","background-position":"center center","background-size":"auto","background-attachment":"scroll","background-type":"","background-media":"","overlay-type":"","overlay-color":"","overlay-opacity":"","overlay-gradient":""},"mobile":{"background-color":"var(--ast-global-color-5)","background-image":"","background-repeat":"repeat","background-position":"center center","background-size":"auto","background-attachment":"scroll","background-type":"","background-media":"","overlay-type":"","overlay-color":"","overlay-opacity":"","overlay-gradient":""}}},"product_brand":[],"product_cat":[21,19],"product_tag":[],"class_list":{"0":"post-590","1":"product","2":"type-product","3":"status-publish","4":"has-post-thumbnail","6":"product_cat-toges","7":"product_cat-juridique","8":"desktop-align-center","9":"tablet-align-left","10":"mobile-align-left","12":"first","13":"instock","14":"taxable","15":"shipping-taxable","16":"purchasable","17":"product-type-simple"},"uagb_featured_image_src":{"full":["https:\/\/lienza.com\/fr\/wp-content\/uploads\/sites\/8\/2022\/12\/toge-avocat-DSC_6235.webp",800,800,false],"thumbnail":["https:\/\/lienza.com\/fr\/wp-content\/uploads\/sites\/8\/2022\/12\/toge-avocat-DSC_6235.webp",96,96,false],"medium":["https:\/\/lienza.com\/fr\/wp-content\/uploads\/sites\/8\/2022\/12\/toge-avocat-DSC_6235.webp",800,800,false],"medium_large":["https:\/\/lienza.com\/fr\/wp-content\/uploads\/sites\/8\/2022\/12\/toge-avocat-DSC_6235-768x768.webp",768,768,true],"large":["https:\/\/lienza.com\/fr\/wp-content\/uploads\/sites\/8\/2022\/12\/toge-avocat-DSC_6235.webp",800,800,false],"1536x1536":["https:\/\/lienza.com\/fr\/wp-content\/uploads\/sites\/8\/2022\/12\/toge-avocat-DSC_6235.webp",800,800,false],"2048x2048":["https:\/\/lienza.com\/fr\/wp-content\/uploads\/sites\/8\/2022\/12\/toge-avocat-DSC_6235.webp",800,800,false],"woocommerce_thumbnail":["https:\/\/lienza.com\/fr\/wp-content\/uploads\/sites\/8\/2022\/12\/toge-avocat-DSC_6235-500x500.webp",500,500,true],"woocommerce_single":["https:\/\/lienza.com\/fr\/wp-content\/uploads\/sites\/8\/2022\/12\/toge-avocat-DSC_6235-700x700.webp",700,700,true],"woocommerce_gallery_thumbnail":["https:\/\/lienza.com\/fr\/wp-content\/uploads\/sites\/8\/2022\/12\/toge-avocat-DSC_6235-100x100.webp",100,100,true],"dgwt-wcas-product-suggestion":["https:\/\/lienza.com\/fr\/wp-content\/uploads\/sites\/8\/2022\/12\/toge-avocat-DSC_6235-64x64.webp",64,64,true]},"uagb_author_info":{"display_name":"admin","author_link":"https:\/\/lienza.com\/fr\/author\/"},"uagb_comment_info":0,"uagb_excerpt":"L'Extra Lienza Robe est de loin un v\u00eatement compl\u00e8tement exclusif avec une grande respirabilit\u00e9 et pr\u00e9sence ainsi qu'une grande r\u00e9sistance aux plis. Gr\u00e2ce \u00e0 son tissu, ce v\u00eatement est totalement antibact\u00e9rien (moins de lavages n\u00e9cessaires), r\u00e9sistant aux odeurs et naturellement thermor\u00e9gulateur.","_links":{"self":[{"href":"https:\/\/lienza.com\/fr\/wp-json\/wp\/v2\/product\/590","targetHints":{"allow":["GET"]}}],"collection":[{"href":"https:\/\/lienza.com\/fr\/wp-json\/wp\/v2\/product"}],"about":[{"href":"https:\/\/lienza.com\/fr\/wp-json\/wp\/v2\/types\/product"}],"wp:featuredmedia":[{"embeddable":true,"href":"https:\/\/lienza.com\/fr\/wp-json\/wp\/v2\/media\/1790"}],"wp:attachment":[{"href":"https:\/\/lienza.com\/fr\/wp-json\/wp\/v2\/media?parent=590"}],"wp:term":[{"taxonomy":"product_brand","embeddable":true,"href":"https:\/\/lienza.com\/fr\/wp-json\/wp\/v2\/product_brand?post=590"},{"taxonomy":"product_cat","embeddable":true,"href":"https:\/\/lienza.com\/fr\/wp-json\/wp\/v2\/product_cat?post=590"},{"taxonomy":"product_tag","embeddable":true,"href":"https:\/\/lienza.com\/fr\/wp-json\/wp\/v2\/product_tag?post=590"}],"curies":[{"name":"wp","href":"https:\/\/api.w.org\/{rel}","templated":true}]}}