{"id":1527,"date":"2023-01-30T10:36:56","date_gmt":"2023-01-30T10:36:56","guid":{"rendered":"https:\/\/lienza.com\/fr\/?post_type=product&#038;p=1527"},"modified":"2023-04-19T09:33:17","modified_gmt":"2023-04-19T09:33:17","slug":"epitoge","status":"publish","type":"product","link":"https:\/\/lienza.com\/fr\/product\/epitoge\/","title":{"rendered":"\u00c9pitoge"},"content":{"rendered":"<ul>\n<li>Tissu principal: Compos\u00e9 de pure laine froide et microfibre<\/li>\n<\/ul>\n","protected":false},"excerpt":{"rendered":"<p>L&#8217;\u00e9pitoge \u00e0 porter avec votre robe d&#8217;avocat est d&#8217;une qualit\u00e9 exceptionnelle, il apporte prestance et distinction.<\/p>\n","protected":false},"featured_media":1534,"template":"","meta":{"_uag_custom_page_level_css":"","site-sidebar-layout":"default","site-content-layout":"default","ast-site-content-layout":"default","site-content-style":"default","site-sidebar-style":"default","ast-global-header-display":"","ast-banner-title-visibility":"","ast-main-header-display":"","ast-hfb-above-header-display":"","ast-hfb-below-header-display":"","ast-hfb-mobile-header-display":"","site-post-title":"","ast-breadcrumbs-content":"","ast-featured-img":"","footer-sml-layout":"","ast-disable-related-posts":"","theme-transparent-header-meta":"default","adv-header-id-meta":"","stick-header-meta":"","header-above-stick-meta":"","header-main-stick-meta":"","header-below-stick-meta":"","astra-migrate-meta-layouts":"default","ast-page-background-enabled":"default","ast-page-background-meta":{"desktop":{"background-color":"var(--ast-global-color-4)","background-image":"","background-repeat":"repeat","background-position":"center center","background-size":"auto","background-attachment":"scroll","background-type":"","background-media":"","overlay-type":"","overlay-color":"","overlay-opacity":"","overlay-gradient":""},"tablet":{"background-color":"","background-image":"","background-repeat":"repeat","background-position":"center center","background-size":"auto","background-attachment":"scroll","background-type":"","background-media":"","overlay-type":"","overlay-color":"","overlay-opacity":"","overlay-gradient":""},"mobile":{"background-color":"","background-image":"","background-repeat":"repeat","background-position":"center center","background-size":"auto","background-attachment":"scroll","background-type":"","background-media":"","overlay-type":"","overlay-color":"","overlay-opacity":"","overlay-gradient":""}},"ast-content-background-meta":{"desktop":{"background-color":"var(--ast-global-color-5)","background-image":"","background-repeat":"repeat","background-position":"center center","background-size":"auto","background-attachment":"scroll","background-type":"","background-media":"","overlay-type":"","overlay-color":"","overlay-opacity":"","overlay-gradient":""},"tablet":{"background-color":"var(--ast-global-color-5)","background-image":"","background-repeat":"repeat","background-position":"center center","background-size":"auto","background-attachment":"scroll","background-type":"","background-media":"","overlay-type":"","overlay-color":"","overlay-opacity":"","overlay-gradient":""},"mobile":{"background-color":"var(--ast-global-color-5)","background-image":"","background-repeat":"repeat","background-position":"center center","background-size":"auto","background-attachment":"scroll","background-type":"","background-media":"","overlay-type":"","overlay-color":"","overlay-opacity":"","overlay-gradient":""}}},"product_brand":[],"product_cat":[23,19],"product_tag":[],"class_list":{"0":"post-1527","1":"product","2":"type-product","3":"status-publish","4":"has-post-thumbnail","6":"product_cat-complements","7":"product_cat-juridique","8":"desktop-align-center","9":"tablet-align-left","10":"mobile-align-left","12":"first","13":"instock","14":"taxable","15":"shipping-taxable","16":"purchasable","17":"product-type-variable"},"uagb_featured_image_src":{"full":["https:\/\/lienza.com\/fr\/wp-content\/uploads\/sites\/8\/2023\/02\/Epitoge-lapin.webp",800,800,false],"thumbnail":["https:\/\/lienza.com\/fr\/wp-content\/uploads\/sites\/8\/2023\/02\/Epitoge-lapin.webp",96,96,false],"medium":["https:\/\/lienza.com\/fr\/wp-content\/uploads\/sites\/8\/2023\/02\/Epitoge-lapin.webp",800,800,false],"medium_large":["https:\/\/lienza.com\/fr\/wp-content\/uploads\/sites\/8\/2023\/02\/Epitoge-lapin-768x768.webp",768,768,true],"large":["https:\/\/lienza.com\/fr\/wp-content\/uploads\/sites\/8\/2023\/02\/Epitoge-lapin.webp",800,800,false],"1536x1536":["https:\/\/lienza.com\/fr\/wp-content\/uploads\/sites\/8\/2023\/02\/Epitoge-lapin.webp",800,800,false],"2048x2048":["https:\/\/lienza.com\/fr\/wp-content\/uploads\/sites\/8\/2023\/02\/Epitoge-lapin.webp",800,800,false],"woocommerce_thumbnail":["https:\/\/lienza.com\/fr\/wp-content\/uploads\/sites\/8\/2023\/02\/Epitoge-lapin-500x500.webp",500,500,true],"woocommerce_single":["https:\/\/lienza.com\/fr\/wp-content\/uploads\/sites\/8\/2023\/02\/Epitoge-lapin-700x700.webp",700,700,true],"woocommerce_gallery_thumbnail":["https:\/\/lienza.com\/fr\/wp-content\/uploads\/sites\/8\/2023\/02\/Epitoge-lapin-100x100.webp",100,100,true],"dgwt-wcas-product-suggestion":["https:\/\/lienza.com\/fr\/wp-content\/uploads\/sites\/8\/2023\/02\/Epitoge-lapin-64x64.webp",64,64,true]},"uagb_author_info":{"display_name":"admin","author_link":"https:\/\/lienza.com\/fr\/author\/"},"uagb_comment_info":0,"uagb_excerpt":"L'\u00e9pitoge \u00e0 porter avec votre robe d'avocat est d'une qualit\u00e9 exceptionnelle, il apporte prestance et distinction.","_links":{"self":[{"href":"https:\/\/lienza.com\/fr\/wp-json\/wp\/v2\/product\/1527","targetHints":{"allow":["GET"]}}],"collection":[{"href":"https:\/\/lienza.com\/fr\/wp-json\/wp\/v2\/product"}],"about":[{"href":"https:\/\/lienza.com\/fr\/wp-json\/wp\/v2\/types\/product"}],"wp:featuredmedia":[{"embeddable":true,"href":"https:\/\/lienza.com\/fr\/wp-json\/wp\/v2\/media\/1534"}],"wp:attachment":[{"href":"https:\/\/lienza.com\/fr\/wp-json\/wp\/v2\/media?parent=1527"}],"wp:term":[{"taxonomy":"product_brand","embeddable":true,"href":"https:\/\/lienza.com\/fr\/wp-json\/wp\/v2\/product_brand?post=1527"},{"taxonomy":"product_cat","embeddable":true,"href":"https:\/\/lienza.com\/fr\/wp-json\/wp\/v2\/product_cat?post=1527"},{"taxonomy":"product_tag","embeddable":true,"href":"https:\/\/lienza.com\/fr\/wp-json\/wp\/v2\/product_tag?post=1527"}],"curies":[{"name":"wp","href":"https:\/\/api.w.org\/{rel}","templated":true}]}}