{"id":423,"date":"2022-11-22T20:46:39","date_gmt":"2022-11-22T20:46:39","guid":{"rendered":"https:\/\/lienza.com\/fr\/?page_id=423"},"modified":"2022-12-22T11:36:16","modified_gmt":"2022-12-22T11:36:16","slug":"guide-des-tailles","status":"publish","type":"page","link":"https:\/\/lienza.com\/fr\/guide-des-tailles\/","title":{"rendered":"Guide des tailles"},"content":{"rendered":"\n<div class=\"wp-block-uagb-advanced-heading uagb-block-b18168da\"><h2 class=\"uagb-heading-text\">Guide des tailles robe d&#8217;avocat<\/h2><\/div>\n\n\n\n<p>Vous pouvez utiliser votre taille am\u00e9ricaine comme r\u00e9f\u00e9rence :<\/p>\n\n\n\n<p><strong>Guide des tailles pour les femmes :<\/strong><\/p>\n\n\n\n<figure class=\"wp-block-table\"><table><thead><tr><th class=\"has-text-align-center\" data-align=\"center\"><strong>Taille de l&#8217;Americana<\/strong><\/th><th class=\"has-text-align-center\" data-align=\"center\"><strong>32-34<\/strong><\/th><th class=\"has-text-align-center\" data-align=\"center\"><strong>36-38<\/strong><\/th><th class=\"has-text-align-center\" data-align=\"center\"><strong>40-42<\/strong><\/th><th class=\"has-text-align-center\" data-align=\"center\"><strong>44-46<\/strong><\/th><th class=\"has-text-align-center\" data-align=\"center\"><strong>48-50<\/strong><\/th><th class=\"has-text-align-center\" data-align=\"center\"><strong>52-54<\/strong><\/th><th class=\"has-text-align-center\" data-align=\"center\"><strong>56-58<\/strong><\/th><\/tr><\/thead><tbody><tr><td class=\"has-text-align-center\" data-align=\"center\">Tour de poitrine (cm)<\/td><td class=\"has-text-align-center\" data-align=\"center\">80-87<\/td><td class=\"has-text-align-center\" data-align=\"center\">88-95<\/td><td class=\"has-text-align-center\" data-align=\"center\">96-103<\/td><td class=\"has-text-align-center\" data-align=\"center\">104-111<\/td><td class=\"has-text-align-center\" data-align=\"center\">112-119<\/td><td class=\"has-text-align-center\" data-align=\"center\">120-127<\/td><td class=\"has-text-align-center\" data-align=\"center\">128-135<\/td><\/tr><tr><td class=\"has-text-align-center\" data-align=\"center\"><\/td><td class=\"has-text-align-center\" data-align=\"center\"><\/td><td class=\"has-text-align-center\" data-align=\"center\"><\/td><td class=\"has-text-align-center\" data-align=\"center\"><\/td><td class=\"has-text-align-center\" data-align=\"center\"><\/td><td class=\"has-text-align-center\" data-align=\"center\"><\/td><td class=\"has-text-align-center\" data-align=\"center\"><\/td><td class=\"has-text-align-center\" data-align=\"center\"><\/td><\/tr><tr><td class=\"has-text-align-center\" data-align=\"center\"><strong>Taille de la robe<\/strong><\/td><td class=\"has-text-align-center\" data-align=\"center\"><strong>2XS<\/strong><\/td><td class=\"has-text-align-center\" data-align=\"center\"><strong>XS<\/strong><\/td><td class=\"has-text-align-center\" data-align=\"center\"><strong>S<\/strong><\/td><td class=\"has-text-align-center\" data-align=\"center\"><strong>M<\/strong><\/td><td class=\"has-text-align-center\" data-align=\"center\"><strong>L<\/strong><\/td><td class=\"has-text-align-center\" data-align=\"center\"><strong>XL<\/strong><\/td><td class=\"has-text-align-center\" data-align=\"center\"><strong>2XL<\/strong><\/td><\/tr><\/tbody><\/table><\/figure>\n\n\n\n<p><strong>Guide des tailles pour les hommes :<\/strong><\/p>\n\n\n\n<figure class=\"wp-block-table\"><table><thead><tr><th class=\"has-text-align-center\" data-align=\"center\"><strong>Taille de l&#8217;Americana<\/strong><\/th><th class=\"has-text-align-center\" data-align=\"center\"><strong>38-40<\/strong><\/th><th class=\"has-text-align-center\" data-align=\"center\"><strong>42-44<\/strong><\/th><th class=\"has-text-align-center\" data-align=\"center\"><strong>46-48<\/strong><\/th><th class=\"has-text-align-center\" data-align=\"center\"><strong>50-52<\/strong><\/th><th class=\"has-text-align-center\" data-align=\"center\"><strong>54-56<\/strong><\/th><th class=\"has-text-align-center\" data-align=\"center\"><strong>58-60<\/strong><\/th><th class=\"has-text-align-center\" data-align=\"center\"><strong>62-64<\/strong><\/th><\/tr><\/thead><tbody><tr><td class=\"has-text-align-center\" data-align=\"center\">Tour de poitrine (cm)<\/td><td class=\"has-text-align-center\" data-align=\"center\">76-83<\/td><td class=\"has-text-align-center\" data-align=\"center\">84-91<\/td><td class=\"has-text-align-center\" data-align=\"center\">92-99<\/td><td class=\"has-text-align-center\" data-align=\"center\">100-107<\/td><td class=\"has-text-align-center\" data-align=\"center\">108-115<\/td><td class=\"has-text-align-center\" data-align=\"center\">116-123<\/td><td class=\"has-text-align-center\" data-align=\"center\">124-131<\/td><\/tr><tr><td class=\"has-text-align-center\" data-align=\"center\"><\/td><td class=\"has-text-align-center\" data-align=\"center\"><\/td><td class=\"has-text-align-center\" data-align=\"center\"><\/td><td class=\"has-text-align-center\" data-align=\"center\"><\/td><td class=\"has-text-align-center\" data-align=\"center\"><\/td><td class=\"has-text-align-center\" data-align=\"center\"><\/td><td class=\"has-text-align-center\" data-align=\"center\"><\/td><td class=\"has-text-align-center\" data-align=\"center\"><\/td><\/tr><tr><td class=\"has-text-align-center\" data-align=\"center\"><strong><strong>Taille de la robe<\/strong><\/strong><\/td><td class=\"has-text-align-center\" data-align=\"center\"><strong>2XS<\/strong><\/td><td class=\"has-text-align-center\" data-align=\"center\"><strong>XS<\/strong><\/td><td class=\"has-text-align-center\" data-align=\"center\"><strong>S<\/strong><\/td><td class=\"has-text-align-center\" data-align=\"center\"><strong>M<\/strong><\/td><td class=\"has-text-align-center\" data-align=\"center\"><strong>L<\/strong><\/td><td class=\"has-text-align-center\" data-align=\"center\"><strong>XL<\/strong><\/td><td class=\"has-text-align-center\" data-align=\"center\"><strong>2XL<\/strong><\/td><\/tr><\/tbody><\/table><\/figure>\n\n\n\n<p><strong>Dimensions de la robe :<\/strong><\/p>\n\n\n\n<figure class=\"wp-block-table\"><table><thead><tr><th class=\"has-text-align-center\" data-align=\"center\"><strong>Taille de la robe<\/strong><\/th><th class=\"has-text-align-center\" data-align=\"center\"><strong>2XS<\/strong><\/th><th class=\"has-text-align-center\" data-align=\"center\"><strong>XS<\/strong><\/th><th class=\"has-text-align-center\" data-align=\"center\"><strong>S<\/strong><\/th><th class=\"has-text-align-center\" data-align=\"center\"><strong>M<\/strong><\/th><th class=\"has-text-align-center\" data-align=\"center\"><strong>L<\/strong><\/th><th class=\"has-text-align-center\" data-align=\"center\"><strong>XL<\/strong><\/th><th class=\"has-text-align-center\" data-align=\"center\"><strong>2XL<\/strong><\/th><\/tr><\/thead><tbody><tr><td class=\"has-text-align-center\" data-align=\"center\">Longueur totale (cm)<\/td><td class=\"has-text-align-center\" data-align=\"center\">115.5<\/td><td class=\"has-text-align-center\" data-align=\"center\">116<\/td><td class=\"has-text-align-center\" data-align=\"center\">116.5<\/td><td class=\"has-text-align-center\" data-align=\"center\">117<\/td><td class=\"has-text-align-center\" data-align=\"center\">117.5<\/td><td class=\"has-text-align-center\" data-align=\"center\">118<\/td><td class=\"has-text-align-center\" data-align=\"center\">118.5<\/td><\/tr><tr><td class=\"has-text-align-center\" data-align=\"center\"><\/td><td class=\"has-text-align-center\" data-align=\"center\"><\/td><td class=\"has-text-align-center\" data-align=\"center\"><\/td><td class=\"has-text-align-center\" data-align=\"center\"><\/td><td class=\"has-text-align-center\" data-align=\"center\"><\/td><td class=\"has-text-align-center\" data-align=\"center\"><\/td><td class=\"has-text-align-center\" data-align=\"center\"><\/td><td class=\"has-text-align-center\" data-align=\"center\"><\/td><\/tr><tr><td class=\"has-text-align-center\" data-align=\"center\">Longueur des manches (cm)<\/td><td class=\"has-text-align-center\" data-align=\"center\">59.5<\/td><td class=\"has-text-align-center\" data-align=\"center\">60<\/td><td class=\"has-text-align-center\" data-align=\"center\">60.5<\/td><td class=\"has-text-align-center\" data-align=\"center\">61<\/td><td class=\"has-text-align-center\" data-align=\"center\">61.5<\/td><td class=\"has-text-align-center\" data-align=\"center\">62<\/td><td class=\"has-text-align-center\" data-align=\"center\">62.5<\/td><\/tr><\/tbody><\/table><\/figure>\n\n\n\n<hr class=\"wp-block-separator has-alpha-channel-opacity is-style-wide\"\/>\n\n\n\n<h2 class=\"wp-block-heading\">V\u00eatements sur mesure &#8211; Comment cela fonctionne-t-il ?<\/h2>\n\n\n\n<p>Nous avons adapt\u00e9 le processus de confection sur mesure \u00e0 cette nouvelle \u00e8re pour votre confort sans que vous ayez \u00e0 quitter votre domicile.<\/p>\n\n\n\n<ol class=\"wp-block-list\">\n<li>Remplissez le formulaire de mesure.<\/li>\n\n\n\n<li>Vous recevrez \u00e0 votre domicile trois prototypes de base (serr\u00e9, moyen et large).<\/li>\n\n\n\n<li>Choisissez parmi les prototypes celui qui vous offre le plus de confort et demandez des modifications suppl\u00e9mentaires si vous le souhaitez.<\/li>\n\n\n\n<li>Nous r\u00e9cup\u00e9rons les prototypes et envoyons votre v\u00eatement final sur mesure, le tout dans les plus brefs d\u00e9lais (Processus complet : 14 jours en moyenne).<\/li>\n<\/ol>\n\n\n\n<p>Tout au long de ce processus, notre mod\u00e9liste sera en contact direct avec vous pour confirmer les informations demand\u00e9es ou vous consulter pour toute question qui pourrait se poser afin de vous fournir le meilleur produit et le meilleur service.<\/p>\n","protected":false},"excerpt":{"rendered":"<p>Guide des tailles robe d&#8217;avocat Vous pouvez utiliser votre taille am\u00e9ricaine comme r\u00e9f\u00e9rence : Guide des tailles pour les femmes : Taille de l&#8217;Americana 32-34 36-38 40-42 44-46 48-50 52-54 56-58 Tour de poitrine (cm) 80-87 88-95 96-103 104-111 112-119 120-127 128-135 Taille de la robe 2XS XS S M L XL 2XL Guide des [&hellip;]<\/p>\n","protected":false},"author":1,"featured_media":0,"parent":0,"menu_order":0,"comment_status":"closed","ping_status":"closed","template":"","meta":{"_uag_custom_page_level_css":"","site-sidebar-layout":"default","site-content-layout":"","ast-site-content-layout":"default","site-content-style":"default","site-sidebar-style":"default","ast-global-header-display":"","ast-banner-title-visibility":"","ast-main-header-display":"","ast-hfb-above-header-display":"","ast-hfb-below-header-display":"","ast-hfb-mobile-header-display":"","site-post-title":"","ast-breadcrumbs-content":"","ast-featured-img":"","footer-sml-layout":"","ast-disable-related-posts":"","theme-transparent-header-meta":"","adv-header-id-meta":"","stick-header-meta":"","header-above-stick-meta":"","header-main-stick-meta":"","header-below-stick-meta":"","astra-migrate-meta-layouts":"default","ast-page-background-enabled":"default","ast-page-background-meta":{"desktop":{"background-color":"var(--ast-global-color-4)","background-image":"","background-repeat":"repeat","background-position":"center center","background-size":"auto","background-attachment":"scroll","background-type":"","background-media":"","overlay-type":"","overlay-color":"","overlay-opacity":"","overlay-gradient":""},"tablet":{"background-color":"","background-image":"","background-repeat":"repeat","background-position":"center center","background-size":"auto","background-attachment":"scroll","background-type":"","background-media":"","overlay-type":"","overlay-color":"","overlay-opacity":"","overlay-gradient":""},"mobile":{"background-color":"","background-image":"","background-repeat":"repeat","background-position":"center center","background-size":"auto","background-attachment":"scroll","background-type":"","background-media":"","overlay-type":"","overlay-color":"","overlay-opacity":"","overlay-gradient":""}},"ast-content-background-meta":{"desktop":{"background-color":"var(--ast-global-color-5)","background-image":"","background-repeat":"repeat","background-position":"center center","background-size":"auto","background-attachment":"scroll","background-type":"","background-media":"","overlay-type":"","overlay-color":"","overlay-opacity":"","overlay-gradient":""},"tablet":{"background-color":"var(--ast-global-color-5)","background-image":"","background-repeat":"repeat","background-position":"center center","background-size":"auto","background-attachment":"scroll","background-type":"","background-media":"","overlay-type":"","overlay-color":"","overlay-opacity":"","overlay-gradient":""},"mobile":{"background-color":"var(--ast-global-color-5)","background-image":"","background-repeat":"repeat","background-position":"center center","background-size":"auto","background-attachment":"scroll","background-type":"","background-media":"","overlay-type":"","overlay-color":"","overlay-opacity":"","overlay-gradient":""}},"footnotes":""},"class_list":["post-423","page","type-page","status-publish","hentry"],"uagb_featured_image_src":{"full":false,"thumbnail":false,"medium":false,"medium_large":false,"large":false,"1536x1536":false,"2048x2048":false,"woocommerce_thumbnail":false,"woocommerce_single":false,"woocommerce_gallery_thumbnail":false,"dgwt-wcas-product-suggestion":false},"uagb_author_info":{"display_name":"admin","author_link":"https:\/\/lienza.com\/fr\/author\/jsanchez\/"},"uagb_comment_info":0,"uagb_excerpt":"Guide des tailles robe d&#8217;avocat Vous pouvez utiliser votre taille am\u00e9ricaine comme r\u00e9f\u00e9rence : Guide des tailles pour les femmes : Taille de l&#8217;Americana 32-34 36-38 40-42 44-46 48-50 52-54 56-58 Tour de poitrine (cm) 80-87 88-95 96-103 104-111 112-119 120-127 128-135 Taille de la robe 2XS XS S M L XL 2XL Guide des\u2026","_links":{"self":[{"href":"https:\/\/lienza.com\/fr\/wp-json\/wp\/v2\/pages\/423","targetHints":{"allow":["GET"]}}],"collection":[{"href":"https:\/\/lienza.com\/fr\/wp-json\/wp\/v2\/pages"}],"about":[{"href":"https:\/\/lienza.com\/fr\/wp-json\/wp\/v2\/types\/page"}],"author":[{"embeddable":true,"href":"https:\/\/lienza.com\/fr\/wp-json\/wp\/v2\/users\/1"}],"replies":[{"embeddable":true,"href":"https:\/\/lienza.com\/fr\/wp-json\/wp\/v2\/comments?post=423"}],"version-history":[{"count":0,"href":"https:\/\/lienza.com\/fr\/wp-json\/wp\/v2\/pages\/423\/revisions"}],"wp:attachment":[{"href":"https:\/\/lienza.com\/fr\/wp-json\/wp\/v2\/media?parent=423"}],"curies":[{"name":"wp","href":"https:\/\/api.w.org\/{rel}","templated":true}]}}