{"id":418,"date":"2022-11-22T20:23:07","date_gmt":"2022-11-22T20:23:07","guid":{"rendered":"https:\/\/lienza.com\/fr\/?page_id=418"},"modified":"2024-08-03T11:14:04","modified_gmt":"2024-08-03T11:14:04","slug":"conditions-generales","status":"publish","type":"page","link":"https:\/\/lienza.com\/fr\/conditions-generales\/","title":{"rendered":"Conditions g\u00e9n\u00e9rales de la boutique en ligne"},"content":{"rendered":"\n<p>Nom de l\u2019entreprise : Lienza Industria Textil, S.L.U.<br>NUM\u00c9RO D\u2019IDENTIFICATION FISCALE : B93501096<br>Adresse : Calle Golf del Candado, 15 \u2013 M\u00e1laga \u2013 Espa\u00f1a<br>Code postal : 29018 M\u00c1LAGA<br>T\u00e9l. 951 204 340<\/p>\n\n\n\n<p>Courriel : clientes@lienza.com<\/p>\n\n\n\n<p>Toute commande suppose l\u2019adh\u00e9sion aux pr\u00e9sentes Conditions G\u00e9n\u00e9rales. Toute confirmation de commande entra\u00eene l\u2019adh\u00e9sion pleine et enti\u00e8re de l\u2019acheteur aux pr\u00e9sentes conditions g\u00e9n\u00e9rales de vente, sans exception ni r\u00e9serve.<\/p>\n\n\n\n<h2 class=\"wp-block-heading\">POLITIQUE D\u2019EXP\u00c9DITION<\/h2>\n\n\n\n<p><strong>France<\/strong>: Gratuit \u00e0 partir de 100 euros et livraison dans un d\u00e9lai de 2 et 30 jours ouvrables. Toutefois, ces d\u00e9lais ne sont pas contractuels ; leur inobservation ne peut entra\u00eener ni p\u00e9nalit\u00e9 de retard, ni annulation de commande<\/p>\n\n\n\n<p><strong>Des exceptions: <\/strong>Durant le mois d&#8217;ao\u00fbt nous ne g\u00e9rons pas les commandes. Toutes les commandes pass\u00e9es ce mois-ci arriveront en septembre par ordre d&#8217;arriv\u00e9e.<\/p>\n\n\n\n<h2 class=\"wp-block-heading\">CHANGEMENTS ET RETOURS<\/h2>\n\n\n\n<p>Toute commande re\u00e7ue donne lieu \u00e0 une confirmation\/validation par mail au plus tard dans les 8 jours. Aucune modification de la commande ne pourra \u00eatre prise en compte pass\u00e9 cette confirmation. Les modifications et les retours peuvent \u00eatre effectu\u00e9s dans les 15 jours suivant la livraison de la commande.<\/p>\n\n\n\n<p>Les retours sont \u00e0 effectuer dans leur \u00e9tat d\u2019origine et complets (emballage, accessoires, notice). Dans ce cadre, la responsabilit\u00e9 de l\u2019acheteur est engag\u00e9e. Tout dommage subi par le produit \u00e0 cette occasion peut \u00eatre de nature \u00e0 faire \u00e9chec au droit de r\u00e9tractation.<\/p>\n\n\n\n<p>Le retour des marchandises doit \u00eatre effectu\u00e9 \u00e0 l\u2019adresse du si\u00e8ge de la soci\u00e9t\u00e9 au plus tard dans les 3 jours suivant la communication de la d\u00e9cision de r\u00e9tractation.<\/p>\n\n\n\n<p>Les frais de retour sont \u00e0 la charge de l\u2019acheteur.<\/p>\n\n\n\n<p>Lienza se r\u00e9serve le droit de refuser les retours dans les cas suivants :<br>\u2013 Produits personnalis\u00e9s ou sur mesure.<br>\u2013 Produits qui ne sont pas dans le m\u00eame \u00e9tat qu\u2019\u00e0 la livraison.<br>\u2013 Retours ou modifications communiqu\u00e9s hors d\u00e9lai.<\/p>\n\n\n\n<p>Le montant du retour sera re\u00e7u par le client entre 10 et 15 jours, au moyen du m\u00eame mode de paiement que celui utilis\u00e9 lors de l\u2019achat.<\/p>\n","protected":false},"excerpt":{"rendered":"<p>Nom de l\u2019entreprise : Lienza Industria Textil, S.L.U.NUM\u00c9RO D\u2019IDENTIFICATION FISCALE : B93501096Adresse : Calle Golf del Candado, 15 \u2013 M\u00e1laga \u2013 Espa\u00f1aCode postal : 29018 M\u00c1LAGAT\u00e9l. 951 204 340 Courriel : clientes@lienza.com Toute commande suppose l\u2019adh\u00e9sion aux pr\u00e9sentes Conditions G\u00e9n\u00e9rales. Toute confirmation de commande entra\u00eene l\u2019adh\u00e9sion pleine et enti\u00e8re de l\u2019acheteur aux pr\u00e9sentes conditions g\u00e9n\u00e9rales [&hellip;]<\/p>\n","protected":false},"author":1,"featured_media":0,"parent":0,"menu_order":0,"comment_status":"closed","ping_status":"closed","template":"","meta":{"_uag_custom_page_level_css":"","site-sidebar-layout":"default","site-content-layout":"","ast-site-content-layout":"default","site-content-style":"default","site-sidebar-style":"default","ast-global-header-display":"","ast-banner-title-visibility":"","ast-main-header-display":"","ast-hfb-above-header-display":"","ast-hfb-below-header-display":"","ast-hfb-mobile-header-display":"","site-post-title":"","ast-breadcrumbs-content":"","ast-featured-img":"","footer-sml-layout":"","ast-disable-related-posts":"","theme-transparent-header-meta":"","adv-header-id-meta":"","stick-header-meta":"","header-above-stick-meta":"","header-main-stick-meta":"","header-below-stick-meta":"","astra-migrate-meta-layouts":"set","ast-page-background-enabled":"default","ast-page-background-meta":{"desktop":{"background-color":"var(--ast-global-color-4)","background-image":"","background-repeat":"repeat","background-position":"center center","background-size":"auto","background-attachment":"scroll","background-type":"","background-media":"","overlay-type":"","overlay-color":"","overlay-opacity":"","overlay-gradient":""},"tablet":{"background-color":"","background-image":"","background-repeat":"repeat","background-position":"center center","background-size":"auto","background-attachment":"scroll","background-type":"","background-media":"","overlay-type":"","overlay-color":"","overlay-opacity":"","overlay-gradient":""},"mobile":{"background-color":"","background-image":"","background-repeat":"repeat","background-position":"center center","background-size":"auto","background-attachment":"scroll","background-type":"","background-media":"","overlay-type":"","overlay-color":"","overlay-opacity":"","overlay-gradient":""}},"ast-content-background-meta":{"desktop":{"background-color":"var(--ast-global-color-5)","background-image":"","background-repeat":"repeat","background-position":"center center","background-size":"auto","background-attachment":"scroll","background-type":"","background-media":"","overlay-type":"","overlay-color":"","overlay-opacity":"","overlay-gradient":""},"tablet":{"background-color":"var(--ast-global-color-5)","background-image":"","background-repeat":"repeat","background-position":"center center","background-size":"auto","background-attachment":"scroll","background-type":"","background-media":"","overlay-type":"","overlay-color":"","overlay-opacity":"","overlay-gradient":""},"mobile":{"background-color":"var(--ast-global-color-5)","background-image":"","background-repeat":"repeat","background-position":"center center","background-size":"auto","background-attachment":"scroll","background-type":"","background-media":"","overlay-type":"","overlay-color":"","overlay-opacity":"","overlay-gradient":""}},"footnotes":""},"class_list":["post-418","page","type-page","status-publish","hentry"],"uagb_featured_image_src":{"full":false,"thumbnail":false,"medium":false,"medium_large":false,"large":false,"1536x1536":false,"2048x2048":false,"woocommerce_thumbnail":false,"woocommerce_single":false,"woocommerce_gallery_thumbnail":false,"dgwt-wcas-product-suggestion":false},"uagb_author_info":{"display_name":"admin","author_link":"https:\/\/lienza.com\/fr\/author\/jsanchez\/"},"uagb_comment_info":0,"uagb_excerpt":"Nom de l\u2019entreprise : Lienza Industria Textil, S.L.U.NUM\u00c9RO D\u2019IDENTIFICATION FISCALE : B93501096Adresse : Calle Golf del Candado, 15 \u2013 M\u00e1laga \u2013 Espa\u00f1aCode postal : 29018 M\u00c1LAGAT\u00e9l. 951 204 340 Courriel : clientes@lienza.com Toute commande suppose l\u2019adh\u00e9sion aux pr\u00e9sentes Conditions G\u00e9n\u00e9rales. Toute confirmation de commande entra\u00eene l\u2019adh\u00e9sion pleine et enti\u00e8re de l\u2019acheteur aux pr\u00e9sentes conditions g\u00e9n\u00e9rales\u2026","_links":{"self":[{"href":"https:\/\/lienza.com\/fr\/wp-json\/wp\/v2\/pages\/418","targetHints":{"allow":["GET"]}}],"collection":[{"href":"https:\/\/lienza.com\/fr\/wp-json\/wp\/v2\/pages"}],"about":[{"href":"https:\/\/lienza.com\/fr\/wp-json\/wp\/v2\/types\/page"}],"author":[{"embeddable":true,"href":"https:\/\/lienza.com\/fr\/wp-json\/wp\/v2\/users\/1"}],"replies":[{"embeddable":true,"href":"https:\/\/lienza.com\/fr\/wp-json\/wp\/v2\/comments?post=418"}],"version-history":[{"count":2,"href":"https:\/\/lienza.com\/fr\/wp-json\/wp\/v2\/pages\/418\/revisions"}],"predecessor-version":[{"id":1854,"href":"https:\/\/lienza.com\/fr\/wp-json\/wp\/v2\/pages\/418\/revisions\/1854"}],"wp:attachment":[{"href":"https:\/\/lienza.com\/fr\/wp-json\/wp\/v2\/media?parent=418"}],"curies":[{"name":"wp","href":"https:\/\/api.w.org\/{rel}","templated":true}]}}