{"id":414,"date":"2022-11-22T20:13:20","date_gmt":"2022-11-22T20:13:20","guid":{"rendered":"https:\/\/lienza.com\/fr\/?page_id=414"},"modified":"2023-05-19T11:41:39","modified_gmt":"2023-05-19T11:41:39","slug":"avis-juridique","status":"publish","type":"page","link":"https:\/\/lienza.com\/fr\/avis-juridique\/","title":{"rendered":"Avis Juridique"},"content":{"rendered":"\n<p>LIENZA INDUSTRIA TEXTIL SLU, responsable du site web, ci-apr\u00e8s RESPONSABLE, met \u00e0 la disposition des utilisateurs le pr\u00e9sent document, avec lequel elle entend respecter les obligations pr\u00e9vues par la loi 34\/2002, du 11 juillet, sur les services de la soci\u00e9t\u00e9 de l&#8217;information et du commerce \u00e9lectronique (LSSICE), BOE n\u00b0 166, ainsi qu&#8217;informer tous les utilisateurs du site web sur les conditions d&#8217;utilisation.<br>Toute personne acc\u00e9dant \u00e0 ce site Web assume le r\u00f4le d&#8217;utilisateur, s&#8217;engageant \u00e0 respecter et \u00e0 se conformer strictement aux dispositions du pr\u00e9sent document, ainsi qu&#8217;\u00e0 toute autre disposition l\u00e9gale qui pourrait \u00eatre applicable.<br>LIENZA INDUSTRIA TEXTIL SLU se r\u00e9serve le droit de modifier tout type d&#8217;information pouvant appara\u00eetre sur le site web, sans obligation de pr\u00e9avis ni d&#8217;information des utilisateurs, la publication sur le site web de LIENZA INDUSTRIA TEXTIL SLU \u00e9tant consid\u00e9r\u00e9e comme suffisante.<\/p>\n\n\n\n<h2 class=\"wp-block-heading\">1. DONN\u00c9ES D&#8217;IDENTIFICATION<\/h2>\n\n\n\n<p>Nom de domaine : lienza.com<br>Nom de la soci\u00e9t\u00e9 : LIENZA<br>Nom de la soci\u00e9t\u00e9 : LIENZA INDUSTRIA TEXTIL SLU<br>NUM\u00c9RO D&#8217;IDENTIFICATION FISCALE : B93501096<br>Si\u00e8ge social : C\/ Golf del Candado 15 &#8211; CP 29018- M\u00e1laga<br>T\u00e9l\u00e9phone : 951 204 340<br>e-mail : clientes@lienza.com<\/p>\n\n\n\n<h2 class=\"wp-block-heading\">2. DROITS DE PROPRI\u00c9T\u00c9 INTELLECTUELLE ET INDUSTRIELLE<\/h2>\n\n\n\n<p>Le site web, y compris, mais sans s&#8217;y limiter, sa programmation, son \u00e9dition, sa compilation et d&#8217;autres \u00e9l\u00e9ments n\u00e9cessaires \u00e0 son fonctionnement, les dessins, les logos, les textes et\/ou les graphiques, sont la propri\u00e9t\u00e9 du RESPONSABLE ou, le cas \u00e9ch\u00e9ant, disposent d&#8217;une licence ou d&#8217;une autorisation expresse des auteurs. Tous les contenus du site web sont d\u00fbment prot\u00e9g\u00e9s par la r\u00e9glementation en mati\u00e8re de propri\u00e9t\u00e9 intellectuelle et industrielle, et sont inscrits dans les registres publics correspondants. Quelle que soit la finalit\u00e9 \u00e0 laquelle ils sont destin\u00e9s, la reproduction, l&#8217;utilisation, l&#8217;exploitation, la distribution et la commercialisation, totales ou partielles, n\u00e9cessitent dans tous les cas l&#8217;autorisation \u00e9crite pr\u00e9alable du RESPONSABLE. Toute utilisation non autoris\u00e9e est consid\u00e9r\u00e9e comme une violation grave des droits de propri\u00e9t\u00e9 intellectuelle ou industrielle de l&#8217;auteur.<\/p>\n\n\n\n<p>Les dessins, logos, textes et\/ou graphiques qui n&#8217;appartiennent pas au RESPONSABLE et qui peuvent appara\u00eetre sur le site web appartiennent \u00e0 leurs propri\u00e9taires respectifs, \u00e9tant eux-m\u00eames responsables de toute \u00e9ventuelle controverse qui pourrait survenir \u00e0 leur sujet. Le RESPONSABLE autorise express\u00e9ment \u00e0 ce tiers peut rediriger directement aux contenus concrets du site web, et en tout cas \u00e0 rediriger au site web principal de lienza.com.<\/p>\n\n\n\n<p>Le RESPONSABLE reconna\u00eet les droits de propri\u00e9t\u00e9 intellectuelle et industrielle correspondants en faveur de leurs propri\u00e9taires, et leur simple mention ou apparition sur le site web n&#8217;implique pas l&#8217;existence de droits ou de responsabilit\u00e9s quelconques sur ceux-ci, ni une approbation, un parrainage ou une recommandation de leur part.<br>Afin d&#8217;effectuer tout type d&#8217;observation concernant d&#8217;\u00e9ventuelles violations des droits de l&#8217;homme, il est n\u00e9cessaire de proc\u00e9der \u00e0 une \u00e9valuation de la situation.<br>droits de propri\u00e9t\u00e9 intellectuelle ou industrielle, ainsi que sur l&#8217;un des contenus du site web, vous pouvez<br>en envoyant un courriel \u00e0 admin@lienza.com.<\/p>\n\n\n\n<h2 class=\"wp-block-heading\">3. EXEMPTION DE RESPONSABILIT\u00c9<\/h2>\n\n\n\n<p>Le RESPONSABLE d\u00e9cline toute responsabilit\u00e9 quant aux informations publi\u00e9es sur son site web dans la mesure o\u00f9 ces informations ont \u00e9t\u00e9 manipul\u00e9es ou introduites par un tiers ext\u00e9rieur \u00e0 celui-ci.<\/p>\n\n\n\n<p><strong>Utilisation des cookies<\/strong><\/p>\n\n\n\n<p>Ce site web peut utiliser des cookies techniques (petits fichiers d&#8217;information que le serveur envoie \u00e0 l&#8217;ordinateur de la personne qui acc\u00e8de \u00e0 la page) pour r\u00e9aliser certaines fonctions consid\u00e9r\u00e9es comme essentielles pour le bon fonctionnement et la visualisation du site. Les cookies utilis\u00e9s sont, dans tous les cas, de nature temporaire, dans le seul but de rendre la navigation plus efficace, et disparaissent \u00e0 la fin de la session de l&#8217;utilisateur. En aucun cas, ces cookies ne fournissent eux-m\u00eames des donn\u00e9es \u00e0 caract\u00e8re personnel et ils ne seront pas utilis\u00e9s pour collecter de telles donn\u00e9es.<\/p>\n\n\n\n<p>Gr\u00e2ce \u00e0 l&#8217;utilisation de cookies, il est \u00e9galement possible que le serveur o\u00f9 se trouve le site web reconnaisse le navigateur utilis\u00e9 par l&#8217;utilisateur afin de faciliter la navigation, permettant, par exemple, l&#8217;acc\u00e8s des utilisateurs qui se sont pr\u00e9alablement inscrits aux zones, services, promotions ou concours qui leur sont exclusivement r\u00e9serv\u00e9s sans devoir s&#8217;inscrire \u00e0 chaque visite. Ils peuvent \u00e9galement \u00eatre utilis\u00e9s pour mesurer l&#8217;audience, les param\u00e8tres de trafic, contr\u00f4ler la progression et le nombre d&#8217;entr\u00e9es, etc., \u00e9tant dans ces cas des cookies techniquement dispensables mais b\u00e9n\u00e9fiques pour l&#8217;utilisateur. Ce site web n&#8217;installera pas de cookies dispensables sans le consentement pr\u00e9alable de l&#8217;utilisateur.<\/p>\n\n\n\n<p>L&#8217;utilisateur a la possibilit\u00e9 de configurer son navigateur pour \u00eatre alert\u00e9 de la r\u00e9ception de cookies et pour emp\u00eacher leur installation sur son ordinateur. Veuillez consulter les instructions de votre navigateur pour plus d&#8217;informations.<\/p>\n\n\n\n<p><strong>Politique de liaison<br><\/strong>\u00c0 partir du site web, vous pouvez \u00eatre redirig\u00e9 vers le contenu de sites web de tiers. \u00c9tant donn\u00e9 que le RESPONSABLE ne peut pas toujours contr\u00f4ler les contenus introduits par des tiers dans leurs sites web respectifs, il n&#8217;assume aucun type de responsabilit\u00e9 quant \u00e0 ces contenus. Dans tous les cas, il proc\u00e9dera au retrait imm\u00e9diat de tout contenu susceptible de contrevenir \u00e0 la l\u00e9gislation nationale ou internationale, \u00e0 la morale ou \u00e0 l&#8217;ordre public, en proc\u00e9dant au retrait imm\u00e9diat de la redirection vers ledit site web, en informant les autorit\u00e9s comp\u00e9tentes du contenu en question.<\/p>\n\n\n\n<p>Le RESPONSABLE n&#8217;est pas responsable des informations et contenus stock\u00e9s, notamment, dans les forums, chats, g\u00e9n\u00e9rateurs de blogs, commentaires, r\u00e9seaux sociaux ou tout autre support permettant \u00e0 des tiers de publier des contenus de mani\u00e8re ind\u00e9pendante sur le site internet du RESPONSABLE. Toutefois, et conform\u00e9ment aux dispositions des articles 11 et 16 de la LSSICE, il se met \u00e0 la disposition de tous les utilisateurs, des autorit\u00e9s et des forces de s\u00e9curit\u00e9, en collaborant activement \u00e0 la suppression ou, le cas \u00e9ch\u00e9ant, au blocage de tous les contenus susceptibles d&#8217;affecter ou de contrevenir \u00e0 la l\u00e9gislation nationale ou internationale, aux droits des tiers ou \u00e0 la morale et \u00e0 l&#8217;ordre public. Si l&#8217;utilisateur estime qu&#8217;un contenu du site web est susceptible d&#8217;\u00eatre class\u00e9 dans cette cat\u00e9gorie, il doit en informer imm\u00e9diatement l&#8217;administrateur du site.<br>Ce site web a \u00e9t\u00e9 v\u00e9rifi\u00e9 et test\u00e9 pour s&#8217;assurer de son bon fonctionnement. En principe, on peut garantir son bon fonctionnement 365 jours par an, 24 heures sur 24. Toutefois, le RESPONSABLE n&#8217;exclut pas la possibilit\u00e9 de certaines erreurs de programmation, ni la survenance de cas de force majeure, de catastrophes naturelles, de gr\u00e8ves ou de circonstances similaires rendant impossible l&#8217;acc\u00e8s au site web.<\/p>\n\n\n\n<p><strong>Adresses IP<br><\/strong>Les serveurs du site web peuvent d\u00e9tecter automatiquement l&#8217;adresse IP et le nom de domaine utilis\u00e9s par l&#8217;utilisateur. Une adresse IP est un num\u00e9ro automatiquement attribu\u00e9 \u00e0 un ordinateur lorsqu&#8217;il se connecte \u00e0 Internet. Toutes ces informations sont enregistr\u00e9es dans un fichier d&#8217;activit\u00e9 du serveur d\u00fbment enregistr\u00e9 qui permet le traitement ult\u00e9rieur des donn\u00e9es afin d&#8217;obtenir des mesures purement statistiques qui permettent de conna\u00eetre le nombre d&#8217;impressions de pages, le nombre de visites effectu\u00e9es sur les serveurs web, l&#8217;ordre des visites, le point d&#8217;acc\u00e8s, etc.<\/p>\n\n\n\n<h2 class=\"wp-block-heading\">4. DROIT APPLICABLE ET JURIDICTION<\/h2>\n\n\n\n<p>Pour la r\u00e9solution de tous les litiges ou questions li\u00e9s \u00e0 ce site web ou aux activit\u00e9s qui y sont men\u00e9es, la l\u00e9gislation espagnole s&#8217;applique, \u00e0 laquelle les parties se soumettent express\u00e9ment, et les personnes suivantes seront comp\u00e9tentes pour la r\u00e9solution de tous les litiges d\u00e9coulant de son utilisation ou li\u00e9s \u00e0 celle-ci li\u00e9s \u00e0 son utilisation, les Cours et Tribunaux correspondant au domicile du propri\u00e9taire des donn\u00e9es seront comp\u00e9tents pour la r\u00e9solution de tous les litiges d\u00e9coulant de ou li\u00e9s \u00e0 son utilisation.<\/p>\n","protected":false},"excerpt":{"rendered":"<p>LIENZA INDUSTRIA TEXTIL SLU, responsable du site web, ci-apr\u00e8s RESPONSABLE, met \u00e0 la disposition des utilisateurs le pr\u00e9sent document, avec lequel elle entend respecter les obligations pr\u00e9vues par la loi 34\/2002, du 11 juillet, sur les services de la soci\u00e9t\u00e9 de l&#8217;information et du commerce \u00e9lectronique (LSSICE), BOE n\u00b0 166, ainsi qu&#8217;informer tous les utilisateurs [&hellip;]<\/p>\n","protected":false},"author":1,"featured_media":0,"parent":0,"menu_order":0,"comment_status":"closed","ping_status":"closed","template":"","meta":{"_uag_custom_page_level_css":"","site-sidebar-layout":"default","site-content-layout":"","ast-site-content-layout":"default","site-content-style":"default","site-sidebar-style":"default","ast-global-header-display":"","ast-banner-title-visibility":"","ast-main-header-display":"","ast-hfb-above-header-display":"","ast-hfb-below-header-display":"","ast-hfb-mobile-header-display":"","site-post-title":"","ast-breadcrumbs-content":"","ast-featured-img":"","footer-sml-layout":"","ast-disable-related-posts":"","theme-transparent-header-meta":"","adv-header-id-meta":"","stick-header-meta":"","header-above-stick-meta":"","header-main-stick-meta":"","header-below-stick-meta":"","astra-migrate-meta-layouts":"default","ast-page-background-enabled":"default","ast-page-background-meta":{"desktop":{"background-color":"var(--ast-global-color-4)","background-image":"","background-repeat":"repeat","background-position":"center center","background-size":"auto","background-attachment":"scroll","background-type":"","background-media":"","overlay-type":"","overlay-color":"","overlay-opacity":"","overlay-gradient":""},"tablet":{"background-color":"","background-image":"","background-repeat":"repeat","background-position":"center center","background-size":"auto","background-attachment":"scroll","background-type":"","background-media":"","overlay-type":"","overlay-color":"","overlay-opacity":"","overlay-gradient":""},"mobile":{"background-color":"","background-image":"","background-repeat":"repeat","background-position":"center center","background-size":"auto","background-attachment":"scroll","background-type":"","background-media":"","overlay-type":"","overlay-color":"","overlay-opacity":"","overlay-gradient":""}},"ast-content-background-meta":{"desktop":{"background-color":"var(--ast-global-color-5)","background-image":"","background-repeat":"repeat","background-position":"center center","background-size":"auto","background-attachment":"scroll","background-type":"","background-media":"","overlay-type":"","overlay-color":"","overlay-opacity":"","overlay-gradient":""},"tablet":{"background-color":"var(--ast-global-color-5)","background-image":"","background-repeat":"repeat","background-position":"center center","background-size":"auto","background-attachment":"scroll","background-type":"","background-media":"","overlay-type":"","overlay-color":"","overlay-opacity":"","overlay-gradient":""},"mobile":{"background-color":"var(--ast-global-color-5)","background-image":"","background-repeat":"repeat","background-position":"center center","background-size":"auto","background-attachment":"scroll","background-type":"","background-media":"","overlay-type":"","overlay-color":"","overlay-opacity":"","overlay-gradient":""}},"footnotes":""},"class_list":["post-414","page","type-page","status-publish","hentry"],"uagb_featured_image_src":{"full":false,"thumbnail":false,"medium":false,"medium_large":false,"large":false,"1536x1536":false,"2048x2048":false,"woocommerce_thumbnail":false,"woocommerce_single":false,"woocommerce_gallery_thumbnail":false,"dgwt-wcas-product-suggestion":false},"uagb_author_info":{"display_name":"admin","author_link":"https:\/\/lienza.com\/fr\/author\/jsanchez\/"},"uagb_comment_info":0,"uagb_excerpt":"LIENZA INDUSTRIA TEXTIL SLU, responsable du site web, ci-apr\u00e8s RESPONSABLE, met \u00e0 la disposition des utilisateurs le pr\u00e9sent document, avec lequel elle entend respecter les obligations pr\u00e9vues par la loi 34\/2002, du 11 juillet, sur les services de la soci\u00e9t\u00e9 de l&#8217;information et du commerce \u00e9lectronique (LSSICE), BOE n\u00b0 166, ainsi qu&#8217;informer tous les utilisateurs\u2026","_links":{"self":[{"href":"https:\/\/lienza.com\/fr\/wp-json\/wp\/v2\/pages\/414","targetHints":{"allow":["GET"]}}],"collection":[{"href":"https:\/\/lienza.com\/fr\/wp-json\/wp\/v2\/pages"}],"about":[{"href":"https:\/\/lienza.com\/fr\/wp-json\/wp\/v2\/types\/page"}],"author":[{"embeddable":true,"href":"https:\/\/lienza.com\/fr\/wp-json\/wp\/v2\/users\/1"}],"replies":[{"embeddable":true,"href":"https:\/\/lienza.com\/fr\/wp-json\/wp\/v2\/comments?post=414"}],"version-history":[{"count":1,"href":"https:\/\/lienza.com\/fr\/wp-json\/wp\/v2\/pages\/414\/revisions"}],"predecessor-version":[{"id":1668,"href":"https:\/\/lienza.com\/fr\/wp-json\/wp\/v2\/pages\/414\/revisions\/1668"}],"wp:attachment":[{"href":"https:\/\/lienza.com\/fr\/wp-json\/wp\/v2\/media?parent=414"}],"curies":[{"name":"wp","href":"https:\/\/api.w.org\/{rel}","templated":true}]}}