{"id":1636,"date":"2023-04-21T18:12:27","date_gmt":"2023-04-21T18:12:27","guid":{"rendered":"https:\/\/lienza.com\/fr\/?page_id=1636"},"modified":"2023-04-24T14:16:54","modified_gmt":"2023-04-24T14:16:54","slug":"remises-lienza","status":"publish","type":"page","link":"https:\/\/lienza.com\/fr\/remises-lienza\/","title":{"rendered":"Remises Lienza"},"content":{"rendered":"\n<div class=\"wp-block-uagb-advanced-heading uagb-block-377033b9\"><h1 class=\"uagb-heading-text\">Remises Lienza<\/h1><\/div>\n\n\n\n<hr class=\"wp-block-separator has-alpha-channel-opacity is-style-wide\"\/>\n\n\n\n<p class=\"has-text-align-center\">Chez Lienza, vous <strong>ne verrez pas d&#8217;offres saisonni\u00e8res pendant les p\u00e9riodes de soldes<\/strong>, mais nous nous sommes engag\u00e9s \u00e0 avoir des<strong> prix responsables en ad\u00e9quation avec la qualit\u00e9<\/strong> propos\u00e9e tout au long de l&#8217;ann\u00e9e. En compensation, nous proposons deux m\u00e9thodes pour recevoir une remise sur votre achat en l&#8217;\u00e9changeant contre ce qui est <strong>le plus important pour nous, votre opinion et votre satisfaction<\/strong>.<\/p>\n\n\n\n<div class=\"wp-block-uagb-tabs uagb-block-85280f5f uagb-tabs__wrap uagb-tabs__hstyle1-desktop uagb-tabs__vstyle6-tablet uagb-tabs__stack1-mobile\" data-tab-active=\"0\"><ul class=\"uagb-tabs__panel uagb-tabs__align-left\" role=\"tablist\"><li class=\"uagb-tab uagb-tabs__active\" role=\"none\"><a href=\"#uagb-tabs__tab0\" class=\"uagb-tabs-list uagb-tabs__icon-position-left\" data-tab=\"0\" role=\"tab\">Coupon 5% de r\u00e9duction<\/a><\/li><li class=\"uagb-tab \" role=\"none\"><a href=\"#uagb-tabs__tab1\" class=\"uagb-tabs-list uagb-tabs__icon-position-left\" data-tab=\"1\" role=\"tab\">Coupon 10% de r\u00e9duction<\/a><\/li><\/ul><div class=\"uagb-tabs__body-wrap\">\n<div class=\"wp-block-uagb-tabs-child uagb-tabs__body-container uagb-inner-tab-0\" aria-labelledby=\"uagb-tabs__tab0\">\n<div class=\"wp-block-uagb-advanced-heading uagb-block-4938c3df\"><h2 class=\"uagb-heading-text\">Coupon 5% de r\u00e9duction sur des produits sp\u00e9cifiques<\/h2><\/div>\n\n\n\n<div class=\"wp-block-columns is-layout-flex wp-container-core-columns-is-layout-28f84493 wp-block-columns-is-layout-flex\">\n<div class=\"wp-block-column is-layout-flow wp-block-column-is-layout-flow\" style=\"flex-basis:33.33%\">\n<div class=\"wp-block-uagb-image aligncenter uagb-block-1811af70 wp-block-uagb-image--layout-default wp-block-uagb-image--effect-static wp-block-uagb-image--align-center\"><figure class=\"wp-block-uagb-image__figure\"><img decoding=\"async\" srcset=\"https:\/\/lienza.com\/es\/wp-content\/uploads\/sites\/6\/2022\/11\/Logo-Lienza.webp \" src=\"https:\/\/lienza.com\/es\/wp-content\/uploads\/sites\/6\/2022\/11\/Logo-Lienza.webp\" alt=\"\" class=\"uag-image-274\" width=\"\" height=\"\" title=\"\" loading=\"lazy\"><\/figure><\/div>\n\n\n\n<p class=\"has-text-align-center\">Compl\u00e9tez ces 4 questions et vous obtiendrez un code de r\u00e9duction de<strong> 5% pour toutes nos toges<\/strong>.<\/p>\n\n\n\n<p class=\"has-text-align-center\">Chez Lienza, nous nous effor\u00e7ons de conna\u00eetre nos clients et de nous am\u00e9liorer continuellement gr\u00e2ce \u00e0 leurs avis et conseils.<\/p>\n\n\n\n<p class=\"has-text-align-center\">Merci pour votre aide!<\/p>\n<\/div>\n\n\n\n<div class=\"wp-block-column is-layout-flow wp-block-column-is-layout-flow\" style=\"flex-basis:66.66%\">\n<div class=\"wpcf7 no-js\" id=\"wpcf7-f1584-o1\" lang=\"fr-FR\" dir=\"ltr\" data-wpcf7-id=\"1584\">\n<div class=\"screen-reader-response\"><p role=\"status\" aria-live=\"polite\" aria-atomic=\"true\"><\/p> <ul><\/ul><\/div>\n<form action=\"\/fr\/wp-json\/wp\/v2\/pages\/1636#wpcf7-f1584-o1\" method=\"post\" class=\"wpcf7-form init\" aria-label=\"Formulaire de contact\" novalidate=\"novalidate\" data-status=\"init\">\n<fieldset class=\"hidden-fields-container\"><input type=\"hidden\" name=\"_wpcf7\" value=\"1584\" \/><input type=\"hidden\" name=\"_wpcf7_version\" value=\"6.1.5\" \/><input type=\"hidden\" name=\"_wpcf7_locale\" value=\"fr_FR\" \/><input type=\"hidden\" name=\"_wpcf7_unit_tag\" value=\"wpcf7-f1584-o1\" \/><input type=\"hidden\" name=\"_wpcf7_container_post\" value=\"0\" \/><input type=\"hidden\" name=\"_wpcf7_posted_data_hash\" value=\"\" \/><input type=\"hidden\" name=\"_wpcf7_recaptcha_response\" value=\"\" \/>\n<\/fieldset>\n<p><label> Comment nous avez-vous rencontr\u00e9s ?* <\/label><br \/>\n<span class=\"wpcf7-form-control-wrap\" data-name=\"conocer\"><span class=\"wpcf7-form-control wpcf7-radio\"><span class=\"wpcf7-list-item first\"><label><input type=\"radio\" name=\"conocer\" value=\"l&#039;Internet\" checked=\"checked\" \/><span class=\"wpcf7-list-item-label\">l&#039;Internet<\/span><\/label><\/span><span class=\"wpcf7-list-item\"><label><input type=\"radio\" name=\"conocer\" value=\"Recommandations\" \/><span class=\"wpcf7-list-item-label\">Recommandations<\/span><\/label><\/span><span class=\"wpcf7-list-item last\"><label><input type=\"radio\" name=\"conocer\" value=\"Autre\" \/><span class=\"wpcf7-list-item-label\">Autre<\/span><\/label><\/span><\/span><\/span>\n<\/p>\n<p><label> Quels avantages vous ont d\u00e9cid\u00e9 pour Lienza ?*<\/label><br \/>\n<span class=\"wpcf7-form-control-wrap\" data-name=\"ventajas\"><span class=\"wpcf7-form-control wpcf7-checkbox wpcf7-validates-as-required\"><span class=\"wpcf7-list-item first\"><label><input type=\"checkbox\" name=\"ventajas[]\" value=\"Qualit\u00e9 de la marque\" \/><span class=\"wpcf7-list-item-label\">Qualit\u00e9 de la marque<\/span><\/label><\/span><span class=\"wpcf7-list-item\"><label><input type=\"checkbox\" name=\"ventajas[]\" value=\"Les meilleurs prix du secteur\" \/><span class=\"wpcf7-list-item-label\">Les meilleurs prix du secteur<\/span><\/label><\/span><span class=\"wpcf7-list-item\"><label><input type=\"checkbox\" name=\"ventajas[]\" value=\"Livraison rapide et service de retour\/\u00e9change gratuit\" \/><span class=\"wpcf7-list-item-label\">Livraison rapide et service de retour\/\u00e9change gratuit<\/span><\/label><\/span><span class=\"wpcf7-list-item\"><label><input type=\"checkbox\" name=\"ventajas[]\" value=\"Facilit\u00e9 du processus d&#039;achat\" \/><span class=\"wpcf7-list-item-label\">Facilit\u00e9 du processus d&#039;achat<\/span><\/label><\/span><span class=\"wpcf7-list-item\"><label><input type=\"checkbox\" name=\"ventajas[]\" value=\"Principes environnementaux\" \/><span class=\"wpcf7-list-item-label\">Principes environnementaux<\/span><\/label><\/span><span class=\"wpcf7-list-item\"><label><input type=\"checkbox\" name=\"ventajas[]\" value=\"Recommandations\" \/><span class=\"wpcf7-list-item-label\">Recommandations<\/span><\/label><\/span><span class=\"wpcf7-list-item last\"><label><input type=\"checkbox\" name=\"ventajas[]\" value=\"Avis en ligne\" \/><span class=\"wpcf7-list-item-label\">Avis en ligne<\/span><\/label><\/span><\/span><\/span>\n<\/p>\n<p><label> Quelles caract\u00e9ristiques appr\u00e9ciez-vous le plus dans les produits que vous souhaitez acheter\u00a0?*<br \/>\n<span class=\"wpcf7-form-control-wrap\" data-name=\"caracteristicas\"><input size=\"40\" maxlength=\"400\" class=\"wpcf7-form-control wpcf7-text wpcf7-validates-as-required\" aria-required=\"true\" aria-invalid=\"false\" value=\"\" type=\"text\" name=\"caracteristicas\" \/><\/span> <\/label>\n<\/p>\n<p><label> Comment pouvons nous nous am\u00e9liorer?*<br \/>\n<span class=\"wpcf7-form-control-wrap\" data-name=\"mejora\"><input size=\"40\" maxlength=\"400\" class=\"wpcf7-form-control wpcf7-text wpcf7-validates-as-required\" aria-required=\"true\" aria-invalid=\"false\" value=\"\" type=\"text\" name=\"mejora\" \/><\/span> <\/label>\n<\/p>\n<p><label> Email o\u00f9 vous recevrez la remise*<br \/>\n<span class=\"wpcf7-form-control-wrap\" data-name=\"email\"><input size=\"40\" maxlength=\"400\" class=\"wpcf7-form-control wpcf7-email wpcf7-validates-as-required wpcf7-text wpcf7-validates-as-email\" aria-required=\"true\" aria-invalid=\"false\" value=\"\" type=\"email\" name=\"email\" \/><\/span> <\/label>\n<\/p>\n<p><input class=\"wpcf7-form-control wpcf7-submit has-spinner\" type=\"submit\" value=\"Soumettre\" \/>\n<\/p><input type='hidden' class='wpcf7-pum' value='{\"closepopup\":false,\"closedelay\":0,\"openpopup\":false,\"openpopup_id\":0}' \/><div class=\"wpcf7-response-output\" aria-hidden=\"true\"><\/div>\n<\/form>\n<\/div>\n\n<\/div>\n<\/div>\n<\/div>\n\n\n\n<div class=\"wp-block-uagb-tabs-child uagb-tabs__body-container uagb-inner-tab-1\" aria-labelledby=\"uagb-tabs__tab1\">\n<div class=\"wp-block-uagb-advanced-heading uagb-block-53f8c928\"><h2 class=\"uagb-heading-text\">Coupon 10% de r\u00e9duction sur des produits sp\u00e9cifiques<\/h2><\/div>\n\n\n\n<div class=\"wp-block-columns is-layout-flex wp-container-core-columns-is-layout-28f84493 wp-block-columns-is-layout-flex\">\n<div class=\"wp-block-column is-layout-flow wp-block-column-is-layout-flow\" style=\"flex-basis:33.33%\">\n<div class=\"wp-block-uagb-image aligncenter uagb-block-754c50af wp-block-uagb-image--layout-default wp-block-uagb-image--effect-static wp-block-uagb-image--align-center\"><figure class=\"wp-block-uagb-image__figure\"><img decoding=\"async\" src=\"https:\/\/lienza.com\/es\/wp-content\/uploads\/sites\/6\/2022\/11\/Logo-Lienza.webp\" alt=\"\" width=\"\" height=\"\" title=\"\" loading=\"lazy\"><\/figure><\/div>\n\n\n\n<p class=\"has-text-align-center\">Laissez-nous un avis sur Google et vous obtiendrez un code de r\u00e9duction de <strong>10% pour toutes nos robes<\/strong>.<\/p>\n\n\n\n<p class=\"has-text-align-center\">Chez Lienza, nous nous effor\u00e7ons de conna\u00eetre nos clients et de nous am\u00e9liorer continuellement gr\u00e2ce \u00e0 leurs avis et conseils.<\/p>\n\n\n\n<p class=\"has-text-align-center\">Merci pour votre aide!<\/p>\n<\/div>\n\n\n\n<div class=\"wp-block-column is-layout-flow wp-block-column-is-layout-flow\">\n<p>Cette r\u00e9duction est r\u00e9serv\u00e9e uniquement aux clients qui ont d\u00e9j\u00e0 achet\u00e9 un produit de notre magasin auparavant.<\/p>\n\n\n\n<p>\u00c9tapes pour recevoir le coupon de r\u00e9duction de 10&nbsp;%&nbsp;:<\/p>\n\n\n\n<ol class=\"wp-block-list\">\n<li><a href=\"https:\/\/g.page\/r\/CSePdk2S8edoEB0\/review\" target=\"_blank\" rel=\"noreferrer noopener nofollow\">Veuillez laisser un commentaire sur votre exp\u00e9rience pass\u00e9e sur Google en cliquant ici.<\/a><\/li>\n\n\n\n<li>Envoyer un courriel \u00e0 <a href=\"mailto:clientes@lienza.com\" target=\"_blank\" rel=\"noreferrer noopener\">clientes@lienza.com<\/a> avec le sujet &#8220;R\u00c9DUCTION 10&nbsp;%&#8221; et une capture d&#8217;\u00e9cran de l&#8217;\u00e9valuation du m\u00eame e-mail avec lequel elle a \u00e9t\u00e9 faite.<\/li>\n\n\n\n<li>Attendez entre 24\/48 heures pour confirmation.<\/li>\n\n\n\n<li>Vous recevrez un e-mail avec la remise.<\/li>\n<\/ol>\n<\/div>\n<\/div>\n<\/div>\n<\/div><\/div>\n","protected":false},"excerpt":{"rendered":"<p>Remises Lienza Chez Lienza, vous ne verrez pas d&#8217;offres saisonni\u00e8res pendant les p\u00e9riodes de soldes, mais nous nous sommes engag\u00e9s \u00e0 avoir des prix responsables en ad\u00e9quation avec la qualit\u00e9 propos\u00e9e tout au long de l&#8217;ann\u00e9e. En compensation, nous proposons deux m\u00e9thodes pour recevoir une remise sur votre achat en l&#8217;\u00e9changeant contre ce qui est [&hellip;]<\/p>\n","protected":false},"author":1,"featured_media":0,"parent":0,"menu_order":0,"comment_status":"closed","ping_status":"closed","template":"","meta":{"_uag_custom_page_level_css":"","site-sidebar-layout":"default","site-content-layout":"","ast-site-content-layout":"default","site-content-style":"default","site-sidebar-style":"default","ast-global-header-display":"","ast-banner-title-visibility":"","ast-main-header-display":"","ast-hfb-above-header-display":"","ast-hfb-below-header-display":"","ast-hfb-mobile-header-display":"","site-post-title":"","ast-breadcrumbs-content":"","ast-featured-img":"","footer-sml-layout":"","ast-disable-related-posts":"","theme-transparent-header-meta":"","adv-header-id-meta":"","stick-header-meta":"","header-above-stick-meta":"","header-main-stick-meta":"","header-below-stick-meta":"","astra-migrate-meta-layouts":"default","ast-page-background-enabled":"default","ast-page-background-meta":{"desktop":{"background-color":"var(--ast-global-color-4)","background-image":"","background-repeat":"repeat","background-position":"center center","background-size":"auto","background-attachment":"scroll","background-type":"","background-media":"","overlay-type":"","overlay-color":"","overlay-opacity":"","overlay-gradient":""},"tablet":{"background-color":"","background-image":"","background-repeat":"repeat","background-position":"center center","background-size":"auto","background-attachment":"scroll","background-type":"","background-media":"","overlay-type":"","overlay-color":"","overlay-opacity":"","overlay-gradient":""},"mobile":{"background-color":"","background-image":"","background-repeat":"repeat","background-position":"center center","background-size":"auto","background-attachment":"scroll","background-type":"","background-media":"","overlay-type":"","overlay-color":"","overlay-opacity":"","overlay-gradient":""}},"ast-content-background-meta":{"desktop":{"background-color":"var(--ast-global-color-5)","background-image":"","background-repeat":"repeat","background-position":"center center","background-size":"auto","background-attachment":"scroll","background-type":"","background-media":"","overlay-type":"","overlay-color":"","overlay-opacity":"","overlay-gradient":""},"tablet":{"background-color":"var(--ast-global-color-5)","background-image":"","background-repeat":"repeat","background-position":"center center","background-size":"auto","background-attachment":"scroll","background-type":"","background-media":"","overlay-type":"","overlay-color":"","overlay-opacity":"","overlay-gradient":""},"mobile":{"background-color":"var(--ast-global-color-5)","background-image":"","background-repeat":"repeat","background-position":"center center","background-size":"auto","background-attachment":"scroll","background-type":"","background-media":"","overlay-type":"","overlay-color":"","overlay-opacity":"","overlay-gradient":""}},"footnotes":""},"class_list":["post-1636","page","type-page","status-publish","hentry"],"uagb_featured_image_src":{"full":false,"thumbnail":false,"medium":false,"medium_large":false,"large":false,"1536x1536":false,"2048x2048":false,"woocommerce_thumbnail":false,"woocommerce_single":false,"woocommerce_gallery_thumbnail":false,"dgwt-wcas-product-suggestion":false},"uagb_author_info":{"display_name":"admin","author_link":"https:\/\/lienza.com\/fr\/author\/jsanchez\/"},"uagb_comment_info":0,"uagb_excerpt":"Remises Lienza Chez Lienza, vous ne verrez pas d&#8217;offres saisonni\u00e8res pendant les p\u00e9riodes de soldes, mais nous nous sommes engag\u00e9s \u00e0 avoir des prix responsables en ad\u00e9quation avec la qualit\u00e9 propos\u00e9e tout au long de l&#8217;ann\u00e9e. En compensation, nous proposons deux m\u00e9thodes pour recevoir une remise sur votre achat en l&#8217;\u00e9changeant contre ce qui est\u2026","_links":{"self":[{"href":"https:\/\/lienza.com\/fr\/wp-json\/wp\/v2\/pages\/1636","targetHints":{"allow":["GET"]}}],"collection":[{"href":"https:\/\/lienza.com\/fr\/wp-json\/wp\/v2\/pages"}],"about":[{"href":"https:\/\/lienza.com\/fr\/wp-json\/wp\/v2\/types\/page"}],"author":[{"embeddable":true,"href":"https:\/\/lienza.com\/fr\/wp-json\/wp\/v2\/users\/1"}],"replies":[{"embeddable":true,"href":"https:\/\/lienza.com\/fr\/wp-json\/wp\/v2\/comments?post=1636"}],"version-history":[{"count":2,"href":"https:\/\/lienza.com\/fr\/wp-json\/wp\/v2\/pages\/1636\/revisions"}],"predecessor-version":[{"id":1659,"href":"https:\/\/lienza.com\/fr\/wp-json\/wp\/v2\/pages\/1636\/revisions\/1659"}],"wp:attachment":[{"href":"https:\/\/lienza.com\/fr\/wp-json\/wp\/v2\/media?parent=1636"}],"curies":[{"name":"wp","href":"https:\/\/api.w.org\/{rel}","templated":true}]}}