{"id":1188,"date":"2022-12-09T11:07:17","date_gmt":"2022-12-09T11:07:17","guid":{"rendered":"https:\/\/lienza.com\/fr\/?page_id=1188"},"modified":"2023-01-29T19:55:13","modified_gmt":"2023-01-29T19:55:13","slug":"formulaire-echange-retour","status":"publish","type":"page","link":"https:\/\/lienza.com\/fr\/formulaire-echange-retour\/","title":{"rendered":"Formulaire d&#8217;\u00e9change\/de retour"},"content":{"rendered":"\n<div class=\"wp-block-uagb-tabs uagb-block-08fba44a uagb-tabs__wrap uagb-tabs__hstyle3-desktop uagb-tabs__vstyle6-tablet uagb-tabs__stack1-mobile\" data-tab-active=\"0\"><ul class=\"uagb-tabs__panel uagb-tabs__align-left\" role=\"tablist\"><li class=\"uagb-tab uagb-tabs__active\" role=\"none\"><a href=\"#uagb-tabs__tab0\" class=\"uagb-tabs-list uagb-tabs__icon-position-left\" data-tab=\"0\" role=\"tab\"><span class=\"uagb-tabs__icon\"><\/span>Formulaire de changement de taille<\/a><\/li><li class=\"uagb-tab \" role=\"none\"><a href=\"#uagb-tabs__tab1\" class=\"uagb-tabs-list uagb-tabs__icon-position-left\" data-tab=\"1\" role=\"tab\"><span class=\"uagb-tabs__icon\"><\/span>Formulaire de retour<\/a><\/li><\/ul><div class=\"uagb-tabs__body-wrap\">\n<div class=\"wp-block-uagb-tabs-child uagb-tabs__body-container uagb-inner-tab-0\" aria-labelledby=\"uagb-tabs__tab0\">\n<div class=\"wp-block-uagb-advanced-heading uagb-block-c6eaf667\"><h2 class=\"uagb-heading-text\">Formulaire de changement de taille<\/h2><\/div>\n\n\n\n<div class=\"wpcf7 no-js\" id=\"wpcf7-f1187-o1\" lang=\"es-ES\" dir=\"ltr\" data-wpcf7-id=\"1187\">\n<div class=\"screen-reader-response\"><p role=\"status\" aria-live=\"polite\" aria-atomic=\"true\"><\/p> <ul><\/ul><\/div>\n<form action=\"\/fr\/wp-json\/wp\/v2\/pages\/1188#wpcf7-f1187-o1\" method=\"post\" class=\"wpcf7-form init\" aria-label=\"Formulario de contacto\" novalidate=\"novalidate\" data-status=\"init\">\n<fieldset class=\"hidden-fields-container\"><input type=\"hidden\" name=\"_wpcf7\" value=\"1187\" \/><input type=\"hidden\" name=\"_wpcf7_version\" value=\"6.1.5\" \/><input type=\"hidden\" name=\"_wpcf7_locale\" value=\"es_ES\" \/><input type=\"hidden\" name=\"_wpcf7_unit_tag\" value=\"wpcf7-f1187-o1\" \/><input type=\"hidden\" name=\"_wpcf7_container_post\" value=\"0\" \/><input type=\"hidden\" name=\"_wpcf7_posted_data_hash\" value=\"\" \/><input type=\"hidden\" name=\"_wpcf7_recaptcha_response\" value=\"\" \/>\n<\/fieldset>\n<p><label> Pr\u00e9nom et nom*<br \/>\n<span class=\"wpcf7-form-control-wrap\" data-name=\"nombre-apellidos\"><input size=\"40\" maxlength=\"400\" class=\"wpcf7-form-control wpcf7-text wpcf7-validates-as-required\" aria-required=\"true\" aria-invalid=\"false\" value=\"\" type=\"text\" name=\"nombre-apellidos\" \/><\/span> <\/label>\n<\/p>\n<p><label> NIF\/NIE\/CIF*<br \/>\n<span class=\"wpcf7-form-control-wrap\" data-name=\"nif-nie-cif\"><input size=\"40\" maxlength=\"400\" class=\"wpcf7-form-control wpcf7-text wpcf7-validates-as-required\" aria-required=\"true\" aria-invalid=\"false\" value=\"\" type=\"text\" name=\"nif-nie-cif\" \/><\/span> <\/label>\n<\/p>\n<p><label> E-mail<br \/>\n<span class=\"wpcf7-form-control-wrap\" data-name=\"email\"><input size=\"40\" maxlength=\"400\" class=\"wpcf7-form-control wpcf7-email wpcf7-validates-as-required wpcf7-text wpcf7-validates-as-email\" aria-required=\"true\" aria-invalid=\"false\" value=\"\" type=\"email\" name=\"email\" \/><\/span> <\/label>\n<\/p>\n<p><label> Num\u00e9ro de t\u00e9l\u00e9phone*<br \/>\n<span class=\"wpcf7-form-control-wrap\" data-name=\"telefono\"><input size=\"40\" maxlength=\"400\" class=\"wpcf7-form-control wpcf7-tel wpcf7-validates-as-required wpcf7-text wpcf7-validates-as-tel\" aria-required=\"true\" aria-invalid=\"false\" value=\"\" type=\"tel\" name=\"telefono\" \/><\/span> <\/label>\n<\/p>\n<p><label> N\u00ba de commande*<br \/>\n<span class=\"wpcf7-form-control-wrap\" data-name=\"numero-pedido\"><input class=\"wpcf7-form-control wpcf7-number wpcf7-validates-as-required wpcf7-validates-as-number\" aria-required=\"true\" aria-invalid=\"false\" value=\"\" type=\"number\" name=\"numero-pedido\" \/><\/span> <\/label>\n<\/p>\n<p><label> Produit \u00e0 changer et taille correspondante*<br \/>\n<span class=\"wpcf7-form-control-wrap\" data-name=\"producto-a-cambiar\"><input size=\"40\" maxlength=\"400\" class=\"wpcf7-form-control wpcf7-text wpcf7-validates-as-required\" aria-required=\"true\" aria-invalid=\"false\" value=\"\" type=\"text\" name=\"producto-a-cambiar\" \/><\/span> <\/label>\n<\/p>\n<p><label> Nouvelle taille souhait\u00e9e*<br \/>\n<span class=\"wpcf7-form-control-wrap\" data-name=\"nueva-talla-deseada\"><input size=\"40\" maxlength=\"400\" class=\"wpcf7-form-control wpcf7-text wpcf7-validates-as-required\" aria-required=\"true\" aria-invalid=\"false\" value=\"\" type=\"text\" name=\"nueva-talla-deseada\" \/><\/span> <\/label>\n<\/p>\n<p><label> Lieu de collecte du produit (Rue, Code Postal, Province)*<br \/>\n<span class=\"wpcf7-form-control-wrap\" data-name=\"direccion-recogida\"><input size=\"40\" maxlength=\"400\" class=\"wpcf7-form-control wpcf7-text wpcf7-validates-as-required\" aria-required=\"true\" aria-invalid=\"false\" value=\"\" type=\"text\" name=\"direccion-recogida\" \/><\/span> <\/label>\n<\/p>\n<p><label> Jour pr\u00e9f\u00e9r\u00e9 de collecte du produit*<br \/>\n<span class=\"wpcf7-form-control-wrap\" data-name=\"fecha-recogida\"><input class=\"wpcf7-form-control wpcf7-date wpcf7-validates-as-required wpcf7-validates-as-date\" aria-required=\"true\" aria-invalid=\"false\" value=\"\" type=\"date\" name=\"fecha-recogida\" \/><\/span> <\/label>\n<\/p>\n<p><label> Heure pr\u00e9f\u00e9r\u00e9e de collecte des produits*<br \/>\n<span class=\"wpcf7-form-control-wrap\" data-name=\"horario-recogida\"><select class=\"wpcf7-form-control wpcf7-select wpcf7-validates-as-required\" aria-required=\"true\" aria-invalid=\"false\" name=\"horario-recogida\"><option value=\"Ma\u00f1ana\">Ma\u00f1ana<\/option><option value=\"Tarde\">Tarde<\/option><\/select><\/span> <\/label>\n<\/p>\n<p><label> Commentaires additionnels<br \/>\n<span class=\"wpcf7-form-control-wrap\" data-name=\"comentarios-adicionales\"><textarea cols=\"40\" rows=\"10\" maxlength=\"2000\" class=\"wpcf7-form-control wpcf7-textarea\" aria-invalid=\"false\" name=\"comentarios-adicionales\"><\/textarea><\/span> <\/label>\n<\/p>\n<p><b>Nous vous informons que vous n'avez qu'un seul changement\/retour de taille par commande. Les produits personnalis\u00e9s ne sont pas sujets \u00e0 des modifications ou \u00e0 des retours. V\u00e9rifiez les informations avant de les soumettre. Nous vous r\u00e9pondrons en indiquant la date et l'heure de retrait de la commande.<\/b>\n<\/p>\n<p><input class=\"wpcf7-form-control wpcf7-submit has-spinner\" type=\"submit\" value=\"Soumettre\" \/>\n<\/p><input type='hidden' class='wpcf7-pum' value='{\"closepopup\":false,\"closedelay\":0,\"openpopup\":false,\"openpopup_id\":0}' \/><div class=\"wpcf7-response-output\" aria-hidden=\"true\"><\/div>\n<\/form>\n<\/div>\n\n<\/div>\n\n\n\n<div class=\"wp-block-uagb-tabs-child uagb-tabs__body-container uagb-inner-tab-1\" aria-labelledby=\"uagb-tabs__tab1\">\n<div class=\"wp-block-uagb-advanced-heading uagb-block-4b41d6da\"><h2 class=\"uagb-heading-text\">Formulaire de retour<\/h2><\/div>\n\n\n\n<div class=\"wpcf7 no-js\" id=\"wpcf7-f1242-o2\" lang=\"es-ES\" dir=\"ltr\" data-wpcf7-id=\"1242\">\n<div class=\"screen-reader-response\"><p role=\"status\" aria-live=\"polite\" aria-atomic=\"true\"><\/p> <ul><\/ul><\/div>\n<form action=\"\/fr\/wp-json\/wp\/v2\/pages\/1188#wpcf7-f1242-o2\" method=\"post\" class=\"wpcf7-form init\" aria-label=\"Formulario de contacto\" novalidate=\"novalidate\" data-status=\"init\">\n<fieldset class=\"hidden-fields-container\"><input type=\"hidden\" name=\"_wpcf7\" value=\"1242\" \/><input type=\"hidden\" name=\"_wpcf7_version\" value=\"6.1.5\" \/><input type=\"hidden\" name=\"_wpcf7_locale\" value=\"es_ES\" \/><input type=\"hidden\" name=\"_wpcf7_unit_tag\" value=\"wpcf7-f1242-o2\" \/><input type=\"hidden\" name=\"_wpcf7_container_post\" value=\"0\" \/><input type=\"hidden\" name=\"_wpcf7_posted_data_hash\" value=\"\" \/><input type=\"hidden\" name=\"_wpcf7_recaptcha_response\" value=\"\" \/>\n<\/fieldset>\n<p><label> Pr\u00e9nom et noms*<br \/>\n<span class=\"wpcf7-form-control-wrap\" data-name=\"nombre-apellidos\"><input size=\"40\" maxlength=\"400\" class=\"wpcf7-form-control wpcf7-text wpcf7-validates-as-required\" aria-required=\"true\" aria-invalid=\"false\" value=\"\" type=\"text\" name=\"nombre-apellidos\" \/><\/span> <\/label>\n<\/p>\n<p><label> NIF\/NIE\/CIF*<br \/>\n<span class=\"wpcf7-form-control-wrap\" data-name=\"nif-nie-cif\"><input size=\"40\" maxlength=\"400\" class=\"wpcf7-form-control wpcf7-text wpcf7-validates-as-required\" aria-required=\"true\" aria-invalid=\"false\" value=\"\" type=\"text\" name=\"nif-nie-cif\" \/><\/span> <\/label>\n<\/p>\n<p><label> E-mail<br \/>\n<span class=\"wpcf7-form-control-wrap\" data-name=\"email\"><input size=\"40\" maxlength=\"400\" class=\"wpcf7-form-control wpcf7-email wpcf7-validates-as-required wpcf7-text wpcf7-validates-as-email\" aria-required=\"true\" aria-invalid=\"false\" value=\"\" type=\"email\" name=\"email\" \/><\/span> <\/label>\n<\/p>\n<p><label> Num\u00e9ro de t\u00e9l\u00e9phone*<br \/>\n<span class=\"wpcf7-form-control-wrap\" data-name=\"telefono\"><input size=\"40\" maxlength=\"400\" class=\"wpcf7-form-control wpcf7-tel wpcf7-validates-as-required wpcf7-text wpcf7-validates-as-tel\" aria-required=\"true\" aria-invalid=\"false\" value=\"\" type=\"tel\" name=\"telefono\" \/><\/span> <\/label>\n<\/p>\n<p><label> N\u00ba de commande*<br \/>\n<span class=\"wpcf7-form-control-wrap\" data-name=\"numero-pedido\"><input class=\"wpcf7-form-control wpcf7-number wpcf7-validates-as-required wpcf7-validates-as-number\" aria-required=\"true\" aria-invalid=\"false\" value=\"\" type=\"number\" name=\"numero-pedido\" \/><\/span> <\/label>\n<\/p>\n<p><label> Produits \u00e0 retourner*<br \/>\n<span class=\"wpcf7-form-control-wrap\" data-name=\"producto-a-cambiar\"><input size=\"40\" maxlength=\"400\" class=\"wpcf7-form-control wpcf7-text wpcf7-validates-as-required\" aria-required=\"true\" aria-invalid=\"false\" value=\"\" type=\"text\" name=\"producto-a-cambiar\" \/><\/span> <\/label>\n<\/p>\n<p><label> Lieu de collecte du produit (Rue, Code Postal, Province)*<br \/>\n<span class=\"wpcf7-form-control-wrap\" data-name=\"direccion-recogida\"><input size=\"40\" maxlength=\"400\" class=\"wpcf7-form-control wpcf7-text wpcf7-validates-as-required\" aria-required=\"true\" aria-invalid=\"false\" value=\"\" type=\"text\" name=\"direccion-recogida\" \/><\/span> <\/label>\n<\/p>\n<p><label> Jour pr\u00e9f\u00e9r\u00e9 de collecte du produit*<br \/>\n<span class=\"wpcf7-form-control-wrap\" data-name=\"fecha-recogida\"><input class=\"wpcf7-form-control wpcf7-date wpcf7-validates-as-required wpcf7-validates-as-date\" aria-required=\"true\" aria-invalid=\"false\" value=\"\" type=\"date\" name=\"fecha-recogida\" \/><\/span> <\/label>\n<\/p>\n<p><label> Heure pr\u00e9f\u00e9r\u00e9e de collecte des produits*<br \/>\n<span class=\"wpcf7-form-control-wrap\" data-name=\"horario-recogida\"><select class=\"wpcf7-form-control wpcf7-select wpcf7-validates-as-required\" aria-required=\"true\" aria-invalid=\"false\" name=\"horario-recogida\"><option value=\"Ma\u00f1ana\">Ma\u00f1ana<\/option><option value=\"Tarde\">Tarde<\/option><\/select><\/span> <\/label>\n<\/p>\n<p><label> Comment pouvons nous nous am\u00e9liorer? Dites-nous la raison du retour et comment nous pouvons nous am\u00e9liorer pour vous offrir un meilleur service.<br \/>\n<span class=\"wpcf7-form-control-wrap\" data-name=\"motivos-devolucion\"><textarea cols=\"40\" rows=\"10\" maxlength=\"2000\" class=\"wpcf7-form-control wpcf7-textarea\" aria-invalid=\"false\" name=\"motivos-devolucion\"><\/textarea><\/span> <\/label>\n<\/p>\n<p><label> Commentaires additionnels<br \/>\n<span class=\"wpcf7-form-control-wrap\" data-name=\"comentarios-adicionales\"><textarea cols=\"40\" rows=\"10\" maxlength=\"2000\" class=\"wpcf7-form-control wpcf7-textarea\" aria-invalid=\"false\" name=\"comentarios-adicionales\"><\/textarea><\/span> <\/label>\n<\/p>\n<p><b>Nous vous informons que vous n'avez qu'un seul changement\/retour de taille par commande. Les produits personnalis\u00e9s ne sont pas sujets \u00e0 des modifications ou \u00e0 des retours. V\u00e9rifiez les informations avant de les soumettre. Nous vous r\u00e9pondrons en indiquant la date et l'heure de retrait de la commande.<\/b>\n<\/p>\n<p><input class=\"wpcf7-form-control wpcf7-submit has-spinner\" type=\"submit\" value=\"Soumettre\" \/>\n<\/p><input type='hidden' class='wpcf7-pum' value='{\"closepopup\":false,\"closedelay\":0,\"openpopup\":false,\"openpopup_id\":0}' \/><div class=\"wpcf7-response-output\" aria-hidden=\"true\"><\/div>\n<\/form>\n<\/div>\n\n<\/div>\n\n\n\n<div class=\"wp-block-uagb-tabs-child uagb-tabs__body-container uagb-inner-tab-2\" aria-labelledby=\"uagb-tabs__tab2\">\n<p>Lorem ipsum dolor sit amet, consectetur adipiscing elit. Ut elit tellus, luctus nec ullamcorper mattis, pulvinar dapibus leo.<\/p>\n<\/div>\n\n\n\n<div class=\"wp-block-uagb-tabs-child uagb-tabs__body-container uagb-inner-tab-3\" aria-labelledby=\"uagb-tabs__tab3\">\n<p>Lorem ipsum dolor sit amet, consectetur adipiscing elit. Ut elit tellus, luctus nec ullamcorper mattis, pulvinar dapibus leo.<\/p>\n<\/div>\n<\/div><\/div>\n","protected":false},"excerpt":{"rendered":"","protected":false},"author":1,"featured_media":0,"parent":0,"menu_order":0,"comment_status":"closed","ping_status":"closed","template":"","meta":{"_uag_custom_page_level_css":"","site-sidebar-layout":"default","site-content-layout":"","ast-site-content-layout":"default","site-content-style":"default","site-sidebar-style":"default","ast-global-header-display":"","ast-banner-title-visibility":"","ast-main-header-display":"","ast-hfb-above-header-display":"","ast-hfb-below-header-display":"","ast-hfb-mobile-header-display":"","site-post-title":"","ast-breadcrumbs-content":"","ast-featured-img":"","footer-sml-layout":"","ast-disable-related-posts":"","theme-transparent-header-meta":"","adv-header-id-meta":"","stick-header-meta":"","header-above-stick-meta":"","header-main-stick-meta":"","header-below-stick-meta":"","astra-migrate-meta-layouts":"default","ast-page-background-enabled":"default","ast-page-background-meta":{"desktop":{"background-color":"var(--ast-global-color-4)","background-image":"","background-repeat":"repeat","background-position":"center center","background-size":"auto","background-attachment":"scroll","background-type":"","background-media":"","overlay-type":"","overlay-color":"","overlay-opacity":"","overlay-gradient":""},"tablet":{"background-color":"","background-image":"","background-repeat":"repeat","background-position":"center center","background-size":"auto","background-attachment":"scroll","background-type":"","background-media":"","overlay-type":"","overlay-color":"","overlay-opacity":"","overlay-gradient":""},"mobile":{"background-color":"","background-image":"","background-repeat":"repeat","background-position":"center center","background-size":"auto","background-attachment":"scroll","background-type":"","background-media":"","overlay-type":"","overlay-color":"","overlay-opacity":"","overlay-gradient":""}},"ast-content-background-meta":{"desktop":{"background-color":"var(--ast-global-color-5)","background-image":"","background-repeat":"repeat","background-position":"center center","background-size":"auto","background-attachment":"scroll","background-type":"","background-media":"","overlay-type":"","overlay-color":"","overlay-opacity":"","overlay-gradient":""},"tablet":{"background-color":"var(--ast-global-color-5)","background-image":"","background-repeat":"repeat","background-position":"center center","background-size":"auto","background-attachment":"scroll","background-type":"","background-media":"","overlay-type":"","overlay-color":"","overlay-opacity":"","overlay-gradient":""},"mobile":{"background-color":"var(--ast-global-color-5)","background-image":"","background-repeat":"repeat","background-position":"center center","background-size":"auto","background-attachment":"scroll","background-type":"","background-media":"","overlay-type":"","overlay-color":"","overlay-opacity":"","overlay-gradient":""}},"footnotes":""},"class_list":["post-1188","page","type-page","status-publish","hentry"],"uagb_featured_image_src":{"full":false,"thumbnail":false,"medium":false,"medium_large":false,"large":false,"1536x1536":false,"2048x2048":false,"woocommerce_thumbnail":false,"woocommerce_single":false,"woocommerce_gallery_thumbnail":false,"dgwt-wcas-product-suggestion":false},"uagb_author_info":{"display_name":"admin","author_link":"https:\/\/lienza.com\/fr\/author\/jsanchez\/"},"uagb_comment_info":0,"uagb_excerpt":null,"_links":{"self":[{"href":"https:\/\/lienza.com\/fr\/wp-json\/wp\/v2\/pages\/1188","targetHints":{"allow":["GET"]}}],"collection":[{"href":"https:\/\/lienza.com\/fr\/wp-json\/wp\/v2\/pages"}],"about":[{"href":"https:\/\/lienza.com\/fr\/wp-json\/wp\/v2\/types\/page"}],"author":[{"embeddable":true,"href":"https:\/\/lienza.com\/fr\/wp-json\/wp\/v2\/users\/1"}],"replies":[{"embeddable":true,"href":"https:\/\/lienza.com\/fr\/wp-json\/wp\/v2\/comments?post=1188"}],"version-history":[{"count":0,"href":"https:\/\/lienza.com\/fr\/wp-json\/wp\/v2\/pages\/1188\/revisions"}],"wp:attachment":[{"href":"https:\/\/lienza.com\/fr\/wp-json\/wp\/v2\/media?parent=1188"}],"curies":[{"name":"wp","href":"https:\/\/api.w.org\/{rel}","templated":true}]}}