{"id":930,"date":"2022-12-05T10:53:34","date_gmt":"2022-12-05T10:53:34","guid":{"rendered":"https:\/\/lienza.com\/es\/?post_type=product&#038;p=930"},"modified":"2023-05-12T12:34:25","modified_gmt":"2023-05-12T12:34:25","slug":"escudo-juridico-segun-cargo","status":"publish","type":"product","link":"https:\/\/lienza.com\/es\/product\/escudo-juridico-segun-cargo\/","title":{"rendered":"Escudo jur\u00eddico seg\u00fan cargo"},"content":{"rendered":"\r\n<h2 class=\"wp-block-heading has-text-align-center has-x-large-font-size\">Escudo abogado del estado, juez, magistrado&#8230;<\/h2>\r\n\r\n\r\n\r\n<p class=\"has-text-align-left has-medium-font-size\"><span style=\"color:green;\">\u2713<\/span>  Bordados a mano individualmente.<br><span style=\"color:green;\">\u2713<\/span> Perfecto como complemento para su toga.<br><span style=\"color:green;\">\u2713<\/span> Tama\u00f1o ideal para coser en su prenda.<br><span style=\"color:green;\">\u2713<\/span> Disponible para: Abogado del Estado Fiscal, Graduado Social, Juez, Jueza, Magistrada, Magistrado, Magistrado sin leyenda, Magistrado Tribunal Supremo, Ministerio Fiscal, Procurador, Secretario Judicial (Dorado), Secretario Judicial (Plata).<br><span style=\"color:green;\">\u2713<\/span> Producto ampliable. Si no encuentra su escudo puede contactarnos y lo a\u00f1adiremos en la m\u00e1xima brevedad.<\/p>\r\n","protected":false},"excerpt":{"rendered":"<p>Si est\u00e1s buscando un escudo jur\u00eddico de alta calidad para tu toga, entonces has llegado al lugar correcto. Nuestro escudo jur\u00eddico seg\u00fan cargo est\u00e1 fabricado con los mejores materiales y bordado a mano individualmente.<\/p>\n","protected":false},"featured_media":2288,"template":"","meta":{"_uag_custom_page_level_css":"","site-sidebar-layout":"default","site-content-layout":"default","ast-site-content-layout":"default","site-content-style":"default","site-sidebar-style":"default","ast-global-header-display":"","ast-banner-title-visibility":"","ast-main-header-display":"","ast-hfb-above-header-display":"","ast-hfb-below-header-display":"","ast-hfb-mobile-header-display":"","site-post-title":"","ast-breadcrumbs-content":"","ast-featured-img":"","footer-sml-layout":"","ast-disable-related-posts":"","theme-transparent-header-meta":"default","adv-header-id-meta":"","stick-header-meta":"","header-above-stick-meta":"","header-main-stick-meta":"","header-below-stick-meta":"","astra-migrate-meta-layouts":"default","ast-page-background-enabled":"default","ast-page-background-meta":{"desktop":{"background-color":"var(--ast-global-color-4)","background-image":"","background-repeat":"repeat","background-position":"center center","background-size":"auto","background-attachment":"scroll","background-type":"","background-media":"","overlay-type":"","overlay-color":"","overlay-opacity":"","overlay-gradient":""},"tablet":{"background-color":"","background-image":"","background-repeat":"repeat","background-position":"center center","background-size":"auto","background-attachment":"scroll","background-type":"","background-media":"","overlay-type":"","overlay-color":"","overlay-opacity":"","overlay-gradient":""},"mobile":{"background-color":"","background-image":"","background-repeat":"repeat","background-position":"center center","background-size":"auto","background-attachment":"scroll","background-type":"","background-media":"","overlay-type":"","overlay-color":"","overlay-opacity":"","overlay-gradient":""}},"ast-content-background-meta":{"desktop":{"background-color":"var(--ast-global-color-5)","background-image":"","background-repeat":"repeat","background-position":"center center","background-size":"auto","background-attachment":"scroll","background-type":"","background-media":"","overlay-type":"","overlay-color":"","overlay-opacity":"","overlay-gradient":""},"tablet":{"background-color":"var(--ast-global-color-5)","background-image":"","background-repeat":"repeat","background-position":"center center","background-size":"auto","background-attachment":"scroll","background-type":"","background-media":"","overlay-type":"","overlay-color":"","overlay-opacity":"","overlay-gradient":""},"mobile":{"background-color":"var(--ast-global-color-5)","background-image":"","background-repeat":"repeat","background-position":"center center","background-size":"auto","background-attachment":"scroll","background-type":"","background-media":"","overlay-type":"","overlay-color":"","overlay-opacity":"","overlay-gradient":""}}},"product_brand":[],"product_cat":[23,19],"product_tag":[],"class_list":{"0":"post-930","1":"product","2":"type-product","3":"status-publish","4":"has-post-thumbnail","6":"product_cat-complementos","7":"product_cat-juridico","8":"desktop-align-center","9":"tablet-align-left","10":"mobile-align-left","12":"first","13":"instock","14":"taxable","15":"shipping-taxable","16":"purchasable","17":"product-type-variable"},"uagb_featured_image_src":{"full":["https:\/\/lienza.com\/es\/wp-content\/uploads\/sites\/6\/2022\/12\/Escudo_Juridico_Ministerio-Fiscal.webp",800,800,false],"thumbnail":["https:\/\/lienza.com\/es\/wp-content\/uploads\/sites\/6\/2022\/12\/Escudo_Juridico_Ministerio-Fiscal.webp",96,96,false],"medium":["https:\/\/lienza.com\/es\/wp-content\/uploads\/sites\/6\/2022\/12\/Escudo_Juridico_Ministerio-Fiscal.webp",800,800,false],"medium_large":["https:\/\/lienza.com\/es\/wp-content\/uploads\/sites\/6\/2022\/12\/Escudo_Juridico_Ministerio-Fiscal-768x768.webp",768,768,true],"large":["https:\/\/lienza.com\/es\/wp-content\/uploads\/sites\/6\/2022\/12\/Escudo_Juridico_Ministerio-Fiscal.webp",800,800,false],"1536x1536":["https:\/\/lienza.com\/es\/wp-content\/uploads\/sites\/6\/2022\/12\/Escudo_Juridico_Ministerio-Fiscal.webp",800,800,false],"2048x2048":["https:\/\/lienza.com\/es\/wp-content\/uploads\/sites\/6\/2022\/12\/Escudo_Juridico_Ministerio-Fiscal.webp",800,800,false],"woocommerce_thumbnail":["https:\/\/lienza.com\/es\/wp-content\/uploads\/sites\/6\/2022\/12\/Escudo_Juridico_Ministerio-Fiscal-500x500.webp",500,500,true],"woocommerce_single":["https:\/\/lienza.com\/es\/wp-content\/uploads\/sites\/6\/2022\/12\/Escudo_Juridico_Ministerio-Fiscal-700x700.webp",700,700,true],"woocommerce_gallery_thumbnail":["https:\/\/lienza.com\/es\/wp-content\/uploads\/sites\/6\/2022\/12\/Escudo_Juridico_Ministerio-Fiscal-100x100.webp",100,100,true],"dgwt-wcas-product-suggestion":["https:\/\/lienza.com\/es\/wp-content\/uploads\/sites\/6\/2022\/12\/Escudo_Juridico_Ministerio-Fiscal-64x64.webp",64,64,true]},"uagb_author_info":{"display_name":"admin","author_link":"https:\/\/lienza.com\/es\/author\/"},"uagb_comment_info":0,"uagb_excerpt":"Si est\u00e1s buscando un escudo jur\u00eddico de alta calidad para tu toga, entonces has llegado al lugar correcto. Nuestro escudo jur\u00eddico seg\u00fan cargo est\u00e1 fabricado con los mejores materiales y bordado a mano individualmente.","_links":{"self":[{"href":"https:\/\/lienza.com\/es\/wp-json\/wp\/v2\/product\/930","targetHints":{"allow":["GET"]}}],"collection":[{"href":"https:\/\/lienza.com\/es\/wp-json\/wp\/v2\/product"}],"about":[{"href":"https:\/\/lienza.com\/es\/wp-json\/wp\/v2\/types\/product"}],"wp:featuredmedia":[{"embeddable":true,"href":"https:\/\/lienza.com\/es\/wp-json\/wp\/v2\/media\/2288"}],"wp:attachment":[{"href":"https:\/\/lienza.com\/es\/wp-json\/wp\/v2\/media?parent=930"}],"wp:term":[{"taxonomy":"product_brand","embeddable":true,"href":"https:\/\/lienza.com\/es\/wp-json\/wp\/v2\/product_brand?post=930"},{"taxonomy":"product_cat","embeddable":true,"href":"https:\/\/lienza.com\/es\/wp-json\/wp\/v2\/product_cat?post=930"},{"taxonomy":"product_tag","embeddable":true,"href":"https:\/\/lienza.com\/es\/wp-json\/wp\/v2\/product_tag?post=930"}],"curies":[{"name":"wp","href":"https:\/\/api.w.org\/{rel}","templated":true}]}}