{"id":844,"date":"2022-12-05T10:49:06","date_gmt":"2022-12-05T10:49:06","guid":{"rendered":"https:\/\/lienza.com\/es\/?post_type=product&#038;p=844"},"modified":"2024-01-23T08:41:33","modified_gmt":"2024-01-23T08:41:33","slug":"escudo-colegio-de-abogados","status":"publish","type":"product","link":"https:\/\/lienza.com\/es\/product\/escudo-colegio-de-abogados\/","title":{"rendered":"Escudo Colegio de Abogados"},"content":{"rendered":"\r\n<h2 class=\"wp-block-heading has-text-align-center has-x-large-font-size\">Escudo Colegio de Abogados Espa\u00f1a<\/h2>\r\n\r\n\r\n\r\n<p class=\"has-text-align-left has-medium-font-size\"><span style=\"color: green;\">\u2713<\/span> Bordados a m\u00e1quina individualmente.<br \/><span style=\"color: green;\">\u2713<\/span> Perfecto como complemento para su toga.<br \/><span style=\"color: green;\">\u2713<\/span> Tama\u00f1o ideal para coser en su prenda.<br \/><span style=\"color: green;\">\u2713<\/span> Disponible para: A Coru\u00f1a \u00c1lava, Alcal\u00e1 de Henares Alcoi, Alicante Almer\u00eda, Alzira Antequera, \u00c1vila Badajoz, Baleares Barcelona, Bilbao Burgos, C\u00e1ceres C\u00e1diz, Cantabria Cartagena Ceuta Ciudad Real C\u00f3rdoba Cuenca Elche Gerona Granada Granollers Guip\u00fazcoa Huesca Ja\u00e9n La Rioja Lanzarote Las Palmas Lizarra Llobregat Lorca Lucena Lugo Madrid M\u00e1laga Manresa Matar\u00f3 Melilla Murcia Orihuela Ourense Oviedo Pontevedra Procuradores de Pontevedra Reus Rota Sabadell Salamanca Santa Cruz de las Palmas Santiago de Compostela Segovia Sevilla Soria Sueca Tafalla Talavera de la Reina Terrasa Teruel Toledo Tortosa Tudela Valencia Valladolid Vic Zamora Zaragoza.<br \/><span style=\"color: green;\">\u2713<\/span> Producto ampliable. Si no encuentra su escudo puede contactarnos y lo a\u00f1adiremos en la m\u00e1xima brevedad.<\/p>\r\n","protected":false},"excerpt":{"rendered":"<p>Si eres abogado y buscas un escudo colegial de alta calidad para lucir con orgullo en tu toga, entonces est\u00e1s en el lugar correcto. Nuestro escudo colegio de abogados est\u00e1 bordado a m\u00e1quina con los mejores materiales y es el complemento perfecto para tu toga o chaqueta de trabajo.<\/p>\n","protected":false},"featured_media":1704,"template":"","meta":{"_uag_custom_page_level_css":"","site-sidebar-layout":"default","site-content-layout":"default","ast-site-content-layout":"default","site-content-style":"default","site-sidebar-style":"default","ast-global-header-display":"","ast-banner-title-visibility":"","ast-main-header-display":"","ast-hfb-above-header-display":"","ast-hfb-below-header-display":"","ast-hfb-mobile-header-display":"","site-post-title":"","ast-breadcrumbs-content":"","ast-featured-img":"","footer-sml-layout":"","ast-disable-related-posts":"","theme-transparent-header-meta":"default","adv-header-id-meta":"","stick-header-meta":"","header-above-stick-meta":"","header-main-stick-meta":"","header-below-stick-meta":"","astra-migrate-meta-layouts":"set","ast-page-background-enabled":"default","ast-page-background-meta":{"desktop":{"background-color":"var(--ast-global-color-4)","background-image":"","background-repeat":"repeat","background-position":"center center","background-size":"auto","background-attachment":"scroll","background-type":"","background-media":"","overlay-type":"","overlay-color":"","overlay-opacity":"","overlay-gradient":""},"tablet":{"background-color":"","background-image":"","background-repeat":"repeat","background-position":"center center","background-size":"auto","background-attachment":"scroll","background-type":"","background-media":"","overlay-type":"","overlay-color":"","overlay-opacity":"","overlay-gradient":""},"mobile":{"background-color":"","background-image":"","background-repeat":"repeat","background-position":"center center","background-size":"auto","background-attachment":"scroll","background-type":"","background-media":"","overlay-type":"","overlay-color":"","overlay-opacity":"","overlay-gradient":""}},"ast-content-background-meta":{"desktop":{"background-color":"var(--ast-global-color-5)","background-image":"","background-repeat":"repeat","background-position":"center center","background-size":"auto","background-attachment":"scroll","background-type":"","background-media":"","overlay-type":"","overlay-color":"","overlay-opacity":"","overlay-gradient":""},"tablet":{"background-color":"var(--ast-global-color-5)","background-image":"","background-repeat":"repeat","background-position":"center center","background-size":"auto","background-attachment":"scroll","background-type":"","background-media":"","overlay-type":"","overlay-color":"","overlay-opacity":"","overlay-gradient":""},"mobile":{"background-color":"var(--ast-global-color-5)","background-image":"","background-repeat":"repeat","background-position":"center center","background-size":"auto","background-attachment":"scroll","background-type":"","background-media":"","overlay-type":"","overlay-color":"","overlay-opacity":"","overlay-gradient":""}}},"product_brand":[],"product_cat":[23,19],"product_tag":[],"class_list":{"0":"post-844","1":"product","2":"type-product","3":"status-publish","4":"has-post-thumbnail","6":"product_cat-complementos","7":"product_cat-juridico","8":"desktop-align-center","9":"tablet-align-left","10":"mobile-align-left","12":"first","13":"instock","14":"taxable","15":"shipping-taxable","16":"purchasable","17":"product-type-variable"},"uagb_featured_image_src":{"full":["https:\/\/lienza.com\/es\/wp-content\/uploads\/sites\/6\/2023\/02\/Escudo-Colegio-de-Abogados-Pontevedra.webp",800,800,false],"thumbnail":["https:\/\/lienza.com\/es\/wp-content\/uploads\/sites\/6\/2023\/02\/Escudo-Colegio-de-Abogados-Pontevedra.webp",96,96,false],"medium":["https:\/\/lienza.com\/es\/wp-content\/uploads\/sites\/6\/2023\/02\/Escudo-Colegio-de-Abogados-Pontevedra.webp",800,800,false],"medium_large":["https:\/\/lienza.com\/es\/wp-content\/uploads\/sites\/6\/2023\/02\/Escudo-Colegio-de-Abogados-Pontevedra-768x768.webp",768,768,true],"large":["https:\/\/lienza.com\/es\/wp-content\/uploads\/sites\/6\/2023\/02\/Escudo-Colegio-de-Abogados-Pontevedra.webp",800,800,false],"1536x1536":["https:\/\/lienza.com\/es\/wp-content\/uploads\/sites\/6\/2023\/02\/Escudo-Colegio-de-Abogados-Pontevedra.webp",800,800,false],"2048x2048":["https:\/\/lienza.com\/es\/wp-content\/uploads\/sites\/6\/2023\/02\/Escudo-Colegio-de-Abogados-Pontevedra.webp",800,800,false],"woocommerce_thumbnail":["https:\/\/lienza.com\/es\/wp-content\/uploads\/sites\/6\/2023\/02\/Escudo-Colegio-de-Abogados-Pontevedra-500x500.webp",500,500,true],"woocommerce_single":["https:\/\/lienza.com\/es\/wp-content\/uploads\/sites\/6\/2023\/02\/Escudo-Colegio-de-Abogados-Pontevedra-700x700.webp",700,700,true],"woocommerce_gallery_thumbnail":["https:\/\/lienza.com\/es\/wp-content\/uploads\/sites\/6\/2023\/02\/Escudo-Colegio-de-Abogados-Pontevedra-100x100.webp",100,100,true],"dgwt-wcas-product-suggestion":["https:\/\/lienza.com\/es\/wp-content\/uploads\/sites\/6\/2023\/02\/Escudo-Colegio-de-Abogados-Pontevedra-64x64.webp",64,64,true]},"uagb_author_info":{"display_name":"admin","author_link":"https:\/\/lienza.com\/es\/author\/"},"uagb_comment_info":0,"uagb_excerpt":"Si eres abogado y buscas un escudo colegial de alta calidad para lucir con orgullo en tu toga, entonces est\u00e1s en el lugar correcto. Nuestro escudo colegio de abogados est\u00e1 bordado a m\u00e1quina con los mejores materiales y es el complemento perfecto para tu toga o chaqueta de trabajo.","_links":{"self":[{"href":"https:\/\/lienza.com\/es\/wp-json\/wp\/v2\/product\/844","targetHints":{"allow":["GET"]}}],"collection":[{"href":"https:\/\/lienza.com\/es\/wp-json\/wp\/v2\/product"}],"about":[{"href":"https:\/\/lienza.com\/es\/wp-json\/wp\/v2\/types\/product"}],"wp:featuredmedia":[{"embeddable":true,"href":"https:\/\/lienza.com\/es\/wp-json\/wp\/v2\/media\/1704"}],"wp:attachment":[{"href":"https:\/\/lienza.com\/es\/wp-json\/wp\/v2\/media?parent=844"}],"wp:term":[{"taxonomy":"product_brand","embeddable":true,"href":"https:\/\/lienza.com\/es\/wp-json\/wp\/v2\/product_brand?post=844"},{"taxonomy":"product_cat","embeddable":true,"href":"https:\/\/lienza.com\/es\/wp-json\/wp\/v2\/product_cat?post=844"},{"taxonomy":"product_tag","embeddable":true,"href":"https:\/\/lienza.com\/es\/wp-json\/wp\/v2\/product_tag?post=844"}],"curies":[{"name":"wp","href":"https:\/\/api.w.org\/{rel}","templated":true}]}}