{"id":757,"date":"2022-12-04T17:16:15","date_gmt":"2022-12-04T17:16:15","guid":{"rendered":"https:\/\/lienza.com\/es\/?post_type=product&#038;p=757"},"modified":"2023-03-05T11:51:39","modified_gmt":"2023-03-05T11:51:39","slug":"bolsa-de-seda-artificial","status":"publish","type":"product","link":"https:\/\/lienza.com\/es\/product\/bolsa-de-seda-artificial\/","title":{"rendered":"Bolsa de seda artificial"},"content":{"rendered":"<h2>Caracter\u00edsticas Bolsa de seda artificial<\/h2>\n<p>Bolsa para transportar su toga u otros objetos de una manera c\u00f3moda, elegante y sencilla. Cuenta con asa para su mejor manejo y cierre din\u00e1mico al estirar el propio asa. Este producto es caracter\u00edstico por su tacto sedoso y confortable.<\/p>\n<ul>\n<li>Material: Seda Artificial Tornasol.<\/li>\n<\/ul>\n","protected":false},"excerpt":{"rendered":"<p>Caracter\u00edsticas Bolsa de seda artificial Bolsa para transportar su toga u otros objetos de una manera c\u00f3moda, elegante y sencilla. Cuenta con asa para su mejor manejo y cierre din\u00e1mico al estirar el propio asa. Este producto es caracter\u00edstico por su tacto sedoso y confortable. Material: Seda Artificial Tornasol.<\/p>\n","protected":false},"featured_media":1753,"template":"","meta":{"_uag_custom_page_level_css":"","site-sidebar-layout":"default","site-content-layout":"default","ast-site-content-layout":"default","site-content-style":"default","site-sidebar-style":"default","ast-global-header-display":"","ast-banner-title-visibility":"","ast-main-header-display":"","ast-hfb-above-header-display":"","ast-hfb-below-header-display":"","ast-hfb-mobile-header-display":"","site-post-title":"","ast-breadcrumbs-content":"","ast-featured-img":"","footer-sml-layout":"","ast-disable-related-posts":"","theme-transparent-header-meta":"default","adv-header-id-meta":"","stick-header-meta":"","header-above-stick-meta":"","header-main-stick-meta":"","header-below-stick-meta":"","astra-migrate-meta-layouts":"default","ast-page-background-enabled":"default","ast-page-background-meta":{"desktop":{"background-color":"var(--ast-global-color-4)","background-image":"","background-repeat":"repeat","background-position":"center center","background-size":"auto","background-attachment":"scroll","background-type":"","background-media":"","overlay-type":"","overlay-color":"","overlay-opacity":"","overlay-gradient":""},"tablet":{"background-color":"","background-image":"","background-repeat":"repeat","background-position":"center center","background-size":"auto","background-attachment":"scroll","background-type":"","background-media":"","overlay-type":"","overlay-color":"","overlay-opacity":"","overlay-gradient":""},"mobile":{"background-color":"","background-image":"","background-repeat":"repeat","background-position":"center center","background-size":"auto","background-attachment":"scroll","background-type":"","background-media":"","overlay-type":"","overlay-color":"","overlay-opacity":"","overlay-gradient":""}},"ast-content-background-meta":{"desktop":{"background-color":"var(--ast-global-color-5)","background-image":"","background-repeat":"repeat","background-position":"center center","background-size":"auto","background-attachment":"scroll","background-type":"","background-media":"","overlay-type":"","overlay-color":"","overlay-opacity":"","overlay-gradient":""},"tablet":{"background-color":"var(--ast-global-color-5)","background-image":"","background-repeat":"repeat","background-position":"center center","background-size":"auto","background-attachment":"scroll","background-type":"","background-media":"","overlay-type":"","overlay-color":"","overlay-opacity":"","overlay-gradient":""},"mobile":{"background-color":"var(--ast-global-color-5)","background-image":"","background-repeat":"repeat","background-position":"center center","background-size":"auto","background-attachment":"scroll","background-type":"","background-media":"","overlay-type":"","overlay-color":"","overlay-opacity":"","overlay-gradient":""}}},"product_brand":[],"product_cat":[23,43,45,19],"product_tag":[],"class_list":{"0":"post-757","1":"product","2":"type-product","3":"status-publish","4":"has-post-thumbnail","6":"product_cat-complementos","7":"product_cat-academico","8":"product_cat-complementos-academico","9":"product_cat-juridico","10":"desktop-align-center","11":"tablet-align-left","12":"mobile-align-left","14":"first","15":"instock","16":"taxable","17":"shipping-taxable","18":"purchasable","19":"product-type-simple"},"uagb_featured_image_src":{"full":["https:\/\/lienza.com\/es\/wp-content\/uploads\/sites\/6\/2023\/02\/Bolsa-transporte-seda.webp",800,800,false],"thumbnail":["https:\/\/lienza.com\/es\/wp-content\/uploads\/sites\/6\/2023\/02\/Bolsa-transporte-seda.webp",96,96,false],"medium":["https:\/\/lienza.com\/es\/wp-content\/uploads\/sites\/6\/2023\/02\/Bolsa-transporte-seda.webp",800,800,false],"medium_large":["https:\/\/lienza.com\/es\/wp-content\/uploads\/sites\/6\/2023\/02\/Bolsa-transporte-seda-768x768.webp",768,768,true],"large":["https:\/\/lienza.com\/es\/wp-content\/uploads\/sites\/6\/2023\/02\/Bolsa-transporte-seda.webp",800,800,false],"1536x1536":["https:\/\/lienza.com\/es\/wp-content\/uploads\/sites\/6\/2023\/02\/Bolsa-transporte-seda.webp",800,800,false],"2048x2048":["https:\/\/lienza.com\/es\/wp-content\/uploads\/sites\/6\/2023\/02\/Bolsa-transporte-seda.webp",800,800,false],"woocommerce_thumbnail":["https:\/\/lienza.com\/es\/wp-content\/uploads\/sites\/6\/2023\/02\/Bolsa-transporte-seda-500x500.webp",500,500,true],"woocommerce_single":["https:\/\/lienza.com\/es\/wp-content\/uploads\/sites\/6\/2023\/02\/Bolsa-transporte-seda-700x700.webp",700,700,true],"woocommerce_gallery_thumbnail":["https:\/\/lienza.com\/es\/wp-content\/uploads\/sites\/6\/2023\/02\/Bolsa-transporte-seda-100x100.webp",100,100,true],"dgwt-wcas-product-suggestion":["https:\/\/lienza.com\/es\/wp-content\/uploads\/sites\/6\/2023\/02\/Bolsa-transporte-seda-64x64.webp",64,64,true]},"uagb_author_info":{"display_name":"admin","author_link":"https:\/\/lienza.com\/es\/author\/"},"uagb_comment_info":0,"uagb_excerpt":"Caracter\u00edsticas Bolsa de seda artificial Bolsa para transportar su toga u otros objetos de una manera c\u00f3moda, elegante y sencilla. Cuenta con asa para su mejor manejo y cierre din\u00e1mico al estirar el propio asa. Este producto es caracter\u00edstico por su tacto sedoso y confortable. Material: Seda Artificial Tornasol.","_links":{"self":[{"href":"https:\/\/lienza.com\/es\/wp-json\/wp\/v2\/product\/757","targetHints":{"allow":["GET"]}}],"collection":[{"href":"https:\/\/lienza.com\/es\/wp-json\/wp\/v2\/product"}],"about":[{"href":"https:\/\/lienza.com\/es\/wp-json\/wp\/v2\/types\/product"}],"wp:featuredmedia":[{"embeddable":true,"href":"https:\/\/lienza.com\/es\/wp-json\/wp\/v2\/media\/1753"}],"wp:attachment":[{"href":"https:\/\/lienza.com\/es\/wp-json\/wp\/v2\/media?parent=757"}],"wp:term":[{"taxonomy":"product_brand","embeddable":true,"href":"https:\/\/lienza.com\/es\/wp-json\/wp\/v2\/product_brand?post=757"},{"taxonomy":"product_cat","embeddable":true,"href":"https:\/\/lienza.com\/es\/wp-json\/wp\/v2\/product_cat?post=757"},{"taxonomy":"product_tag","embeddable":true,"href":"https:\/\/lienza.com\/es\/wp-json\/wp\/v2\/product_tag?post=757"}],"curies":[{"name":"wp","href":"https:\/\/api.w.org\/{rel}","templated":true}]}}