{"id":323,"date":"2022-11-22T12:33:37","date_gmt":"2022-11-22T12:33:37","guid":{"rendered":"https:\/\/lienza.com\/es\/?post_type=product&#038;p=323"},"modified":"2026-03-24T09:37:06","modified_gmt":"2026-03-24T09:37:06","slug":"toga-abogado-basica","status":"publish","type":"product","link":"https:\/\/lienza.com\/es\/product\/toga-abogado-basica\/","title":{"rendered":"Toga Abogado B\u00e1sica"},"content":{"rendered":"\r\n<h2 class=\"wp-block-heading has-text-align-center has-x-large-font-size\">Toga de abogado B\u00e1sica<\/h2>\r\n\r\n\r\n\r\n<div class=\"wp-block-columns has-border-color has-ast-global-color-5-border-color is-layout-flex wp-container-core-columns-is-layout-d7d455e7 wp-block-columns-is-layout-flex\" style=\"padding: 0;\">\r\n<div class=\"wp-block-column is-layout-flow wp-block-column-is-layout-flow\" style=\"border-style: none; border-width: 0px;\">\r\n<div class=\"wp-block-uagb-image aligncenter uagb-block-42e3603f wp-block-uagb-image--layout-default wp-block-uagb-image--effect-static wp-block-uagb-image--align-center\">\r\n<figure class=\"wp-block-uagb-image__figure\"><img decoding=\"async\" class=\"uag-image-1723\" title=\"\" src=\"https:\/\/lienza.com\/es\/wp-content\/uploads\/sites\/6\/2023\/02\/Toga-Abogado-Basica-Espalda.webp\" srcset=\"https:\/\/lienza.com\/es\/wp-content\/uploads\/sites\/6\/2023\/02\/Toga-Abogado-Basica-Espalda.webp \" alt=\"\" width=\"\" height=\"\"><\/figure>\r\n<\/div>\r\n<\/div>\r\n\r\n\r\n\r\n<div class=\"wp-block-column is-layout-flow wp-block-column-is-layout-flow\" style=\"border-style: none; border-width: 0px;\">\r\n<h3 class=\"wp-block-heading has-text-align-center has-x-large-font-size\">Caracter\u00edsticas<\/h3>\r\n\r\n\r\n<hr class=\"wp-block-separator has-alpha-channel-opacity is-style-wide\" \/>\r\n\r\n\r\n<p class=\"has-text-align-left has-medium-font-size\"><span style=\"color: green;\">\u2713<\/span> Liviana, resistente y econ\u00f3mica.<br \/><span style=\"color: green;\">\u2713<\/span> F\u00e1cil cuidado y mantenimiento.<br \/><span style=\"color: green;\">\u2713<\/span> De uso intensivo, perfecto para complementar su toga habitual.<br \/><span style=\"color: green;\">\u2713<\/span> Tablillas traseras dependiendo de la talla (7 \u2013 9).<br \/><span style=\"color: green;\">\u2713<\/span> Cierre delantero mediante broche de corchete.<br \/><span style=\"color: green;\">\u2713<\/span> Ce\u00f1idor de cintura para mayor confort.<br \/><span style=\"color: green;\">\u2713<\/span> Aberturas laterales para acceder a bolsillos de la vestimenta que porte debajo de la toga.<\/p>\r\n<\/div>\r\n<\/div>\r\n\r\n\r\n\r\n<div class=\"wp-block-columns is-layout-flex wp-container-core-columns-is-layout-d7d455e7 wp-block-columns-is-layout-flex\" style=\"border-style: none; border-width: 0px; padding: 0;\">\r\n<div class=\"wp-block-column is-layout-flow wp-block-column-is-layout-flow\" style=\"border-style: none; border-width: 0px;\">\r\n<h3 class=\"wp-block-heading has-text-align-center has-x-large-font-size\">Materiales<\/h3>\r\n\r\n\r\n<hr class=\"wp-block-separator has-alpha-channel-opacity is-style-wide\" \/>\r\n\r\n\r\n<ul class=\"has-medium-font-size wp-block-list\">\r\n<li><strong>Tejido principal:<\/strong> 100% Poli\u00e9ster ligero de \u00faltima generaci\u00f3n (148 g\/m\u00b2).<\/li>\r\n\r\n\r\n\r\n<li><strong>Vistas y espalda:<\/strong> Mismo tejido que la toga.<\/li>\r\n<\/ul>\r\n<\/div>\r\n\r\n\r\n\r\n<div class=\"wp-block-column is-layout-flow wp-block-column-is-layout-flow\">\n<\/div>\r\n<\/div>\r\n","protected":false},"excerpt":{"rendered":"<p>La Toga B\u00e1sica es una prenda liviana, econ\u00f3mica, de uso intensivo y con posibilidad de lavado totalmente dom\u00e9stico. Se recomienda utilizar para viajes complementando su toga habitual.<\/p>\n","protected":false},"featured_media":1722,"template":"","meta":{"_uag_custom_page_level_css":"","site-sidebar-layout":"default","site-content-layout":"default","ast-site-content-layout":"default","site-content-style":"default","site-sidebar-style":"default","ast-global-header-display":"","ast-banner-title-visibility":"","ast-main-header-display":"","ast-hfb-above-header-display":"","ast-hfb-below-header-display":"","ast-hfb-mobile-header-display":"","site-post-title":"","ast-breadcrumbs-content":"","ast-featured-img":"","footer-sml-layout":"","ast-disable-related-posts":"","theme-transparent-header-meta":"default","adv-header-id-meta":"","stick-header-meta":"","header-above-stick-meta":"","header-main-stick-meta":"","header-below-stick-meta":"","astra-migrate-meta-layouts":"set","ast-page-background-enabled":"default","ast-page-background-meta":{"desktop":{"background-color":"var(--ast-global-color-4)","background-image":"","background-repeat":"repeat","background-position":"center center","background-size":"auto","background-attachment":"scroll","background-type":"","background-media":"","overlay-type":"","overlay-color":"","overlay-opacity":"","overlay-gradient":""},"tablet":{"background-color":"","background-image":"","background-repeat":"repeat","background-position":"center center","background-size":"auto","background-attachment":"scroll","background-type":"","background-media":"","overlay-type":"","overlay-color":"","overlay-opacity":"","overlay-gradient":""},"mobile":{"background-color":"","background-image":"","background-repeat":"repeat","background-position":"center center","background-size":"auto","background-attachment":"scroll","background-type":"","background-media":"","overlay-type":"","overlay-color":"","overlay-opacity":"","overlay-gradient":""}},"ast-content-background-meta":{"desktop":{"background-color":"var(--ast-global-color-5)","background-image":"","background-repeat":"repeat","background-position":"center center","background-size":"auto","background-attachment":"scroll","background-type":"","background-media":"","overlay-type":"","overlay-color":"","overlay-opacity":"","overlay-gradient":""},"tablet":{"background-color":"var(--ast-global-color-5)","background-image":"","background-repeat":"repeat","background-position":"center center","background-size":"auto","background-attachment":"scroll","background-type":"","background-media":"","overlay-type":"","overlay-color":"","overlay-opacity":"","overlay-gradient":""},"mobile":{"background-color":"var(--ast-global-color-5)","background-image":"","background-repeat":"repeat","background-position":"center center","background-size":"auto","background-attachment":"scroll","background-type":"","background-media":"","overlay-type":"","overlay-color":"","overlay-opacity":"","overlay-gradient":""}}},"product_brand":[],"product_cat":[21,19],"product_tag":[],"class_list":{"0":"post-323","1":"product","2":"type-product","3":"status-publish","4":"has-post-thumbnail","6":"product_cat-togas","7":"product_cat-juridico","8":"desktop-align-center","9":"tablet-align-left","10":"mobile-align-left","12":"first","13":"instock","14":"taxable","15":"shipping-taxable","16":"purchasable","17":"product-type-simple"},"uagb_featured_image_src":{"full":["https:\/\/lienza.com\/es\/wp-content\/uploads\/sites\/6\/2023\/02\/Toga-Abogado-Basica.webp",800,800,false],"thumbnail":["https:\/\/lienza.com\/es\/wp-content\/uploads\/sites\/6\/2023\/02\/Toga-Abogado-Basica.webp",96,96,false],"medium":["https:\/\/lienza.com\/es\/wp-content\/uploads\/sites\/6\/2023\/02\/Toga-Abogado-Basica.webp",800,800,false],"medium_large":["https:\/\/lienza.com\/es\/wp-content\/uploads\/sites\/6\/2023\/02\/Toga-Abogado-Basica-768x768.webp",768,768,true],"large":["https:\/\/lienza.com\/es\/wp-content\/uploads\/sites\/6\/2023\/02\/Toga-Abogado-Basica.webp",800,800,false],"1536x1536":["https:\/\/lienza.com\/es\/wp-content\/uploads\/sites\/6\/2023\/02\/Toga-Abogado-Basica.webp",800,800,false],"2048x2048":["https:\/\/lienza.com\/es\/wp-content\/uploads\/sites\/6\/2023\/02\/Toga-Abogado-Basica.webp",800,800,false],"woocommerce_thumbnail":["https:\/\/lienza.com\/es\/wp-content\/uploads\/sites\/6\/2023\/02\/Toga-Abogado-Basica-500x500.webp",500,500,true],"woocommerce_single":["https:\/\/lienza.com\/es\/wp-content\/uploads\/sites\/6\/2023\/02\/Toga-Abogado-Basica-700x700.webp",700,700,true],"woocommerce_gallery_thumbnail":["https:\/\/lienza.com\/es\/wp-content\/uploads\/sites\/6\/2023\/02\/Toga-Abogado-Basica-100x100.webp",100,100,true],"dgwt-wcas-product-suggestion":["https:\/\/lienza.com\/es\/wp-content\/uploads\/sites\/6\/2023\/02\/Toga-Abogado-Basica-64x64.webp",64,64,true]},"uagb_author_info":{"display_name":"admin","author_link":"https:\/\/lienza.com\/es\/author\/"},"uagb_comment_info":0,"uagb_excerpt":"La Toga B\u00e1sica es una prenda liviana, econ\u00f3mica, de uso intensivo y con posibilidad de lavado totalmente dom\u00e9stico. Se recomienda utilizar para viajes complementando su toga habitual.","_links":{"self":[{"href":"https:\/\/lienza.com\/es\/wp-json\/wp\/v2\/product\/323","targetHints":{"allow":["GET"]}}],"collection":[{"href":"https:\/\/lienza.com\/es\/wp-json\/wp\/v2\/product"}],"about":[{"href":"https:\/\/lienza.com\/es\/wp-json\/wp\/v2\/types\/product"}],"wp:featuredmedia":[{"embeddable":true,"href":"https:\/\/lienza.com\/es\/wp-json\/wp\/v2\/media\/1722"}],"wp:attachment":[{"href":"https:\/\/lienza.com\/es\/wp-json\/wp\/v2\/media?parent=323"}],"wp:term":[{"taxonomy":"product_brand","embeddable":true,"href":"https:\/\/lienza.com\/es\/wp-json\/wp\/v2\/product_brand?post=323"},{"taxonomy":"product_cat","embeddable":true,"href":"https:\/\/lienza.com\/es\/wp-json\/wp\/v2\/product_cat?post=323"},{"taxonomy":"product_tag","embeddable":true,"href":"https:\/\/lienza.com\/es\/wp-json\/wp\/v2\/product_tag?post=323"}],"curies":[{"name":"wp","href":"https:\/\/api.w.org\/{rel}","templated":true}]}}