{"id":1867,"date":"2023-03-16T09:20:12","date_gmt":"2023-03-16T09:20:12","guid":{"rendered":"https:\/\/lienza.com\/es\/?page_id=1867"},"modified":"2023-04-22T11:37:54","modified_gmt":"2023-04-22T11:37:54","slug":"descuento-form","status":"publish","type":"page","link":"https:\/\/lienza.com\/es\/descuento-form\/","title":{"rendered":"Descuentos Lienza"},"content":{"rendered":"\n<div class=\"wp-block-uagb-advanced-heading uagb-block-5260453b\"><h1 class=\"uagb-heading-text\">Descuentos Lienza<\/h1><\/div>\n\n\n\n<hr class=\"wp-block-separator has-alpha-channel-opacity is-style-wide\"\/>\n\n\n\n<p class=\"has-text-align-center\">En Lienza <strong>no ver\u00e1s ofertas estacionales<\/strong> en \u00e9pocas de rebajas, en vez de eso nos hemos comprometido a tener<strong> precios responsables durante todo el a\u00f1o<\/strong>. En compensaci\u00f3n ofrecemos dos m\u00e9todos para recibir un descuento en su compra intercambi\u00e1ndolo por lo que es <strong>lo m\u00e1s importante para nosotros, su opini\u00f3n y satisfacci\u00f3n<\/strong>.<\/p>\n\n\n\n<div class=\"wp-block-uagb-tabs uagb-block-2b5fcede uagb-tabs__wrap uagb-tabs__hstyle1-desktop uagb-tabs__vstyle6-tablet uagb-tabs__stack1-mobile\" data-tab-active=\"0\"><ul class=\"uagb-tabs__panel uagb-tabs__align-left\" role=\"tablist\"><li class=\"uagb-tab uagb-tabs__active\" role=\"none\"><a href=\"#uagb-tabs__tab0\" class=\"uagb-tabs-list uagb-tabs__icon-position-left\" data-tab=\"0\" role=\"tab\">Cup\u00f3n 5% de descuento<\/a><\/li><li class=\"uagb-tab \" role=\"none\"><a href=\"#uagb-tabs__tab1\" class=\"uagb-tabs-list uagb-tabs__icon-position-left\" data-tab=\"1\" role=\"tab\">Cup\u00f3n 10% de descuento<\/a><\/li><\/ul><div class=\"uagb-tabs__body-wrap\">\n<div class=\"wp-block-uagb-tabs-child uagb-tabs__body-container uagb-inner-tab-0\" aria-labelledby=\"uagb-tabs__tab0\">\n<div class=\"wp-block-uagb-advanced-heading uagb-block-bb89e576\"><h2 class=\"uagb-heading-text\">Cup\u00f3n 5% en productos espec\u00edficos<\/h2><\/div>\n\n\n\n<div class=\"wp-block-columns is-layout-flex wp-container-core-columns-is-layout-28f84493 wp-block-columns-is-layout-flex\">\n<div class=\"wp-block-column is-layout-flow wp-block-column-is-layout-flow\" style=\"flex-basis:33.33%\">\n<div class=\"wp-block-uagb-image aligncenter uagb-block-e1bec36d wp-block-uagb-image--layout-default wp-block-uagb-image--effect-static wp-block-uagb-image--align-center\"><figure class=\"wp-block-uagb-image__figure\"><img decoding=\"async\" srcset=\"https:\/\/lienza.com\/es\/wp-content\/uploads\/sites\/6\/2022\/11\/Logo-Lienza.webp \" src=\"https:\/\/lienza.com\/es\/wp-content\/uploads\/sites\/6\/2022\/11\/Logo-Lienza.webp\" alt=\"\" class=\"uag-image-274\" width=\"\" height=\"\" title=\"\" loading=\"lazy\"><\/figure><\/div>\n\n\n\n<p class=\"has-text-align-center\">Complete estas 4 preguntas y conseguir\u00e1 un c\u00f3digo de <strong>5% descuento para todas nuestras togas y trajes acad\u00e9micos<\/strong>.<\/p>\n\n\n\n<p class=\"has-text-align-center\">En Lienza nos esforzamos por conocer a nuestros clientes y mejoramos continuamente gracias a sus opiniones y consejos.<\/p>\n\n\n\n<p class=\"has-text-align-center\">\u00a1Gracias por su ayuda!<\/p>\n<\/div>\n\n\n\n<div class=\"wp-block-column is-layout-flow wp-block-column-is-layout-flow\" style=\"flex-basis:66.66%\">\n<div class=\"wpcf7 no-js\" id=\"wpcf7-f1866-o1\" lang=\"es-ES\" dir=\"ltr\" data-wpcf7-id=\"1866\">\n<div class=\"screen-reader-response\"><p role=\"status\" aria-live=\"polite\" aria-atomic=\"true\"><\/p> <ul><\/ul><\/div>\n<form action=\"\/es\/wp-json\/wp\/v2\/pages\/1867#wpcf7-f1866-o1\" method=\"post\" class=\"wpcf7-form init\" aria-label=\"Formulario de contacto\" novalidate=\"novalidate\" data-status=\"init\">\n<fieldset class=\"hidden-fields-container\"><input type=\"hidden\" name=\"_wpcf7\" value=\"1866\" \/><input type=\"hidden\" name=\"_wpcf7_version\" value=\"6.1.5\" \/><input type=\"hidden\" name=\"_wpcf7_locale\" value=\"es_ES\" \/><input type=\"hidden\" name=\"_wpcf7_unit_tag\" value=\"wpcf7-f1866-o1\" \/><input type=\"hidden\" name=\"_wpcf7_container_post\" value=\"0\" \/><input type=\"hidden\" name=\"_wpcf7_posted_data_hash\" value=\"\" \/><input type=\"hidden\" name=\"_wpcf7_recaptcha_response\" value=\"\" \/>\n<\/fieldset>\n<p><label> \u00bfC\u00f3mo nos conoci\u00f3?* <\/label><br \/>\n<span class=\"wpcf7-form-control-wrap\" data-name=\"conocer\"><span class=\"wpcf7-form-control wpcf7-radio\"><span class=\"wpcf7-list-item first\"><label><input type=\"radio\" name=\"conocer\" value=\"Internet\" checked=\"checked\" \/><span class=\"wpcf7-list-item-label\">Internet<\/span><\/label><\/span><span class=\"wpcf7-list-item\"><label><input type=\"radio\" name=\"conocer\" value=\"Recomendaciones\" \/><span class=\"wpcf7-list-item-label\">Recomendaciones<\/span><\/label><\/span><span class=\"wpcf7-list-item last\"><label><input type=\"radio\" name=\"conocer\" value=\"Otro\" \/><span class=\"wpcf7-list-item-label\">Otro<\/span><\/label><\/span><\/span><\/span>\n<\/p>\n<p><label> \u00bfQu\u00e9 ventajas le han hecho decidirse por Lienza?*<\/label><br \/>\n<span class=\"wpcf7-form-control-wrap\" data-name=\"ventajas\"><span class=\"wpcf7-form-control wpcf7-checkbox wpcf7-validates-as-required\"><span class=\"wpcf7-list-item first\"><label><input type=\"checkbox\" name=\"ventajas[]\" value=\"Calidad de la marca\" \/><span class=\"wpcf7-list-item-label\">Calidad de la marca<\/span><\/label><\/span><span class=\"wpcf7-list-item\"><label><input type=\"checkbox\" name=\"ventajas[]\" value=\"Mejores precios del sector\" \/><span class=\"wpcf7-list-item-label\">Mejores precios del sector<\/span><\/label><\/span><span class=\"wpcf7-list-item\"><label><input type=\"checkbox\" name=\"ventajas[]\" value=\"Rapidez de entrega y servicio de devoluci\u00f3n\/cambio gratuito\" \/><span class=\"wpcf7-list-item-label\">Rapidez de entrega y servicio de devoluci\u00f3n\/cambio gratuito<\/span><\/label><\/span><span class=\"wpcf7-list-item\"><label><input type=\"checkbox\" name=\"ventajas[]\" value=\"Facilidad del proceso de compra\" \/><span class=\"wpcf7-list-item-label\">Facilidad del proceso de compra<\/span><\/label><\/span><span class=\"wpcf7-list-item\"><label><input type=\"checkbox\" name=\"ventajas[]\" value=\"Principios mediambientales\" \/><span class=\"wpcf7-list-item-label\">Principios mediambientales<\/span><\/label><\/span><span class=\"wpcf7-list-item\"><label><input type=\"checkbox\" name=\"ventajas[]\" value=\"Recomendaciones\" \/><span class=\"wpcf7-list-item-label\">Recomendaciones<\/span><\/label><\/span><span class=\"wpcf7-list-item last\"><label><input type=\"checkbox\" name=\"ventajas[]\" value=\"Rese\u00f1as en Internet\" \/><span class=\"wpcf7-list-item-label\">Rese\u00f1as en Internet<\/span><\/label><\/span><\/span><\/span>\n<\/p>\n<p><label> \u00bfQu\u00e9 caracter\u00edsticas valora m\u00e1s en los productos que desea adquirir?*<br \/>\n<span class=\"wpcf7-form-control-wrap\" data-name=\"caracteristicas\"><input size=\"40\" maxlength=\"400\" class=\"wpcf7-form-control wpcf7-text wpcf7-validates-as-required\" aria-required=\"true\" aria-invalid=\"false\" value=\"\" type=\"text\" name=\"caracteristicas\" \/><\/span> <\/label>\n<\/p>\n<p><label> \u00bfC\u00f3mo podemos mejorar?* (Informaci\u00f3n dada, usabilidad de la tienda, variedad...)<br \/>\n<span class=\"wpcf7-form-control-wrap\" data-name=\"mejora\"><input size=\"40\" maxlength=\"400\" class=\"wpcf7-form-control wpcf7-text wpcf7-validates-as-required\" aria-required=\"true\" aria-invalid=\"false\" value=\"\" type=\"text\" name=\"mejora\" \/><\/span> <\/label>\n<\/p>\n<p><label> Correo electr\u00f3nico donde le llegar\u00e1 el descuento*<br \/>\n<span class=\"wpcf7-form-control-wrap\" data-name=\"email\"><input size=\"40\" maxlength=\"400\" class=\"wpcf7-form-control wpcf7-email wpcf7-validates-as-required wpcf7-text wpcf7-validates-as-email\" aria-required=\"true\" aria-invalid=\"false\" value=\"\" type=\"email\" name=\"email\" \/><\/span> <\/label>\n<\/p>\n<p><span class=\"wpcf7-form-control-wrap\" data-name=\"acceptance-217\"><span class=\"wpcf7-form-control wpcf7-acceptance\"><span class=\"wpcf7-list-item\"><label><input type=\"checkbox\" name=\"acceptance-217\" value=\"1\" aria-invalid=\"false\" \/><span class=\"wpcf7-list-item-label\"><b>Antes de firmar la solicitud, deber\u00e1 consultar la informaci\u00f3n relativa a nuestra pol\u00edtica de protecci\u00f3n de datos, puede consultar la informaci\u00f3n adicional y detallada sobre Protecci\u00f3n de Datos en: <a href=\"https:\/\/lienza.com\/es\/wp-content\/uploads\/sites\/6\/2023\/10\/Politica_privacidad_cookies.pdf\">Pol\u00edtica de privacidad<\/a><\/b><\/span><\/label><\/span><\/span><\/span>\n<\/p>\n<p><input class=\"wpcf7-form-control wpcf7-submit has-spinner\" type=\"submit\" value=\"Enviar\" \/>\n<\/p><input type='hidden' class='wpcf7-pum' value='{\"closepopup\":false,\"closedelay\":0,\"openpopup\":false,\"openpopup_id\":0}' \/><div class=\"wpcf7-response-output\" aria-hidden=\"true\"><\/div>\n<\/form>\n<\/div>\n\n<\/div>\n<\/div>\n<\/div>\n\n\n\n<div class=\"wp-block-uagb-tabs-child uagb-tabs__body-container uagb-inner-tab-1\" aria-labelledby=\"uagb-tabs__tab1\">\n<div class=\"wp-block-uagb-advanced-heading uagb-block-c7cf898b\"><h2 class=\"uagb-heading-text\">Cup\u00f3n 10% en productos espec\u00edficos<\/h2><\/div>\n\n\n\n<div class=\"wp-block-columns is-layout-flex wp-container-core-columns-is-layout-28f84493 wp-block-columns-is-layout-flex\">\n<div class=\"wp-block-column is-layout-flow wp-block-column-is-layout-flow\" style=\"flex-basis:33.33%\">\n<div class=\"wp-block-uagb-image aligncenter uagb-block-807409ec wp-block-uagb-image--layout-default wp-block-uagb-image--effect-static wp-block-uagb-image--align-center\"><figure class=\"wp-block-uagb-image__figure\"><img decoding=\"async\" src=\"https:\/\/lienza.com\/es\/wp-content\/uploads\/sites\/6\/2022\/11\/Logo-Lienza.webp\" alt=\"\" width=\"\" height=\"\" title=\"\" loading=\"lazy\"><\/figure><\/div>\n\n\n\n<p class=\"has-text-align-center\">D\u00e9jenos una rese\u00f1a en Google y conseguir\u00e1 un c\u00f3digo de&nbsp;<strong>10% descuento para todas nuestras togas y trajes acad\u00e9micos<\/strong>.<\/p>\n\n\n\n<p class=\"has-text-align-center\">En Lienza nos esforzamos por conocer a nuestros clientes y mejoramos continuamente gracias a sus opiniones y consejos.<\/p>\n\n\n\n<p class=\"has-text-align-center\">\u00a1Gracias por su ayuda!<\/p>\n<\/div>\n\n\n\n<div class=\"wp-block-column is-layout-flow wp-block-column-is-layout-flow\">\n<p>Este descuento est\u00e1 reservado \u00fanicamente para clientes que ya han adquirido alg\u00fan producto de nuestra tienda con anterioridad.<\/p>\n\n\n\n<p>Pasos para recibir el cup\u00f3n de 10% de descuento:<\/p>\n\n\n\n<ol class=\"wp-block-list\">\n<li><a href=\"https:\/\/g.page\/r\/CSePdk2S8edoEB0\/review\" target=\"_blank\" rel=\"noreferrer noopener nofollow\">Deje una valoraci\u00f3n de su antigua experiencia en Google haciendo clic aqu\u00ed<\/a>.<\/li>\n\n\n\n<li>Env\u00ede un correo a <a href=\"mailto:clientes@lienza.com\" target=\"_blank\" rel=\"noreferrer noopener\">clientes@lienza.com<\/a> con asunto &#8220;DESCUENTO 10%&#8221; y una captura de pantalla de la valoraci\u00f3n desde el mismo correo con el que la realiz\u00f3.<\/li>\n\n\n\n<li>Espere entre 24\/48 horas a la confirmaci\u00f3n.<\/li>\n\n\n\n<li>Recibir\u00e1 un e-mail con el descuento.<\/li>\n<\/ol>\n<\/div>\n<\/div>\n<\/div>\n<\/div><\/div>\n","protected":false},"excerpt":{"rendered":"<p>Descuentos Lienza En Lienza no ver\u00e1s ofertas estacionales en \u00e9pocas de rebajas, en vez de eso nos hemos comprometido a tener precios responsables durante todo el a\u00f1o. En compensaci\u00f3n ofrecemos dos m\u00e9todos para recibir un descuento en su compra intercambi\u00e1ndolo por lo que es lo m\u00e1s importante para nosotros, su opini\u00f3n y satisfacci\u00f3n.<\/p>\n","protected":false},"author":1,"featured_media":0,"parent":0,"menu_order":0,"comment_status":"closed","ping_status":"closed","template":"","meta":{"_uag_custom_page_level_css":"","site-sidebar-layout":"default","site-content-layout":"","ast-site-content-layout":"default","site-content-style":"default","site-sidebar-style":"default","ast-global-header-display":"","ast-banner-title-visibility":"","ast-main-header-display":"","ast-hfb-above-header-display":"","ast-hfb-below-header-display":"","ast-hfb-mobile-header-display":"","site-post-title":"disabled","ast-breadcrumbs-content":"","ast-featured-img":"","footer-sml-layout":"","ast-disable-related-posts":"","theme-transparent-header-meta":"","adv-header-id-meta":"","stick-header-meta":"","header-above-stick-meta":"","header-main-stick-meta":"","header-below-stick-meta":"","astra-migrate-meta-layouts":"default","ast-page-background-enabled":"default","ast-page-background-meta":{"desktop":{"background-color":"var(--ast-global-color-4)","background-image":"","background-repeat":"repeat","background-position":"center center","background-size":"auto","background-attachment":"scroll","background-type":"","background-media":"","overlay-type":"","overlay-color":"","overlay-opacity":"","overlay-gradient":""},"tablet":{"background-color":"","background-image":"","background-repeat":"repeat","background-position":"center center","background-size":"auto","background-attachment":"scroll","background-type":"","background-media":"","overlay-type":"","overlay-color":"","overlay-opacity":"","overlay-gradient":""},"mobile":{"background-color":"","background-image":"","background-repeat":"repeat","background-position":"center center","background-size":"auto","background-attachment":"scroll","background-type":"","background-media":"","overlay-type":"","overlay-color":"","overlay-opacity":"","overlay-gradient":""}},"ast-content-background-meta":{"desktop":{"background-color":"var(--ast-global-color-5)","background-image":"","background-repeat":"repeat","background-position":"center center","background-size":"auto","background-attachment":"scroll","background-type":"","background-media":"","overlay-type":"","overlay-color":"","overlay-opacity":"","overlay-gradient":""},"tablet":{"background-color":"var(--ast-global-color-5)","background-image":"","background-repeat":"repeat","background-position":"center center","background-size":"auto","background-attachment":"scroll","background-type":"","background-media":"","overlay-type":"","overlay-color":"","overlay-opacity":"","overlay-gradient":""},"mobile":{"background-color":"var(--ast-global-color-5)","background-image":"","background-repeat":"repeat","background-position":"center center","background-size":"auto","background-attachment":"scroll","background-type":"","background-media":"","overlay-type":"","overlay-color":"","overlay-opacity":"","overlay-gradient":""}},"footnotes":""},"class_list":["post-1867","page","type-page","status-publish","hentry"],"uagb_featured_image_src":{"full":false,"thumbnail":false,"medium":false,"medium_large":false,"large":false,"1536x1536":false,"2048x2048":false,"woocommerce_thumbnail":false,"woocommerce_single":false,"woocommerce_gallery_thumbnail":false,"dgwt-wcas-product-suggestion":false},"uagb_author_info":{"display_name":"admin","author_link":"https:\/\/lienza.com\/es\/author\/jsanchez\/"},"uagb_comment_info":0,"uagb_excerpt":"Descuentos Lienza En Lienza no ver\u00e1s ofertas estacionales en \u00e9pocas de rebajas, en vez de eso nos hemos comprometido a tener precios responsables durante todo el a\u00f1o. En compensaci\u00f3n ofrecemos dos m\u00e9todos para recibir un descuento en su compra intercambi\u00e1ndolo por lo que es lo m\u00e1s importante para nosotros, su opini\u00f3n y satisfacci\u00f3n.","_links":{"self":[{"href":"https:\/\/lienza.com\/es\/wp-json\/wp\/v2\/pages\/1867","targetHints":{"allow":["GET"]}}],"collection":[{"href":"https:\/\/lienza.com\/es\/wp-json\/wp\/v2\/pages"}],"about":[{"href":"https:\/\/lienza.com\/es\/wp-json\/wp\/v2\/types\/page"}],"author":[{"embeddable":true,"href":"https:\/\/lienza.com\/es\/wp-json\/wp\/v2\/users\/1"}],"replies":[{"embeddable":true,"href":"https:\/\/lienza.com\/es\/wp-json\/wp\/v2\/comments?post=1867"}],"version-history":[{"count":12,"href":"https:\/\/lienza.com\/es\/wp-json\/wp\/v2\/pages\/1867\/revisions"}],"predecessor-version":[{"id":2200,"href":"https:\/\/lienza.com\/es\/wp-json\/wp\/v2\/pages\/1867\/revisions\/2200"}],"wp:attachment":[{"href":"https:\/\/lienza.com\/es\/wp-json\/wp\/v2\/media?parent=1867"}],"curies":[{"name":"wp","href":"https:\/\/api.w.org\/{rel}","templated":true}]}}