{"id":1188,"date":"2022-12-09T11:07:17","date_gmt":"2022-12-09T11:07:17","guid":{"rendered":"https:\/\/lienza.com\/es\/?page_id=1188"},"modified":"2022-12-14T13:32:23","modified_gmt":"2022-12-14T13:32:23","slug":"formulario-cambio-devolucion","status":"publish","type":"page","link":"https:\/\/lienza.com\/es\/formulario-cambio-devolucion\/","title":{"rendered":"Formulario cambio de talla\/devoluci\u00f3n"},"content":{"rendered":"\n<div class=\"wp-block-uagb-tabs uagb-block-764129b0 uagb-tabs__wrap uagb-tabs__hstyle3-desktop uagb-tabs__vstyle6-tablet uagb-tabs__stack1-mobile\" data-tab-active=\"0\"><ul class=\"uagb-tabs__panel uagb-tabs__align-left\" role=\"tablist\"><li class=\"uagb-tab uagb-tabs__active\" role=\"none\"><a href=\"#uagb-tabs__tab0\" class=\"uagb-tabs-list uagb-tabs__icon-position-left\" data-tab=\"0\" role=\"tab\"><span class=\"uagb-tabs__icon\"><\/span>Formulario de cambio de talla<\/a><\/li><li class=\"uagb-tab \" role=\"none\"><a href=\"#uagb-tabs__tab1\" class=\"uagb-tabs-list uagb-tabs__icon-position-left\" data-tab=\"1\" role=\"tab\"><span class=\"uagb-tabs__icon\"><\/span>Formulario de devoluci\u00f3n<\/a><\/li><\/ul><div class=\"uagb-tabs__body-wrap\">\n<div class=\"wp-block-uagb-tabs-child uagb-tabs__body-container uagb-inner-tab-0\" aria-labelledby=\"uagb-tabs__tab0\">\n<div class=\"wp-block-uagb-advanced-heading uagb-block-30d31fe2\"><h2 class=\"uagb-heading-text\">Formulario de cambio de talla<\/h2><\/div>\n\n\n\n<div class=\"wpcf7 no-js\" id=\"wpcf7-f1187-o1\" lang=\"es-ES\" dir=\"ltr\" data-wpcf7-id=\"1187\">\n<div class=\"screen-reader-response\"><p role=\"status\" aria-live=\"polite\" aria-atomic=\"true\"><\/p> <ul><\/ul><\/div>\n<form action=\"\/es\/wp-json\/wp\/v2\/pages\/1188#wpcf7-f1187-o1\" method=\"post\" class=\"wpcf7-form init\" aria-label=\"Formulario de contacto\" novalidate=\"novalidate\" data-status=\"init\">\n<fieldset class=\"hidden-fields-container\"><input type=\"hidden\" name=\"_wpcf7\" value=\"1187\" \/><input type=\"hidden\" name=\"_wpcf7_version\" value=\"6.1.5\" \/><input type=\"hidden\" name=\"_wpcf7_locale\" value=\"es_ES\" \/><input type=\"hidden\" name=\"_wpcf7_unit_tag\" value=\"wpcf7-f1187-o1\" \/><input type=\"hidden\" name=\"_wpcf7_container_post\" value=\"0\" \/><input type=\"hidden\" name=\"_wpcf7_posted_data_hash\" value=\"\" \/><input type=\"hidden\" name=\"_wpcf7_recaptcha_response\" value=\"\" \/>\n<\/fieldset>\n<p><label> Nombre y apellidos*<br \/>\n<span class=\"wpcf7-form-control-wrap\" data-name=\"nombre-apellidos\"><input size=\"40\" maxlength=\"400\" class=\"wpcf7-form-control wpcf7-text wpcf7-validates-as-required\" aria-required=\"true\" aria-invalid=\"false\" value=\"\" type=\"text\" name=\"nombre-apellidos\" \/><\/span> <\/label>\n<\/p>\n<p><label> NIF\/NIE\/CIF*<br \/>\n<span class=\"wpcf7-form-control-wrap\" data-name=\"nif-nie-cif\"><input size=\"40\" maxlength=\"400\" class=\"wpcf7-form-control wpcf7-text wpcf7-validates-as-required\" aria-required=\"true\" aria-invalid=\"false\" value=\"\" type=\"text\" name=\"nif-nie-cif\" \/><\/span> <\/label>\n<\/p>\n<p><label> E-mail<br \/>\n<span class=\"wpcf7-form-control-wrap\" data-name=\"email\"><input size=\"40\" maxlength=\"400\" class=\"wpcf7-form-control wpcf7-email wpcf7-validates-as-required wpcf7-text wpcf7-validates-as-email\" aria-required=\"true\" aria-invalid=\"false\" value=\"\" type=\"email\" name=\"email\" \/><\/span> <\/label>\n<\/p>\n<p><label> Tel\u00e9fono*<br \/>\n<span class=\"wpcf7-form-control-wrap\" data-name=\"telefono\"><input size=\"40\" maxlength=\"400\" class=\"wpcf7-form-control wpcf7-tel wpcf7-validates-as-required wpcf7-text wpcf7-validates-as-tel\" aria-required=\"true\" aria-invalid=\"false\" value=\"\" type=\"tel\" name=\"telefono\" \/><\/span> <\/label>\n<\/p>\n<p><label> N\u00ba de pedido*<br \/>\n<span class=\"wpcf7-form-control-wrap\" data-name=\"numero-pedido\"><input class=\"wpcf7-form-control wpcf7-number wpcf7-validates-as-required wpcf7-validates-as-number\" aria-required=\"true\" aria-invalid=\"false\" value=\"\" type=\"number\" name=\"numero-pedido\" \/><\/span> <\/label>\n<\/p>\n<p><label> Producto a cambiar y talla correspondiente*<br \/>\n<span class=\"wpcf7-form-control-wrap\" data-name=\"producto-a-cambiar\"><input size=\"40\" maxlength=\"400\" class=\"wpcf7-form-control wpcf7-text wpcf7-validates-as-required\" aria-required=\"true\" aria-invalid=\"false\" value=\"\" type=\"text\" name=\"producto-a-cambiar\" \/><\/span> <\/label>\n<\/p>\n<p><label> Nueva talla deseada*<br \/>\n<span class=\"wpcf7-form-control-wrap\" data-name=\"nueva-talla-deseada\"><input size=\"40\" maxlength=\"400\" class=\"wpcf7-form-control wpcf7-text wpcf7-validates-as-required\" aria-required=\"true\" aria-invalid=\"false\" value=\"\" type=\"text\" name=\"nueva-talla-deseada\" \/><\/span> <\/label>\n<\/p>\n<p><label> Lugar de recogida del producto (Calle, C\u00f3digo postal, Provincia)*<br \/>\n<span class=\"wpcf7-form-control-wrap\" data-name=\"direccion-recogida\"><input size=\"40\" maxlength=\"400\" class=\"wpcf7-form-control wpcf7-text wpcf7-validates-as-required\" aria-required=\"true\" aria-invalid=\"false\" value=\"\" type=\"text\" name=\"direccion-recogida\" \/><\/span> <\/label>\n<\/p>\n<p><label> D\u00eda preferente de recogida del producto*<br \/>\n<span class=\"wpcf7-form-control-wrap\" data-name=\"fecha-recogida\"><input class=\"wpcf7-form-control wpcf7-date wpcf7-validates-as-required wpcf7-validates-as-date\" aria-required=\"true\" aria-invalid=\"false\" value=\"\" type=\"date\" name=\"fecha-recogida\" \/><\/span> <\/label>\n<\/p>\n<p><label> Horario preferente de recogida del producto*<br \/>\n<span class=\"wpcf7-form-control-wrap\" data-name=\"horario-recogida\"><select class=\"wpcf7-form-control wpcf7-select wpcf7-validates-as-required\" aria-required=\"true\" aria-invalid=\"false\" name=\"horario-recogida\"><option value=\"Ma\u00f1ana\">Ma\u00f1ana<\/option><option value=\"Tarde\">Tarde<\/option><\/select><\/span> <\/label>\n<\/p>\n<p><label> Comentarios adicionales<br \/>\n<span class=\"wpcf7-form-control-wrap\" data-name=\"comentarios-adicionales\"><textarea cols=\"40\" rows=\"10\" maxlength=\"2000\" class=\"wpcf7-form-control wpcf7-textarea\" aria-invalid=\"false\" name=\"comentarios-adicionales\"><\/textarea><\/span> <\/label>\n<\/p>\n<p><b>Le informamos que solo dispone un cambio de talla\/devoluci\u00f3n por pedido. Los productos a medida no est\u00e1n sujetos a cambios ni devoluciones. Revise la informaci\u00f3n antes de enviar. Le responderemos indic\u00e1ndole la fecha y hora de recogida del pedido.<\/b>\n<\/p>\n<p><span class=\"wpcf7-form-control-wrap\" data-name=\"acceptance-217\"><span class=\"wpcf7-form-control wpcf7-acceptance\"><span class=\"wpcf7-list-item\"><label><input type=\"checkbox\" name=\"acceptance-217\" value=\"1\" aria-invalid=\"false\" \/><span class=\"wpcf7-list-item-label\"><b>Antes de firmar la solicitud, deber\u00e1 consultar la informaci\u00f3n relativa a nuestra pol\u00edtica de protecci\u00f3n de datos, puede consultar la informaci\u00f3n adicional y detallada sobre Protecci\u00f3n de Datos en: <a href=\"https:\/\/lienza.com\/es\/wp-content\/uploads\/sites\/6\/2023\/10\/Politica_privacidad_cookies.pdf\">Pol\u00edtica de privacidad<\/a><\/b><\/span><\/label><\/span><\/span><\/span>\n<\/p>\n<p><input class=\"wpcf7-form-control wpcf7-submit has-spinner\" type=\"submit\" value=\"Enviar\" \/>\n<\/p><input type='hidden' class='wpcf7-pum' value='{\"closepopup\":false,\"closedelay\":0,\"openpopup\":false,\"openpopup_id\":0}' \/><div class=\"wpcf7-response-output\" aria-hidden=\"true\"><\/div>\n<\/form>\n<\/div>\n\n<\/div>\n\n\n\n<div class=\"wp-block-uagb-tabs-child uagb-tabs__body-container uagb-inner-tab-1\" aria-labelledby=\"uagb-tabs__tab1\">\n<div class=\"wp-block-uagb-advanced-heading uagb-block-07bbcd87\"><h2 class=\"uagb-heading-text\">Formulario de devoluci\u00f3n<\/h2><\/div>\n\n\n\n<div class=\"wpcf7 no-js\" id=\"wpcf7-f1242-o2\" lang=\"es-ES\" dir=\"ltr\" data-wpcf7-id=\"1242\">\n<div class=\"screen-reader-response\"><p role=\"status\" aria-live=\"polite\" aria-atomic=\"true\"><\/p> <ul><\/ul><\/div>\n<form action=\"\/es\/wp-json\/wp\/v2\/pages\/1188#wpcf7-f1242-o2\" method=\"post\" class=\"wpcf7-form init\" aria-label=\"Formulario de contacto\" novalidate=\"novalidate\" data-status=\"init\">\n<fieldset class=\"hidden-fields-container\"><input type=\"hidden\" name=\"_wpcf7\" value=\"1242\" \/><input type=\"hidden\" name=\"_wpcf7_version\" value=\"6.1.5\" \/><input type=\"hidden\" name=\"_wpcf7_locale\" value=\"es_ES\" \/><input type=\"hidden\" name=\"_wpcf7_unit_tag\" value=\"wpcf7-f1242-o2\" \/><input type=\"hidden\" name=\"_wpcf7_container_post\" value=\"0\" \/><input type=\"hidden\" name=\"_wpcf7_posted_data_hash\" value=\"\" \/><input type=\"hidden\" name=\"_wpcf7_recaptcha_response\" value=\"\" \/>\n<\/fieldset>\n<p><label> Nombre y apellidos*<br \/>\n<span class=\"wpcf7-form-control-wrap\" data-name=\"nombre-apellidos\"><input size=\"40\" maxlength=\"400\" class=\"wpcf7-form-control wpcf7-text wpcf7-validates-as-required\" aria-required=\"true\" aria-invalid=\"false\" value=\"\" type=\"text\" name=\"nombre-apellidos\" \/><\/span> <\/label>\n<\/p>\n<p><label> NIF\/NIE\/CIF*<br \/>\n<span class=\"wpcf7-form-control-wrap\" data-name=\"nif-nie-cif\"><input size=\"40\" maxlength=\"400\" class=\"wpcf7-form-control wpcf7-text wpcf7-validates-as-required\" aria-required=\"true\" aria-invalid=\"false\" value=\"\" type=\"text\" name=\"nif-nie-cif\" \/><\/span> <\/label>\n<\/p>\n<p><label> E-mail<br \/>\n<span class=\"wpcf7-form-control-wrap\" data-name=\"email\"><input size=\"40\" maxlength=\"400\" class=\"wpcf7-form-control wpcf7-email wpcf7-validates-as-required wpcf7-text wpcf7-validates-as-email\" aria-required=\"true\" aria-invalid=\"false\" value=\"\" type=\"email\" name=\"email\" \/><\/span> <\/label>\n<\/p>\n<p><label> Tel\u00e9fono*<br \/>\n<span class=\"wpcf7-form-control-wrap\" data-name=\"telefono\"><input size=\"40\" maxlength=\"400\" class=\"wpcf7-form-control wpcf7-tel wpcf7-validates-as-required wpcf7-text wpcf7-validates-as-tel\" aria-required=\"true\" aria-invalid=\"false\" value=\"\" type=\"tel\" name=\"telefono\" \/><\/span> <\/label>\n<\/p>\n<p><label> N\u00ba de pedido*<br \/>\n<span class=\"wpcf7-form-control-wrap\" data-name=\"numero-pedido\"><input class=\"wpcf7-form-control wpcf7-number wpcf7-validates-as-required wpcf7-validates-as-number\" aria-required=\"true\" aria-invalid=\"false\" value=\"\" type=\"number\" name=\"numero-pedido\" \/><\/span> <\/label>\n<\/p>\n<p><label> Productos a devolver*<br \/>\n<span class=\"wpcf7-form-control-wrap\" data-name=\"producto-a-cambiar\"><input size=\"40\" maxlength=\"400\" class=\"wpcf7-form-control wpcf7-text wpcf7-validates-as-required\" aria-required=\"true\" aria-invalid=\"false\" value=\"\" type=\"text\" name=\"producto-a-cambiar\" \/><\/span> <\/label>\n<\/p>\n<p><label> Lugar de recogida del producto (Calle, C\u00f3digo postal, Provincia)*<br \/>\n<span class=\"wpcf7-form-control-wrap\" data-name=\"direccion-recogida\"><input size=\"40\" maxlength=\"400\" class=\"wpcf7-form-control wpcf7-text wpcf7-validates-as-required\" aria-required=\"true\" aria-invalid=\"false\" value=\"\" type=\"text\" name=\"direccion-recogida\" \/><\/span> <\/label>\n<\/p>\n<p><label> D\u00eda preferente de recogida del producto*<br \/>\n<span class=\"wpcf7-form-control-wrap\" data-name=\"fecha-recogida\"><input class=\"wpcf7-form-control wpcf7-date wpcf7-validates-as-required wpcf7-validates-as-date\" aria-required=\"true\" aria-invalid=\"false\" value=\"\" type=\"date\" name=\"fecha-recogida\" \/><\/span> <\/label>\n<\/p>\n<p><label> Horario preferente de recogida del producto*<br \/>\n<span class=\"wpcf7-form-control-wrap\" data-name=\"horario-recogida\"><select class=\"wpcf7-form-control wpcf7-select wpcf7-validates-as-required\" aria-required=\"true\" aria-invalid=\"false\" name=\"horario-recogida\"><option value=\"Ma\u00f1ana\">Ma\u00f1ana<\/option><option value=\"Tarde\">Tarde<\/option><\/select><\/span> <\/label>\n<\/p>\n<p><label> \u00bfC\u00f3mo podemos mejorar? Ind\u00edquenos el motivo de devoluci\u00f3n y como podemos mejorar para ofrecerle un mejor servicio.<br \/>\n<span class=\"wpcf7-form-control-wrap\" data-name=\"motivos-devolucion\"><textarea cols=\"40\" rows=\"10\" maxlength=\"2000\" class=\"wpcf7-form-control wpcf7-textarea\" aria-invalid=\"false\" name=\"motivos-devolucion\"><\/textarea><\/span> <\/label>\n<\/p>\n<p><label> Comentarios adicionales<br \/>\n<span class=\"wpcf7-form-control-wrap\" data-name=\"comentarios-adicionales\"><textarea cols=\"40\" rows=\"10\" maxlength=\"2000\" class=\"wpcf7-form-control wpcf7-textarea\" aria-invalid=\"false\" name=\"comentarios-adicionales\"><\/textarea><\/span> <\/label>\n<\/p>\n<p><b>Le informamos que solo dispone un cambio de talla\/devoluci\u00f3n por pedido. Los productos a medida no est\u00e1n sujetos a cambios ni devoluciones. Revise la informaci\u00f3n antes de enviar. Le responderemos indic\u00e1ndole la fecha y hora de recogida del pedido.<\/b>\n<\/p>\n<p><span class=\"wpcf7-form-control-wrap\" data-name=\"acceptance-217\"><span class=\"wpcf7-form-control wpcf7-acceptance\"><span class=\"wpcf7-list-item\"><label><input type=\"checkbox\" name=\"acceptance-217\" value=\"1\" aria-invalid=\"false\" \/><span class=\"wpcf7-list-item-label\"><b>Antes de firmar la solicitud, deber\u00e1 consultar la informaci\u00f3n relativa a nuestra pol\u00edtica de protecci\u00f3n de datos, puede consultar la informaci\u00f3n adicional y detallada sobre Protecci\u00f3n de Datos en: <a href=\"https:\/\/lienza.com\/es\/wp-content\/uploads\/sites\/6\/2023\/10\/Politica_privacidad_cookies.pdf\">Pol\u00edtica de privacidad<\/a><\/b><\/span><\/label><\/span><\/span><\/span>\n<\/p>\n<p><input class=\"wpcf7-form-control wpcf7-submit has-spinner\" type=\"submit\" value=\"Enviar\" \/>\n<\/p><input type='hidden' class='wpcf7-pum' value='{\"closepopup\":false,\"closedelay\":0,\"openpopup\":false,\"openpopup_id\":0}' \/><div class=\"wpcf7-response-output\" aria-hidden=\"true\"><\/div>\n<\/form>\n<\/div>\n\n<\/div>\n\n\n\n<div class=\"wp-block-uagb-tabs-child uagb-tabs__body-container uagb-inner-tab-2\" aria-labelledby=\"uagb-tabs__tab2\">\n<p>Lorem ipsum dolor sit amet, consectetur adipiscing elit. Ut elit tellus, luctus nec ullamcorper mattis, pulvinar dapibus leo.<\/p>\n<\/div>\n\n\n\n<div class=\"wp-block-uagb-tabs-child uagb-tabs__body-container uagb-inner-tab-3\" aria-labelledby=\"uagb-tabs__tab3\">\n<p>Lorem ipsum dolor sit amet, consectetur adipiscing elit. Ut elit tellus, luctus nec ullamcorper mattis, pulvinar dapibus leo.<\/p>\n<\/div>\n<\/div><\/div>\n","protected":false},"excerpt":{"rendered":"","protected":false},"author":1,"featured_media":0,"parent":0,"menu_order":0,"comment_status":"closed","ping_status":"closed","template":"","meta":{"_uag_custom_page_level_css":"","site-sidebar-layout":"default","site-content-layout":"","ast-site-content-layout":"default","site-content-style":"default","site-sidebar-style":"default","ast-global-header-display":"","ast-banner-title-visibility":"","ast-main-header-display":"","ast-hfb-above-header-display":"","ast-hfb-below-header-display":"","ast-hfb-mobile-header-display":"","site-post-title":"","ast-breadcrumbs-content":"","ast-featured-img":"","footer-sml-layout":"","ast-disable-related-posts":"","theme-transparent-header-meta":"","adv-header-id-meta":"","stick-header-meta":"","header-above-stick-meta":"","header-main-stick-meta":"","header-below-stick-meta":"","astra-migrate-meta-layouts":"default","ast-page-background-enabled":"default","ast-page-background-meta":{"desktop":{"background-color":"var(--ast-global-color-4)","background-image":"","background-repeat":"repeat","background-position":"center center","background-size":"auto","background-attachment":"scroll","background-type":"","background-media":"","overlay-type":"","overlay-color":"","overlay-opacity":"","overlay-gradient":""},"tablet":{"background-color":"","background-image":"","background-repeat":"repeat","background-position":"center center","background-size":"auto","background-attachment":"scroll","background-type":"","background-media":"","overlay-type":"","overlay-color":"","overlay-opacity":"","overlay-gradient":""},"mobile":{"background-color":"","background-image":"","background-repeat":"repeat","background-position":"center center","background-size":"auto","background-attachment":"scroll","background-type":"","background-media":"","overlay-type":"","overlay-color":"","overlay-opacity":"","overlay-gradient":""}},"ast-content-background-meta":{"desktop":{"background-color":"var(--ast-global-color-5)","background-image":"","background-repeat":"repeat","background-position":"center center","background-size":"auto","background-attachment":"scroll","background-type":"","background-media":"","overlay-type":"","overlay-color":"","overlay-opacity":"","overlay-gradient":""},"tablet":{"background-color":"var(--ast-global-color-5)","background-image":"","background-repeat":"repeat","background-position":"center center","background-size":"auto","background-attachment":"scroll","background-type":"","background-media":"","overlay-type":"","overlay-color":"","overlay-opacity":"","overlay-gradient":""},"mobile":{"background-color":"var(--ast-global-color-5)","background-image":"","background-repeat":"repeat","background-position":"center center","background-size":"auto","background-attachment":"scroll","background-type":"","background-media":"","overlay-type":"","overlay-color":"","overlay-opacity":"","overlay-gradient":""}},"footnotes":""},"class_list":["post-1188","page","type-page","status-publish","hentry"],"uagb_featured_image_src":{"full":false,"thumbnail":false,"medium":false,"medium_large":false,"large":false,"1536x1536":false,"2048x2048":false,"woocommerce_thumbnail":false,"woocommerce_single":false,"woocommerce_gallery_thumbnail":false,"dgwt-wcas-product-suggestion":false},"uagb_author_info":{"display_name":"admin","author_link":"https:\/\/lienza.com\/es\/author\/jsanchez\/"},"uagb_comment_info":0,"uagb_excerpt":null,"_links":{"self":[{"href":"https:\/\/lienza.com\/es\/wp-json\/wp\/v2\/pages\/1188","targetHints":{"allow":["GET"]}}],"collection":[{"href":"https:\/\/lienza.com\/es\/wp-json\/wp\/v2\/pages"}],"about":[{"href":"https:\/\/lienza.com\/es\/wp-json\/wp\/v2\/types\/page"}],"author":[{"embeddable":true,"href":"https:\/\/lienza.com\/es\/wp-json\/wp\/v2\/users\/1"}],"replies":[{"embeddable":true,"href":"https:\/\/lienza.com\/es\/wp-json\/wp\/v2\/comments?post=1188"}],"version-history":[{"count":0,"href":"https:\/\/lienza.com\/es\/wp-json\/wp\/v2\/pages\/1188\/revisions"}],"wp:attachment":[{"href":"https:\/\/lienza.com\/es\/wp-json\/wp\/v2\/media?parent=1188"}],"curies":[{"name":"wp","href":"https:\/\/api.w.org\/{rel}","templated":true}]}}