{"id":42,"date":"2023-01-04T13:48:09","date_gmt":"2023-01-04T13:48:09","guid":{"rendered":"https:\/\/lienza.com\/company\/?page_id=42"},"modified":"2024-03-13T10:41:04","modified_gmt":"2024-03-13T10:41:04","slug":"idi-y-sostenibilidad","status":"publish","type":"page","link":"https:\/\/lienza.com\/company\/fr\/idi-y-sostenibilidad\/","title":{"rendered":"R&amp;D&amp;I et d\u00e9veloppement durable"},"content":{"rendered":"<div class=\"wp-block-uagb-container uagb-block-1ec7e748 alignfull uagb-is-root-container\"><div class=\"uagb-container-inner-blocks-wrap\">\n<div class=\"wp-block-uagb-container uagb-block-099a546b\">\n<div class=\"wp-block-uagb-advanced-heading uagb-block-24fed297\"><h1 class=\"uagb-heading-text\">Tecnolog\u00eda y sostenibilidad como camino\u200b<\/h1><\/div>\n\n\n\n<p class=\"has-text-align-center has-medium-font-size\">Nous utilisons la technologie comme un alli\u00e9 non seulement pour notre propre d\u00e9veloppement, mais aussi pour l\u2019am\u00e9lioration de l\u2019environnement.<\/p>\n<\/div>\n\n\n\n<div class=\"wp-block-uagb-container uagb-block-3ee3e45e alignfull uagb-is-root-container\"><div class=\"uagb-container-inner-blocks-wrap\">\n<div class=\"wp-block-uagb-container uagb-block-aac1d28f\">\n<div class=\"wp-block-uagb-image uagb-block-72d6291e wp-block-uagb-image--layout-default wp-block-uagb-image--effect-static wp-block-uagb-image--align-none\"><figure class=\"wp-block-uagb-image__figure\"><img decoding=\"async\" srcset=\"https:\/\/lienza.com\/company\/wp-content\/uploads\/sites\/9\/2023\/01\/Fabrica_Lienza.webp \" sizes=\"auto, (max-width: 480px) 150px\" src=\"https:\/\/lienza.com\/company\/wp-content\/uploads\/sites\/9\/2023\/01\/Fabrica_Lienza.webp\" alt=\"\" class=\"uag-image-110\" width=\"724\" height=\"483\" title=\"\" loading=\"lazy\"\/><\/figure><\/div>\n<\/div>\n\n\n\n<div class=\"wp-block-uagb-container uagb-block-2d7608a4\">\n<h2 class=\"wp-block-heading\"><strong>Mat\u00e9riaux recycl\u00e9s<\/strong><\/h2>\n\n\n\n<p>Hemos conseguido aumentar la durabilidad, calidad y rendimiento t\u00e9cnico en gran cantidad de nuestras prendas utilizando materiales reciclados de <strong>\u00faltima generaci\u00f3n<\/strong>.<\/p>\n<\/div>\n<\/div><\/div>\n\n\n\n<div class=\"wp-block-uagb-container uagb-block-4c4ea72b alignfull uagb-is-root-container\"><div class=\"uagb-container-inner-blocks-wrap\">\n<div class=\"wp-block-uagb-container uagb-block-48970739\">\n<div class=\"wp-block-uagb-image uagb-block-117355c1 wp-block-uagb-image--layout-default wp-block-uagb-image--effect-static wp-block-uagb-image--align-none\"><figure class=\"wp-block-uagb-image__figure\"><img decoding=\"async\" srcset=\"https:\/\/lienza.com\/company\/wp-content\/uploads\/sites\/9\/2023\/01\/Sistema-ERP.webp \" sizes=\"auto, (max-width: 480px) 150px\" src=\"https:\/\/lienza.com\/company\/wp-content\/uploads\/sites\/9\/2023\/01\/Sistema-ERP.webp\" alt=\"\" class=\"uag-image-116\" width=\"724\" height=\"482\" title=\"\" loading=\"lazy\"\/><\/figure><\/div>\n<\/div>\n\n\n\n<div class=\"wp-block-uagb-container uagb-block-35af62d2\">\n<h2 class=\"wp-block-heading has-text-align-right\"><strong>Papier z\u00e9ro<\/strong><\/h2>\n\n\n\n<p class=\"has-text-align-right\">Gracias a nuestro software especializado y herramientas de gesti\u00f3n empresarial como ERP y otras herramientas digitales hemos <strong>reducido un 70% nuestro consumo de papel<\/strong>.<\/p>\n<\/div>\n<\/div><\/div>\n\n\n\n<div class=\"wp-block-uagb-container uagb-block-e2e60d73 alignfull uagb-is-root-container\"><div class=\"uagb-container-inner-blocks-wrap\">\n<div class=\"wp-block-uagb-container uagb-block-8eed7472\">\n<div class=\"wp-block-uagb-image uagb-block-5dee288e wp-block-uagb-image--layout-default wp-block-uagb-image--effect-static wp-block-uagb-image--align-none\"><figure class=\"wp-block-uagb-image__figure\"><img decoding=\"async\" srcset=\"https:\/\/lienza.com\/company\/wp-content\/uploads\/sites\/9\/2023\/01\/Energias_Renovables.webp \" sizes=\"auto, (max-width: 480px) 150px\" src=\"https:\/\/lienza.com\/company\/wp-content\/uploads\/sites\/9\/2023\/01\/Energias_Renovables.webp\" alt=\"\" class=\"uag-image-109\" width=\"724\" height=\"483\" title=\"\" loading=\"lazy\"\/><\/figure><\/div>\n<\/div>\n\n\n\n<div class=\"wp-block-uagb-container uagb-block-63199e37\">\n<h2 class=\"wp-block-heading\"><strong>Produisons de l\u2019\u00e9nergie<\/strong><\/h2>\n\n\n\n<p>Gran cantidad de la energ\u00eda que utilizamos es de origen <strong>fotovoltaica de producci\u00f3n propia<\/strong>. Tenemos la meta de conseguir un autoconsumo total para 2027.<\/p>\n<\/div>\n<\/div><\/div>\n\n\n\n<div class=\"wp-block-uagb-container uagb-block-52849d15 alignfull uagb-is-root-container\"><div class=\"uagb-container-inner-blocks-wrap\">\n<div class=\"wp-block-uagb-container uagb-block-f2306ba9\">\n<div class=\"wp-block-uagb-image uagb-block-fb9c922b wp-block-uagb-image--layout-default wp-block-uagb-image--effect-static wp-block-uagb-image--align-none\"><figure class=\"wp-block-uagb-image__figure\"><img decoding=\"async\" srcset=\"https:\/\/lienza.com\/company\/wp-content\/uploads\/sites\/9\/2023\/01\/Impresion3D.webp \" sizes=\"auto, (max-width: 480px) 150px\" src=\"https:\/\/lienza.com\/company\/wp-content\/uploads\/sites\/9\/2023\/01\/Impresion3D.webp\" alt=\"\" class=\"uag-image-112\" width=\"724\" height=\"483\" title=\"\" loading=\"lazy\"\/><\/figure><\/div>\n<\/div>\n\n\n\n<div class=\"wp-block-uagb-container uagb-block-8d5918a7\">\n<h2 class=\"wp-block-heading has-text-align-right\"><strong>Une technologie de pointe<\/strong><\/h2>\n\n\n\n<p class=\"has-text-align-right\">Estamos en continuo contacto con los nuevos avances gracias a nuestro <strong>departamento TIC y equipo de Ingenieros<\/strong>. Queda patente en desarrollo de productos mediante impresi\u00f3n 3D, desarrollo propio de software etc.<\/p>\n<\/div>\n<\/div><\/div>\n\n\n\n<div class=\"wp-block-uagb-container uagb-block-04e0161e alignfull uagb-is-root-container\"><div class=\"uagb-container-inner-blocks-wrap\">\n<div class=\"wp-block-uagb-container uagb-block-fd0fdfea\">\n<div class=\"wp-block-uagb-image uagb-block-98fd3306 wp-block-uagb-image--layout-default wp-block-uagb-image--effect-static wp-block-uagb-image--align-none\"><figure class=\"wp-block-uagb-image__figure\"><img decoding=\"async\" srcset=\"https:\/\/lienza.com\/company\/wp-content\/uploads\/sites\/9\/2023\/01\/Control_Automatico_Calidad.webp \" sizes=\"auto, (max-width: 480px) 150px\" src=\"https:\/\/lienza.com\/company\/wp-content\/uploads\/sites\/9\/2023\/01\/Control_Automatico_Calidad.webp\" alt=\"\" class=\"uag-image-108\" width=\"724\" height=\"483\" title=\"\" loading=\"lazy\"\/><\/figure><\/div>\n<\/div>\n\n\n\n<div class=\"wp-block-uagb-container uagb-block-14554b19\">\n<h2 class=\"wp-block-heading\"><strong>Contr\u00f4le automatique de la qualit\u00e9<\/strong><\/h2>\n\n\n\n<p>Utilizamos m\u00e9todos automatizados de control de calidad en todos los procesos para brindar una experiencia final perfecta en nuestros productos. Utilizamos m\u00e9todos como <strong>Lean Manufacturing<\/strong>, <strong>Seis Sigma<\/strong> e <strong>ISO 9000<\/strong>.<\/p>\n<\/div>\n<\/div><\/div>\n<\/div><\/div>","protected":false},"excerpt":{"rendered":"<p>Tecnolog\u00eda y sostenibilidad como camino\u200b Usamos la tecnolog\u00eda como aliada no solo para nuestro propio desarrollo, sino tambi\u00e9n para la mejora del medio ambiente. Materiales reciclados Hemos conseguido aumentar la durabilidad, calidad y rendimiento t\u00e9cnico en gran cantidad de nuestras prendas utilizando materiales reciclados de \u00faltima generaci\u00f3n. Cero papel Gracias a nuestro software especializado y [&hellip;]<\/p>\n","protected":false},"author":1,"featured_media":0,"parent":0,"menu_order":0,"comment_status":"closed","ping_status":"closed","template":"","meta":{"_uag_custom_page_level_css":"","site-sidebar-layout":"default","site-content-layout":"","ast-site-content-layout":"default","site-content-style":"default","site-sidebar-style":"default","ast-global-header-display":"","ast-banner-title-visibility":"","ast-main-header-display":"","ast-hfb-above-header-display":"","ast-hfb-below-header-display":"","ast-hfb-mobile-header-display":"","site-post-title":"disabled","ast-breadcrumbs-content":"","ast-featured-img":"","footer-sml-layout":"","ast-disable-related-posts":"","theme-transparent-header-meta":"","adv-header-id-meta":"","stick-header-meta":"","header-above-stick-meta":"","header-main-stick-meta":"","header-below-stick-meta":"","astra-migrate-meta-layouts":"set","ast-page-background-enabled":"default","ast-page-background-meta":{"desktop":{"background-color":"var(--ast-global-color-4)","background-image":"","background-repeat":"repeat","background-position":"center center","background-size":"auto","background-attachment":"scroll","background-type":"","background-media":"","overlay-type":"","overlay-color":"","overlay-opacity":"","overlay-gradient":""},"tablet":{"background-color":"","background-image":"","background-repeat":"repeat","background-position":"center center","background-size":"auto","background-attachment":"scroll","background-type":"","background-media":"","overlay-type":"","overlay-color":"","overlay-opacity":"","overlay-gradient":""},"mobile":{"background-color":"","background-image":"","background-repeat":"repeat","background-position":"center center","background-size":"auto","background-attachment":"scroll","background-type":"","background-media":"","overlay-type":"","overlay-color":"","overlay-opacity":"","overlay-gradient":""}},"ast-content-background-meta":{"desktop":{"background-color":"var(--ast-global-color-5)","background-image":"","background-repeat":"repeat","background-position":"center center","background-size":"auto","background-attachment":"scroll","background-type":"","background-media":"","overlay-type":"","overlay-color":"","overlay-opacity":"","overlay-gradient":""},"tablet":{"background-color":"var(--ast-global-color-5)","background-image":"","background-repeat":"repeat","background-position":"center center","background-size":"auto","background-attachment":"scroll","background-type":"","background-media":"","overlay-type":"","overlay-color":"","overlay-opacity":"","overlay-gradient":""},"mobile":{"background-color":"var(--ast-global-color-5)","background-image":"","background-repeat":"repeat","background-position":"center center","background-size":"auto","background-attachment":"scroll","background-type":"","background-media":"","overlay-type":"","overlay-color":"","overlay-opacity":"","overlay-gradient":""}},"footnotes":""},"class_list":["post-42","page","type-page","status-publish","hentry"],"uagb_featured_image_src":{"full":false,"thumbnail":false,"medium":false,"medium_large":false,"large":false,"1536x1536":false,"2048x2048":false,"trp-custom-language-flag":false},"uagb_author_info":{"display_name":"admin","author_link":"https:\/\/lienza.com\/company\/fr\/author\/jsanchez\/"},"uagb_comment_info":0,"uagb_excerpt":"Tecnolog\u00eda y sostenibilidad como camino\u200b Usamos la tecnolog\u00eda como aliada no solo para nuestro propio desarrollo, sino tambi\u00e9n para la mejora del medio ambiente. Materiales reciclados Hemos conseguido aumentar la durabilidad, calidad y rendimiento t\u00e9cnico en gran cantidad de nuestras prendas utilizando materiales reciclados de \u00faltima generaci\u00f3n. Cero papel Gracias a nuestro software especializado y\u2026","_links":{"self":[{"href":"https:\/\/lienza.com\/company\/fr\/wp-json\/wp\/v2\/pages\/42","targetHints":{"allow":["GET"]}}],"collection":[{"href":"https:\/\/lienza.com\/company\/fr\/wp-json\/wp\/v2\/pages"}],"about":[{"href":"https:\/\/lienza.com\/company\/fr\/wp-json\/wp\/v2\/types\/page"}],"author":[{"embeddable":true,"href":"https:\/\/lienza.com\/company\/fr\/wp-json\/wp\/v2\/users\/1"}],"replies":[{"embeddable":true,"href":"https:\/\/lienza.com\/company\/fr\/wp-json\/wp\/v2\/comments?post=42"}],"version-history":[{"count":41,"href":"https:\/\/lienza.com\/company\/fr\/wp-json\/wp\/v2\/pages\/42\/revisions"}],"predecessor-version":[{"id":842,"href":"https:\/\/lienza.com\/company\/fr\/wp-json\/wp\/v2\/pages\/42\/revisions\/842"}],"wp:attachment":[{"href":"https:\/\/lienza.com\/company\/fr\/wp-json\/wp\/v2\/media?parent=42"}],"curies":[{"name":"wp","href":"https:\/\/api.w.org\/{rel}","templated":true}]}}