{"id":175,"date":"2023-01-16T20:04:12","date_gmt":"2023-01-16T20:04:12","guid":{"rendered":"https:\/\/lienza.com\/company\/?page_id=175"},"modified":"2024-03-07T15:42:21","modified_gmt":"2024-03-07T15:42:21","slug":"fabrica-confeccion-textil","status":"publish","type":"page","link":"https:\/\/lienza.com\/company\/fr\/fabrica-confeccion-textil\/","title":{"rendered":"F\u00e1brica de confecci\u00f3n Textil"},"content":{"rendered":"<div class=\"wp-block-uagb-container uagb-block-5b4b9e96 alignfull uagb-is-root-container\"><div class=\"uagb-container__video-wrap\"><video autoplay loop muted playsinline><source src=\"https:\/\/lienza.com\/company\/wp-content\/uploads\/sites\/9\/2024\/03\/Tejidos-lienza.mp4\" type=\"video\/mp4\"\/><\/video><\/div><div class=\"uagb-container-inner-blocks-wrap\">\n<div class=\"animated-heading responsive_sizes\" style=\"color: white; text-align: center;\">\n<h1 style=\"font-weight: 800;color: white;\">Servicio de Fabricaci\u00f3n Textil completo<\/h1>\n<p>Tu Socio Confiable en el Mundo de la Confecci\u00f3n Textil<\/p>\n<\/div>\n<\/div><\/div>\n\n\n\n<div class=\"wp-block-uagb-advanced-heading uagb-block-049303a4\"><h2 class=\"uagb-heading-text\"><strong>Nuestros servicios y proceso<\/strong><\/h2><\/div>\n\n\n\n<div style=\"width: 30%; height: 4px; background: linear-gradient(to right, #ffffff, #1B214AE6); margin-bottom: 5vh; border-radius: 0 10px 10px 0;\" ><\/div>\n\n\n\n<div class=\"wp-block-uagb-content-timeline uagb-timeline__outer-wrap uagb-block-3ee54994-49e1-4d25-8f0a-089d008a8922 uagb-timeline__content-wrap uagb-timeline__center-block  uagb-timeline__arrow-center uagb-timeline\">\n<article class=\"wp-block-uagb-content-timeline-child uagb-timeline__field uagb-timeline-child-f1bd5af6-0b69-440a-ad60-7cce7580f5a7 uagb-timeline__right\"><div class=\"uagb-timeline__marker out-view-uagb-timeline__icon\"><svg xmlns=\"https:\/\/www.w3.org\/2000\/svg\" viewbox=\"0 0 448 512\"><path d=\"M438.6 105.4C451.1 117.9 451.1 138.1 438.6 150.6L182.6 406.6C170.1 419.1 149.9 419.1 137.4 406.6L9.372 278.6C-3.124 266.1-3.124 245.9 9.372 233.4C21.87 220.9 42.13 220.9 54.63 233.4L159.1 338.7L393.4 105.4C405.9 92.88 426.1 92.88 438.6 105.4H438.6z\"><\/path><\/svg><\/div><div class=\"uagb-timeline__day-new uagb-timeline__day-right uagb-timeline__events-inner-new\"><div class=\"uagb-timeline__events-inner--content\"><h3 class=\"uagb-timeline__heading\">1. Dise\u00f1o<\/h3><p class=\"uagb-timeline-desc-content\">El departamento de dise\u00f1o, es el encargado de incorporar a nuestro producto las <strong>\u00faltimas tendencias<\/strong> tanto en funcionalidad como en <strong>tecnolog\u00eda textil<\/strong>, a fin de ofrecer a nuestros clientes la opci\u00f3n de mejora de sus prendas o bien el desarrollo de un nuevo dise\u00f1o.<\/p><div class=\"uagb-timeline__arrow\"><\/div><\/div><\/div><div class=\"uagb-timeline__date-new\"><\/div><\/article>\n\n\n\n<article class=\"wp-block-uagb-content-timeline-child uagb-timeline__field uagb-timeline-child-085e7777-d60f-4bfb-81b8-d33ee4593027 uagb-timeline__left\"><div class=\"uagb-timeline__marker out-view-uagb-timeline__icon\"><svg xmlns=\"https:\/\/www.w3.org\/2000\/svg\" viewbox=\"0 0 448 512\"><path d=\"M438.6 105.4C451.1 117.9 451.1 138.1 438.6 150.6L182.6 406.6C170.1 419.1 149.9 419.1 137.4 406.6L9.372 278.6C-3.124 266.1-3.124 245.9 9.372 233.4C21.87 220.9 42.13 220.9 54.63 233.4L159.1 338.7L393.4 105.4C405.9 92.88 426.1 92.88 438.6 105.4H438.6z\"><\/path><\/svg><\/div><div class=\"uagb-timeline__day-new uagb-timeline__day-left uagb-timeline__events-inner-new\"><div class=\"uagb-timeline__events-inner--content\"><h3 class=\"uagb-timeline__heading\">2. Cr\u00e9ation de patrons<\/h3><p class=\"uagb-timeline-desc-content\">Nuestro patronaje lo adoptamos a las necesidades del cliente, asignamos tallas a cada individuo, en funci\u00f3n de sus dimensiones antropom\u00e9tricas, para lo cual contemplamos diferentes configuraciones de largo, drop, etc. siendo el resultado <strong>equivalente a a la fabricaci\u00f3n de prendas a medida<\/strong>.<\/p><div class=\"uagb-timeline__arrow\"><\/div><\/div><\/div><div class=\"uagb-timeline__date-new\"><\/div><\/article>\n\n\n\n<article class=\"wp-block-uagb-content-timeline-child uagb-timeline__field uagb-timeline-child-f943d9ec-3c64-4576-b725-67b8bfc622f3 uagb-timeline__right\"><div class=\"uagb-timeline__marker out-view-uagb-timeline__icon\"><svg xmlns=\"https:\/\/www.w3.org\/2000\/svg\" viewbox=\"0 0 448 512\"><path d=\"M438.6 105.4C451.1 117.9 451.1 138.1 438.6 150.6L182.6 406.6C170.1 419.1 149.9 419.1 137.4 406.6L9.372 278.6C-3.124 266.1-3.124 245.9 9.372 233.4C21.87 220.9 42.13 220.9 54.63 233.4L159.1 338.7L393.4 105.4C405.9 92.88 426.1 92.88 438.6 105.4H438.6z\"><\/path><\/svg><\/div><div class=\"uagb-timeline__day-new uagb-timeline__day-right uagb-timeline__events-inner-new\"><div class=\"uagb-timeline__events-inner--content\"><h3 class=\"uagb-timeline__heading\">3. D\u00e9veloppement de prototypes<\/h3><p class=\"uagb-timeline-desc-content\">Creamos muestras o prototipos para evaluar el dise\u00f1o y el ajuste antes de la producci\u00f3n en masa. Una vez que el dise\u00f1o y el patr\u00f3n est\u00e1n listos, se crea una muestra para <strong>evaluar el ajuste y la funcionalidad<\/strong> del producto asegurando de esta manera la satisfacci\u00f3n del cliente con la prenda antes de su fabricaci\u00f3n.<\/p><div class=\"uagb-timeline__arrow\"><\/div><\/div><\/div><div class=\"uagb-timeline__date-new\"><\/div><\/article>\n\n\n\n<article class=\"wp-block-uagb-content-timeline-child uagb-timeline__field uagb-timeline-child-32658f51-c361-461b-8300-9638d505b97c uagb-timeline__left\"><div class=\"uagb-timeline__marker out-view-uagb-timeline__icon\"><svg xmlns=\"https:\/\/www.w3.org\/2000\/svg\" viewbox=\"0 0 448 512\"><path d=\"M438.6 105.4C451.1 117.9 451.1 138.1 438.6 150.6L182.6 406.6C170.1 419.1 149.9 419.1 137.4 406.6L9.372 278.6C-3.124 266.1-3.124 245.9 9.372 233.4C21.87 220.9 42.13 220.9 54.63 233.4L159.1 338.7L393.4 105.4C405.9 92.88 426.1 92.88 438.6 105.4H438.6z\"><\/path><\/svg><\/div><div class=\"uagb-timeline__day-new uagb-timeline__day-left uagb-timeline__events-inner-new\"><div class=\"uagb-timeline__events-inner--content\"><h3 class=\"uagb-timeline__heading\">4. Couper<\/h3><p class=\"uagb-timeline-desc-content\">Es importante tener en cuenta que el corte debe ser preciso para garantizar que las piezas se ajusten adecuadamente y se unan sin problemas en el proceso de confecci\u00f3n, por ello debe realizarse por <strong>personal cualificado<\/strong>. Nuestros a\u00f1os de experiencia en el sector garantizan un corte perfecto.<\/p><div class=\"uagb-timeline__arrow\"><\/div><\/div><\/div><div class=\"uagb-timeline__date-new\"><\/div><\/article>\n\n\n\n<article class=\"wp-block-uagb-content-timeline-child uagb-timeline__field uagb-timeline-child-1d016cda-10bc-4c21-98a3-a4880c5dca4a uagb-timeline__right\"><div class=\"uagb-timeline__marker out-view-uagb-timeline__icon\"><svg xmlns=\"https:\/\/www.w3.org\/2000\/svg\" viewbox=\"0 0 448 512\"><path d=\"M438.6 105.4C451.1 117.9 451.1 138.1 438.6 150.6L182.6 406.6C170.1 419.1 149.9 419.1 137.4 406.6L9.372 278.6C-3.124 266.1-3.124 245.9 9.372 233.4C21.87 220.9 42.13 220.9 54.63 233.4L159.1 338.7L393.4 105.4C405.9 92.88 426.1 92.88 438.6 105.4H438.6z\"><\/path><\/svg><\/div><div class=\"uagb-timeline__day-new uagb-timeline__day-right uagb-timeline__events-inner-new\"><div class=\"uagb-timeline__events-inner--content\"><h3 class=\"uagb-timeline__heading\">5. Confection<\/h3><p class=\"uagb-timeline-desc-content\">La fabricaci\u00f3n es llevada a cabo en <strong>centros propios<\/strong>, lo que nos permite asegurar la calidad de confecci\u00f3n, homogeneidad en tallas y tejidos, as\u00ed como la agilidad en plazos de suministro, cambios y reposiciones.<\/p><div class=\"uagb-timeline__arrow\"><\/div><\/div><\/div><div class=\"uagb-timeline__date-new\"><\/div><\/article>\n\n\n\n<article class=\"wp-block-uagb-content-timeline-child uagb-timeline__field uagb-timeline-child-5ea7d804-9374-4ec8-9aef-d38342b8acff uagb-timeline__left\"><div class=\"uagb-timeline__marker out-view-uagb-timeline__icon\"><svg xmlns=\"https:\/\/www.w3.org\/2000\/svg\" viewbox=\"0 0 448 512\"><path d=\"M438.6 105.4C451.1 117.9 451.1 138.1 438.6 150.6L182.6 406.6C170.1 419.1 149.9 419.1 137.4 406.6L9.372 278.6C-3.124 266.1-3.124 245.9 9.372 233.4C21.87 220.9 42.13 220.9 54.63 233.4L159.1 338.7L393.4 105.4C405.9 92.88 426.1 92.88 438.6 105.4H438.6z\"><\/path><\/svg><\/div><div class=\"uagb-timeline__day-new uagb-timeline__day-left uagb-timeline__events-inner-new\"><div class=\"uagb-timeline__events-inner--content\"><h3 class=\"uagb-timeline__heading\">6. Acabado<\/h3><p class=\"uagb-timeline-desc-content\">Este proceso puede incluir procesos como la <strong>planchado<\/strong> y <strong>doblado<\/strong> de las prendas. El acabado es importante para darle una buena apariencia al producto final.<\/p><div class=\"uagb-timeline__arrow\"><\/div><\/div><\/div><div class=\"uagb-timeline__date-new\"><\/div><\/article>\n\n\n\n<article class=\"wp-block-uagb-content-timeline-child uagb-timeline__field uagb-timeline-child-203a9dba-bf98-4853-83e3-b561a351a45d uagb-timeline__right\"><div class=\"uagb-timeline__marker out-view-uagb-timeline__icon\"><svg xmlns=\"https:\/\/www.w3.org\/2000\/svg\" viewbox=\"0 0 448 512\"><path d=\"M438.6 105.4C451.1 117.9 451.1 138.1 438.6 150.6L182.6 406.6C170.1 419.1 149.9 419.1 137.4 406.6L9.372 278.6C-3.124 266.1-3.124 245.9 9.372 233.4C21.87 220.9 42.13 220.9 54.63 233.4L159.1 338.7L393.4 105.4C405.9 92.88 426.1 92.88 438.6 105.4H438.6z\"><\/path><\/svg><\/div><div class=\"uagb-timeline__day-new uagb-timeline__day-right uagb-timeline__events-inner-new\"><div class=\"uagb-timeline__events-inner--content\"><h3 class=\"uagb-timeline__heading\">7. Control de calidad<\/h3><p class=\"uagb-timeline-desc-content\">Todas nuestras prendas son <strong>revisadas unitariamente<\/strong> tras su confecci\u00f3n y previamente a su acabado garantizando que cumple con los est\u00e1ndares de calidad y especificaciones propias y del cliente.<\/p><div class=\"uagb-timeline__arrow\"><\/div><\/div><\/div><div class=\"uagb-timeline__date-new\"><\/div><\/article>\n\n\n\n<article class=\"wp-block-uagb-content-timeline-child uagb-timeline__field uagb-timeline-child-4994f060-a236-4922-8408-35605c752ded uagb-timeline__left\"><div class=\"uagb-timeline__marker out-view-uagb-timeline__icon\"><svg xmlns=\"https:\/\/www.w3.org\/2000\/svg\" viewbox=\"0 0 448 512\"><path d=\"M438.6 105.4C451.1 117.9 451.1 138.1 438.6 150.6L182.6 406.6C170.1 419.1 149.9 419.1 137.4 406.6L9.372 278.6C-3.124 266.1-3.124 245.9 9.372 233.4C21.87 220.9 42.13 220.9 54.63 233.4L159.1 338.7L393.4 105.4C405.9 92.88 426.1 92.88 438.6 105.4H438.6z\"><\/path><\/svg><\/div><div class=\"uagb-timeline__day-new uagb-timeline__day-left uagb-timeline__events-inner-new\"><div class=\"uagb-timeline__events-inner--content\"><h3 class=\"uagb-timeline__heading\">8. Embalaje y etiquetado<\/h3><p class=\"uagb-timeline-desc-content\">Cada prenda queda <strong>controlada <\/strong>gracias a nuestro sistema integrado de seguimiento mediante etiquetado.<\/p><div class=\"uagb-timeline__arrow\"><\/div><\/div><\/div><div class=\"uagb-timeline__date-new\"><\/div><\/article>\n\n\n\n<article class=\"wp-block-uagb-content-timeline-child uagb-timeline__field uagb-timeline-child-c6874626 uagb-timeline__right\"><div class=\"uagb-timeline__marker out-view-uagb-timeline__icon\"><svg xmlns=\"https:\/\/www.w3.org\/2000\/svg\" viewbox=\"0 0 448 512\"><path d=\"M438.6 105.4C451.1 117.9 451.1 138.1 438.6 150.6L182.6 406.6C170.1 419.1 149.9 419.1 137.4 406.6L9.372 278.6C-3.124 266.1-3.124 245.9 9.372 233.4C21.87 220.9 42.13 220.9 54.63 233.4L159.1 338.7L393.4 105.4C405.9 92.88 426.1 92.88 438.6 105.4H438.6z\"><\/path><\/svg><\/div><div class=\"uagb-timeline__day-new uagb-timeline__day-right uagb-timeline__events-inner-new\"><div class=\"uagb-timeline__events-inner--content\"><h3 class=\"uagb-timeline__heading\">9. Log\u00edstica<\/h3><p class=\"uagb-timeline-desc-content\">Contamos con una <strong>red de transportistas y almacenes<\/strong> que garantizan tanto la rapidez como la seguridad en todos los env\u00edos a nuestros clientes.<\/p><div class=\"uagb-timeline__arrow\"><\/div><\/div><\/div><div class=\"uagb-timeline__date-new\"><\/div><\/article>\n\n\n\n<article class=\"wp-block-uagb-content-timeline-child uagb-timeline__field uagb-timeline-child-fee22d6a-05dc-46f2-a616-547f0c597204 uagb-timeline__left\"><div class=\"uagb-timeline__marker out-view-uagb-timeline__icon\"><svg xmlns=\"https:\/\/www.w3.org\/2000\/svg\" viewbox=\"0 0 448 512\"><path d=\"M438.6 105.4C451.1 117.9 451.1 138.1 438.6 150.6L182.6 406.6C170.1 419.1 149.9 419.1 137.4 406.6L9.372 278.6C-3.124 266.1-3.124 245.9 9.372 233.4C21.87 220.9 42.13 220.9 54.63 233.4L159.1 338.7L393.4 105.4C405.9 92.88 426.1 92.88 438.6 105.4H438.6z\"><\/path><\/svg><\/div><div class=\"uagb-timeline__day-new uagb-timeline__day-left uagb-timeline__events-inner-new\"><div class=\"uagb-timeline__events-inner--content\"><h3 class=\"uagb-timeline__heading\">10. Asistencia postventa<\/h3><p class=\"uagb-timeline-desc-content\">En Lienza consideramos que la satisfacci\u00f3n del cliente es lo m\u00e1s importante, por lo que tras realizar la producci\u00f3n <strong>seguimos en contacto<\/strong> para poder asegurarnos de ello. <\/p><div class=\"uagb-timeline__arrow\"><\/div><\/div><\/div><div class=\"uagb-timeline__date-new\"><\/div><\/article>\n<div class=\"uagb-timeline__line\"><div class=\"uagb-timeline__line__inner\"><\/div><\/div><\/div>","protected":false},"excerpt":{"rendered":"<p>Servicio de Fabricaci\u00f3n Textil completo Tu Socio Confiable en el Mundo de la Confecci\u00f3n Textil Nuestros servicios y proceso<\/p>","protected":false},"author":1,"featured_media":0,"parent":0,"menu_order":0,"comment_status":"closed","ping_status":"closed","template":"","meta":{"_uag_custom_page_level_css":"","site-sidebar-layout":"default","site-content-layout":"","ast-site-content-layout":"default","site-content-style":"default","site-sidebar-style":"default","ast-global-header-display":"","ast-banner-title-visibility":"","ast-main-header-display":"","ast-hfb-above-header-display":"","ast-hfb-below-header-display":"","ast-hfb-mobile-header-display":"","site-post-title":"disabled","ast-breadcrumbs-content":"","ast-featured-img":"","footer-sml-layout":"","ast-disable-related-posts":"","theme-transparent-header-meta":"","adv-header-id-meta":"","stick-header-meta":"","header-above-stick-meta":"","header-main-stick-meta":"","header-below-stick-meta":"","astra-migrate-meta-layouts":"set","ast-page-background-enabled":"default","ast-page-background-meta":{"desktop":{"background-color":"var(--ast-global-color-4)","background-image":"","background-repeat":"repeat","background-position":"center center","background-size":"auto","background-attachment":"scroll","background-type":"","background-media":"","overlay-type":"","overlay-color":"","overlay-opacity":"","overlay-gradient":""},"tablet":{"background-color":"","background-image":"","background-repeat":"repeat","background-position":"center center","background-size":"auto","background-attachment":"scroll","background-type":"","background-media":"","overlay-type":"","overlay-color":"","overlay-opacity":"","overlay-gradient":""},"mobile":{"background-color":"","background-image":"","background-repeat":"repeat","background-position":"center center","background-size":"auto","background-attachment":"scroll","background-type":"","background-media":"","overlay-type":"","overlay-color":"","overlay-opacity":"","overlay-gradient":""}},"ast-content-background-meta":{"desktop":{"background-color":"var(--ast-global-color-5)","background-image":"","background-repeat":"repeat","background-position":"center center","background-size":"auto","background-attachment":"scroll","background-type":"","background-media":"","overlay-type":"","overlay-color":"","overlay-opacity":"","overlay-gradient":""},"tablet":{"background-color":"var(--ast-global-color-5)","background-image":"","background-repeat":"repeat","background-position":"center center","background-size":"auto","background-attachment":"scroll","background-type":"","background-media":"","overlay-type":"","overlay-color":"","overlay-opacity":"","overlay-gradient":""},"mobile":{"background-color":"var(--ast-global-color-5)","background-image":"","background-repeat":"repeat","background-position":"center center","background-size":"auto","background-attachment":"scroll","background-type":"","background-media":"","overlay-type":"","overlay-color":"","overlay-opacity":"","overlay-gradient":""}},"footnotes":""},"class_list":["post-175","page","type-page","status-publish","hentry"],"uagb_featured_image_src":{"full":false,"thumbnail":false,"medium":false,"medium_large":false,"large":false,"1536x1536":false,"2048x2048":false,"trp-custom-language-flag":false},"uagb_author_info":{"display_name":"admin","author_link":"https:\/\/lienza.com\/company\/fr\/author\/jsanchez\/"},"uagb_comment_info":0,"uagb_excerpt":"Servicio de Fabricaci\u00f3n Textil completo Tu Socio Confiable en el Mundo de la Confecci\u00f3n Textil Nuestros servicios y proceso","_links":{"self":[{"href":"https:\/\/lienza.com\/company\/fr\/wp-json\/wp\/v2\/pages\/175","targetHints":{"allow":["GET"]}}],"collection":[{"href":"https:\/\/lienza.com\/company\/fr\/wp-json\/wp\/v2\/pages"}],"about":[{"href":"https:\/\/lienza.com\/company\/fr\/wp-json\/wp\/v2\/types\/page"}],"author":[{"embeddable":true,"href":"https:\/\/lienza.com\/company\/fr\/wp-json\/wp\/v2\/users\/1"}],"replies":[{"embeddable":true,"href":"https:\/\/lienza.com\/company\/fr\/wp-json\/wp\/v2\/comments?post=175"}],"version-history":[{"count":44,"href":"https:\/\/lienza.com\/company\/fr\/wp-json\/wp\/v2\/pages\/175\/revisions"}],"predecessor-version":[{"id":686,"href":"https:\/\/lienza.com\/company\/fr\/wp-json\/wp\/v2\/pages\/175\/revisions\/686"}],"wp:attachment":[{"href":"https:\/\/lienza.com\/company\/fr\/wp-json\/wp\/v2\/media?parent=175"}],"curies":[{"name":"wp","href":"https:\/\/api.w.org\/{rel}","templated":true}]}}