{"id":161,"date":"2023-01-13T10:18:00","date_gmt":"2023-01-13T10:18:00","guid":{"rendered":"https:\/\/lienza.com\/company\/?page_id=161"},"modified":"2024-03-08T10:47:37","modified_gmt":"2024-03-08T10:47:37","slug":"contacto","status":"publish","type":"page","link":"https:\/\/lienza.com\/company\/fr\/contacto\/","title":{"rendered":"Contact"},"content":{"rendered":"<div class=\"wp-block-uagb-advanced-heading uagb-block-cb112814\"><h1 class=\"uagb-heading-text\">Formulaire de contact<\/h1><\/div>\n\n\n\n<div class=\"wp-block-uagb-container uagb-block-19035783 alignfull uagb-is-root-container\"><div class=\"uagb-container-inner-blocks-wrap\">\n<div class=\"wp-block-uagb-container uagb-block-c4b781db\">\n<div class=\"wp-block-uagb-advanced-heading uagb-block-5ae0ed4c\"><h2 class=\"uagb-heading-text\">Otras formas de contacto<\/h2><\/div>\n\n\n\n<div class=\"wp-block-uagb-container hover-effect uagb-block-cd79648a\">\n<div class=\"wp-block-uagb-container uagb-block-4b6bb9c0\">\n<i class=\"fa-solid fa-phone icons-group\"><\/i>\n<\/div>\n\n\n\n<p class=\"has-medium-font-size\" style=\"padding-top:0;padding-right:0;padding-bottom:0;padding-left:0\">(+34) <strong>951204340<\/strong><\/p>\n<a class=\"spectra-container-link-overlay\" rel=\"noopener\" href=\"tel:+34951204340\" target=\"_blank\"> <\/a><\/div>\n\n\n\n<div class=\"wp-block-uagb-separator uagb-block-74f027ac is-style-dots\"><div class=\"wp-block-uagb-separator__inner\" style=\"--my-background-image:\"><\/div><\/div>\n\n\n\n<div class=\"wp-block-uagb-container hover-effect uagb-block-59b1adda\">\n<div class=\"wp-block-uagb-container uagb-block-07e34e36\">\n<i class=\"fa-solid fa-envelope icons-group\"><\/i>\n<\/div>\n\n\n\n<p class=\"has-medium-font-size\" style=\"padding-top:0;padding-right:0;padding-bottom:0;padding-left:0\">clientes@lienza.com<\/p>\n<a class=\"spectra-container-link-overlay\" rel=\"noopener\" href=\"mailto:clientes@lienza.com\" target=\"_blank\"> <\/a><\/div>\n\n\n\n<div class=\"wp-block-uagb-separator uagb-block-ad297146 is-style-dots\"><div class=\"wp-block-uagb-separator__inner\" style=\"--my-background-image:\"><\/div><\/div>\n\n\n\n<div class=\"wp-block-uagb-container hover-effect uagb-block-35c1a1a2\">\n<div class=\"wp-block-uagb-container uagb-block-452fe9a2\">\n<i class=\"fa-solid fa-location-dot icons-group\"><\/i>\n<\/div>\n\n\n\n<p class=\"has-medium-font-size\" style=\"padding-top:0;padding-right:0;padding-bottom:0;padding-left:0\">Espa\u00f1a, M\u00e1laga, Calle Flauta M\u00e1gica N\u00ba10<\/p>\n<a class=\"spectra-container-link-overlay\" rel=\"noopener\" href=\"https:\/\/www.google.com\/maps?q=Espa\u00f1a, M\u00e1laga, Calle Flauta M\u00e1gica N\u00ba10\" target=\"_blank\"> <\/a><\/div>\n<\/div>\n\n\n\n<div class=\"wp-block-uagb-container uagb-block-0cc1e237\">\n<div class=\"wp-block-uagb-advanced-heading uagb-block-953d1955\"><h2 class=\"uagb-heading-text\">Solicitar una llamada<\/h2><\/div>\n\n\n\n<div class=\"wpcf7 no-js\" id=\"wpcf7-f37-o1\" lang=\"es-ES\" dir=\"ltr\" data-wpcf7-id=\"37\">\n<div class=\"screen-reader-response\"><p role=\"status\" aria-live=\"polite\" aria-atomic=\"true\"><\/p> <ul><\/ul><\/div>\n<form action=\"\/company\/fr\/wp-json\/wp\/v2\/pages\/161#wpcf7-f37-o1\" method=\"post\" class=\"wpcf7-form init\" aria-label=\"Formulaire de contact\" novalidate=\"novalidate\" data-status=\"init\" data-trp-original-action=\"\/company\/fr\/wp-json\/wp\/v2\/pages\/161#wpcf7-f37-o1\">\n<fieldset class=\"hidden-fields-container\"><input type=\"hidden\" name=\"_wpcf7\" value=\"37\" \/><input type=\"hidden\" name=\"_wpcf7_version\" value=\"6.1.5\" \/><input type=\"hidden\" name=\"_wpcf7_locale\" value=\"es_ES\" \/><input type=\"hidden\" name=\"_wpcf7_unit_tag\" value=\"wpcf7-f37-o1\" \/><input type=\"hidden\" name=\"_wpcf7_container_post\" value=\"0\" \/><input type=\"hidden\" name=\"_wpcf7_posted_data_hash\" value=\"\" \/><input type=\"hidden\" name=\"_wpcf7_recaptcha_response\" value=\"\" \/>\n<\/fieldset>\n<p><label>Affaires*<br \/>\n<span class=\"wpcf7-form-control-wrap\" data-name=\"asunto\"><input size=\"40\" maxlength=\"400\" class=\"wpcf7-form-control wpcf7-text wpcf7-validates-as-required\" aria-required=\"true\" aria-invalid=\"false\" value=\"\" type=\"text\" name=\"asunto\" \/><\/span><br \/>\n<\/label>\n<\/p>\n<p><label>Nom \/ Organisation*<br \/>\n<span class=\"wpcf7-form-control-wrap\" data-name=\"nombre-organizacion\"><input size=\"40\" maxlength=\"400\" class=\"wpcf7-form-control wpcf7-text wpcf7-validates-as-required\" aria-required=\"true\" aria-invalid=\"false\" value=\"\" type=\"text\" name=\"nombre-organizacion\" \/><\/span><br \/>\n<\/label>\n<\/p>\n<div style=\"display: flex;\">\n\t<div style=\"flex: 1;\">\n\t\t<p><label>Email du contact*<br \/>\n<span class=\"wpcf7-form-control-wrap\" data-name=\"email\"><input size=\"40\" maxlength=\"400\" class=\"wpcf7-form-control wpcf7-email wpcf7-validates-as-required wpcf7-text wpcf7-validates-as-email\" aria-required=\"true\" aria-invalid=\"false\" value=\"\" type=\"email\" name=\"email\" \/><\/span><br \/>\n<\/label>\n\t\t<\/p>\n\t<\/div>\n\t<div style=\"flex: 1; margin-left: 10px;\">\n\t\t<p><label>T\u00e9l\u00e9phone de contact*<br \/>\n<span class=\"wpcf7-form-control-wrap\" data-name=\"telefono\"><input size=\"40\" maxlength=\"400\" class=\"wpcf7-form-control wpcf7-tel wpcf7-validates-as-required wpcf7-text wpcf7-validates-as-tel\" aria-required=\"true\" aria-invalid=\"false\" value=\"\" type=\"tel\" name=\"telefono\" \/><\/span><br \/>\n<\/label>\n\t\t<\/p>\n\t<\/div>\n<\/div>\n<p><label>Message*<br \/>\n<span class=\"wpcf7-form-control-wrap\" data-name=\"mensaje\"><textarea cols=\"40\" rows=\"10\" maxlength=\"2000\" class=\"wpcf7-form-control wpcf7-textarea wpcf7-validates-as-required\" aria-required=\"true\" aria-invalid=\"false\" name=\"mensaje\"><\/textarea><\/span><br \/>\n<\/label>\n<\/p>\n<p><span class=\"wpcf7-form-control-wrap\" data-name=\"acceptance-445\"><span class=\"wpcf7-form-control wpcf7-acceptance\"><span class=\"wpcf7-list-item\"><label><input type=\"checkbox\" name=\"acceptance-445\" value=\"1\" aria-invalid=\"false\" \/><span class=\"wpcf7-list-item-label\"><b>Antes de firmar la solicitud, deber\u00e1 consultar la informaci\u00f3n relativa a nuestra pol\u00edtica de protecci\u00f3n de datos, puede consultar la informaci\u00f3n adicional y detallada sobre Protecci\u00f3n de Datos en: <a href=\"https:\/\/lienza.com\/es\/wp-content\/uploads\/sites\/6\/2023\/10\/Politica_privacidad_cookies.pdf\">Pol\u00edtica de privacidad<\/a><\/b><\/span><\/label><\/span><\/span><\/span>\n<\/p>\n<p><input style=\"width:100%; border-radius:20px; margin: 10px;\" type=\"submit\" value=\"Envoyer\" \/>\n<\/p><div class=\"wpcf7-response-output\" aria-hidden=\"true\"><\/div>\n<input type=\"hidden\" name=\"trp-form-language\" value=\"fr\"\/><\/form>\n<\/div>\n\n<\/div>\n<\/div><\/div>","protected":false},"excerpt":{"rendered":"<p>Formulario de contacto Otras formas de contacto (+34) 951204340 clientes@lienza.com Espa\u00f1a, M\u00e1laga, Calle Flauta M\u00e1gica N\u00ba10 Solicitar una llamada<\/p>","protected":false},"author":1,"featured_media":0,"parent":0,"menu_order":0,"comment_status":"closed","ping_status":"closed","template":"","meta":{"_uag_custom_page_level_css":"","site-sidebar-layout":"default","site-content-layout":"","ast-site-content-layout":"default","site-content-style":"default","site-sidebar-style":"default","ast-global-header-display":"","ast-banner-title-visibility":"","ast-main-header-display":"","ast-hfb-above-header-display":"","ast-hfb-below-header-display":"","ast-hfb-mobile-header-display":"","site-post-title":"","ast-breadcrumbs-content":"","ast-featured-img":"","footer-sml-layout":"","ast-disable-related-posts":"","theme-transparent-header-meta":"","adv-header-id-meta":"","stick-header-meta":"","header-above-stick-meta":"","header-main-stick-meta":"","header-below-stick-meta":"","astra-migrate-meta-layouts":"set","ast-page-background-enabled":"default","ast-page-background-meta":{"desktop":{"background-color":"var(--ast-global-color-4)","background-image":"","background-repeat":"repeat","background-position":"center center","background-size":"auto","background-attachment":"scroll","background-type":"","background-media":"","overlay-type":"","overlay-color":"","overlay-opacity":"","overlay-gradient":""},"tablet":{"background-color":"","background-image":"","background-repeat":"repeat","background-position":"center center","background-size":"auto","background-attachment":"scroll","background-type":"","background-media":"","overlay-type":"","overlay-color":"","overlay-opacity":"","overlay-gradient":""},"mobile":{"background-color":"","background-image":"","background-repeat":"repeat","background-position":"center center","background-size":"auto","background-attachment":"scroll","background-type":"","background-media":"","overlay-type":"","overlay-color":"","overlay-opacity":"","overlay-gradient":""}},"ast-content-background-meta":{"desktop":{"background-color":"var(--ast-global-color-5)","background-image":"","background-repeat":"repeat","background-position":"center center","background-size":"auto","background-attachment":"scroll","background-type":"","background-media":"","overlay-type":"","overlay-color":"","overlay-opacity":"","overlay-gradient":""},"tablet":{"background-color":"var(--ast-global-color-5)","background-image":"","background-repeat":"repeat","background-position":"center center","background-size":"auto","background-attachment":"scroll","background-type":"","background-media":"","overlay-type":"","overlay-color":"","overlay-opacity":"","overlay-gradient":""},"mobile":{"background-color":"var(--ast-global-color-5)","background-image":"","background-repeat":"repeat","background-position":"center center","background-size":"auto","background-attachment":"scroll","background-type":"","background-media":"","overlay-type":"","overlay-color":"","overlay-opacity":"","overlay-gradient":""}},"footnotes":""},"class_list":["post-161","page","type-page","status-publish","hentry"],"uagb_featured_image_src":{"full":false,"thumbnail":false,"medium":false,"medium_large":false,"large":false,"1536x1536":false,"2048x2048":false,"trp-custom-language-flag":false},"uagb_author_info":{"display_name":"admin","author_link":"https:\/\/lienza.com\/company\/fr\/author\/jsanchez\/"},"uagb_comment_info":0,"uagb_excerpt":"Formulario de contacto Otras formas de contacto (+34) 951204340 clientes@lienza.com Espa\u00f1a, M\u00e1laga, Calle Flauta M\u00e1gica N\u00ba10 Solicitar una llamada","_links":{"self":[{"href":"https:\/\/lienza.com\/company\/fr\/wp-json\/wp\/v2\/pages\/161","targetHints":{"allow":["GET"]}}],"collection":[{"href":"https:\/\/lienza.com\/company\/fr\/wp-json\/wp\/v2\/pages"}],"about":[{"href":"https:\/\/lienza.com\/company\/fr\/wp-json\/wp\/v2\/types\/page"}],"author":[{"embeddable":true,"href":"https:\/\/lienza.com\/company\/fr\/wp-json\/wp\/v2\/users\/1"}],"replies":[{"embeddable":true,"href":"https:\/\/lienza.com\/company\/fr\/wp-json\/wp\/v2\/comments?post=161"}],"version-history":[{"count":41,"href":"https:\/\/lienza.com\/company\/fr\/wp-json\/wp\/v2\/pages\/161\/revisions"}],"predecessor-version":[{"id":831,"href":"https:\/\/lienza.com\/company\/fr\/wp-json\/wp\/v2\/pages\/161\/revisions\/831"}],"wp:attachment":[{"href":"https:\/\/lienza.com\/company\/fr\/wp-json\/wp\/v2\/media?parent=161"}],"curies":[{"name":"wp","href":"https:\/\/api.w.org\/{rel}","templated":true}]}}