{"id":44,"date":"2023-01-04T13:48:37","date_gmt":"2023-01-04T13:48:37","guid":{"rendered":"https:\/\/lienza.com\/company\/?page_id=44"},"modified":"2024-03-08T09:01:32","modified_gmt":"2024-03-08T09:01:32","slug":"trabaja-con-nosotros","status":"publish","type":"page","link":"https:\/\/lienza.com\/company\/es\/trabaja-con-nosotros\/","title":{"rendered":"Trabaja con nosotros"},"content":{"rendered":"\n<div class=\"wp-block-uagb-container uagb-block-c2057292 alignfull uagb-is-root-container\"><div class=\"uagb-container__video-wrap\"><video autoplay loop muted playsinline><source src=\"https:\/\/lienza.com\/company\/wp-content\/uploads\/sites\/9\/2023\/01\/Oficina_Lienza.mp4\" type=\"video\/mp4\"\/><\/video><\/div><div class=\"uagb-container-inner-blocks-wrap\">\n<div class=\"wp-block-uagb-advanced-heading uagb-block-7d9fa31b animated-heading\"><h1 class=\"uagb-heading-text\"><strong>No solo una F\u00e1brica de confecci\u00f3n Textil<\/strong><\/h1><\/div>\n\n\n\n<p class=\"has-text-align-center animated-heading has-ast-global-color-5-color has-text-color has-link-color has-medium-font-size wp-elements-c867c77a2df094e992765e205bd0fe83\">Somos las personas y el talento que la componen<\/p>\n<\/div><\/div>\n\n\n\n<div class=\"wp-block-uagb-advanced-heading uagb-block-6508147f\"><h2 class=\"uagb-heading-text\">Construye el futuro textil con Lienza<\/h2><\/div>\n\n\n\n<p class=\"has-text-align-center\">Lo que une a los empleados de Lienza es el esfuerzo para deleitar a nuestros clientes y hacerles la vida m\u00e1s f\u00e1cil incorporando los nuevos avances en todos nuestros procesos <strong>innovando en la industria textil<\/strong>.<\/p>\n\n\n\n<hr class=\"wp-block-separator has-alpha-channel-opacity is-style-default\"\/>\n\n\n\n<div class=\"wp-block-uagb-container animated-heading uagb-block-684bbecc alignfull uagb-is-root-container\"><div class=\"uagb-container-inner-blocks-wrap\">\n<div class=\"wp-block-uagb-container hover-effect uagb-block-312ce984\">\n<div class=\"wp-block-uagb-advanced-heading uagb-block-ae98c2f5\"><h2 class=\"uagb-heading-text\">Ambiente cercano<\/h2><\/div>\n\n\n\n<p class=\"has-text-align-center\">Lienza a pesar de su capacidad de internalizaci\u00f3n, es una <strong>empresa familiar<\/strong>, esto facilita la capacidad de comunicaci\u00f3n con todos los niveles de la empresa y tener un ambiente cercano en tu recorrido profesional con nosotros.<\/p>\n<\/div>\n\n\n\n<div class=\"wp-block-uagb-container hover-effect uagb-block-c44d3ebe\">\n<div class=\"wp-block-uagb-advanced-heading uagb-block-d4f3d393\"><h2 class=\"uagb-heading-text\">Oportunidades para estudiantes<\/h2><\/div>\n\n\n\n<p class=\"has-text-align-center\">Sabemos lo importante que es la <strong>captaci\u00f3n de nuevo talento<\/strong>, por ello contamos con contrataci\u00f3n de estudiantes y reci\u00e9n graduados brind\u00e1ndoles una oportunidad de introducirse en el sector.<\/p>\n<\/div>\n\n\n\n<div class=\"wp-block-uagb-container hover-effect uagb-block-0741999e\">\n<div class=\"wp-block-uagb-advanced-heading uagb-block-492c6b42\"><h2 class=\"uagb-heading-text\">Contacto multicultural<\/h2><\/div>\n\n\n\n<p class=\"has-text-align-center\">Lienza cuenta con gran cantidad de socios y proveedores de distintos pa\u00edses, haciendo del ambiente de trabajo un <strong>ambiente abierto y multicultural<\/strong>. Valoramos la capacidad de conectar con distintas culturas y personas.<\/p>\n<\/div>\n<\/div><\/div>\n\n\n\n<div class=\"wp-block-uagb-advanced-heading uagb-block-035f589e\"><h2 class=\"uagb-heading-text\">Ofertas disponibles<\/h2><\/div>\n\n\n\n<div class=\"wp-block-uagb-container uagb-block-67277d14 alignfull uagb-is-root-container\"><div class=\"uagb-container-inner-blocks-wrap\">\n<p class=\"has-text-align-center\">No hay ofertas disponibles en este momento&#8230;<\/p>\n<\/div><\/div>\n","protected":false},"excerpt":{"rendered":"<p>No solo una F\u00e1brica de confecci\u00f3n Textil Somos las personas y el talento que la componen Construye el futuro textil con Lienza Lo que une a los empleados de Lienza es el esfuerzo para deleitar a nuestros clientes y hacerles la vida m\u00e1s f\u00e1cil incorporando los nuevos avances en todos nuestros procesos innovando en la [&hellip;]<\/p>\n","protected":false},"author":1,"featured_media":0,"parent":0,"menu_order":0,"comment_status":"closed","ping_status":"closed","template":"","meta":{"_uag_custom_page_level_css":"","site-sidebar-layout":"default","site-content-layout":"","ast-site-content-layout":"default","site-content-style":"default","site-sidebar-style":"default","ast-global-header-display":"","ast-banner-title-visibility":"","ast-main-header-display":"","ast-hfb-above-header-display":"","ast-hfb-below-header-display":"","ast-hfb-mobile-header-display":"","site-post-title":"disabled","ast-breadcrumbs-content":"","ast-featured-img":"","footer-sml-layout":"","ast-disable-related-posts":"","theme-transparent-header-meta":"","adv-header-id-meta":"","stick-header-meta":"","header-above-stick-meta":"","header-main-stick-meta":"","header-below-stick-meta":"","astra-migrate-meta-layouts":"set","ast-page-background-enabled":"default","ast-page-background-meta":{"desktop":{"background-color":"var(--ast-global-color-4)","background-image":"","background-repeat":"repeat","background-position":"center center","background-size":"auto","background-attachment":"scroll","background-type":"","background-media":"","overlay-type":"","overlay-color":"","overlay-opacity":"","overlay-gradient":""},"tablet":{"background-color":"","background-image":"","background-repeat":"repeat","background-position":"center center","background-size":"auto","background-attachment":"scroll","background-type":"","background-media":"","overlay-type":"","overlay-color":"","overlay-opacity":"","overlay-gradient":""},"mobile":{"background-color":"","background-image":"","background-repeat":"repeat","background-position":"center center","background-size":"auto","background-attachment":"scroll","background-type":"","background-media":"","overlay-type":"","overlay-color":"","overlay-opacity":"","overlay-gradient":""}},"ast-content-background-meta":{"desktop":{"background-color":"var(--ast-global-color-5)","background-image":"","background-repeat":"repeat","background-position":"center center","background-size":"auto","background-attachment":"scroll","background-type":"","background-media":"","overlay-type":"","overlay-color":"","overlay-opacity":"","overlay-gradient":""},"tablet":{"background-color":"var(--ast-global-color-5)","background-image":"","background-repeat":"repeat","background-position":"center center","background-size":"auto","background-attachment":"scroll","background-type":"","background-media":"","overlay-type":"","overlay-color":"","overlay-opacity":"","overlay-gradient":""},"mobile":{"background-color":"var(--ast-global-color-5)","background-image":"","background-repeat":"repeat","background-position":"center center","background-size":"auto","background-attachment":"scroll","background-type":"","background-media":"","overlay-type":"","overlay-color":"","overlay-opacity":"","overlay-gradient":""}},"footnotes":""},"class_list":["post-44","page","type-page","status-publish","hentry"],"uagb_featured_image_src":{"full":false,"thumbnail":false,"medium":false,"medium_large":false,"large":false,"1536x1536":false,"2048x2048":false,"trp-custom-language-flag":false},"uagb_author_info":{"display_name":"admin","author_link":"https:\/\/lienza.com\/company\/es\/author\/jsanchez\/"},"uagb_comment_info":0,"uagb_excerpt":"No solo una F\u00e1brica de confecci\u00f3n Textil Somos las personas y el talento que la componen Construye el futuro textil con Lienza Lo que une a los empleados de Lienza es el esfuerzo para deleitar a nuestros clientes y hacerles la vida m\u00e1s f\u00e1cil incorporando los nuevos avances en todos nuestros procesos innovando en la&hellip;","_links":{"self":[{"href":"https:\/\/lienza.com\/company\/es\/wp-json\/wp\/v2\/pages\/44","targetHints":{"allow":["GET"]}}],"collection":[{"href":"https:\/\/lienza.com\/company\/es\/wp-json\/wp\/v2\/pages"}],"about":[{"href":"https:\/\/lienza.com\/company\/es\/wp-json\/wp\/v2\/types\/page"}],"author":[{"embeddable":true,"href":"https:\/\/lienza.com\/company\/es\/wp-json\/wp\/v2\/users\/1"}],"replies":[{"embeddable":true,"href":"https:\/\/lienza.com\/company\/es\/wp-json\/wp\/v2\/comments?post=44"}],"version-history":[{"count":11,"href":"https:\/\/lienza.com\/company\/es\/wp-json\/wp\/v2\/pages\/44\/revisions"}],"predecessor-version":[{"id":745,"href":"https:\/\/lienza.com\/company\/es\/wp-json\/wp\/v2\/pages\/44\/revisions\/745"}],"wp:attachment":[{"href":"https:\/\/lienza.com\/company\/es\/wp-json\/wp\/v2\/media?parent=44"}],"curies":[{"name":"wp","href":"https:\/\/api.w.org\/{rel}","templated":true}]}}