{"id":35,"date":"2023-01-04T13:39:46","date_gmt":"2023-01-04T13:39:46","guid":{"rendered":"https:\/\/lienza.com\/company\/?page_id=35"},"modified":"2024-04-09T11:31:52","modified_gmt":"2024-04-09T11:31:52","slug":"lienza-industria-textil","status":"publish","type":"page","link":"https:\/\/lienza.com\/company\/es\/","title":{"rendered":"Lienza Industria Textil"},"content":{"rendered":"\n<div class=\"wp-block-uagb-container uagb-block-1543c9a5 alignfull uagb-is-root-container\"><div class=\"uagb-container__video-wrap\"><video autoplay loop muted playsinline><source src=\"https:\/\/lienza.com\/company\/wp-content\/uploads\/sites\/9\/2024\/03\/Lienza-Corp1.mp4\" type=\"video\/mp4\"\/><\/video><\/div><div class=\"uagb-container-inner-blocks-wrap\">\n<div class=\"wp-block-columns is-layout-flex wp-container-core-columns-is-layout-28f84493 wp-block-columns-is-layout-flex\">\n<div class=\"wp-block-column is-content-justification-center is-layout-constrained wp-container-core-column-is-layout-a3c56c58 wp-block-column-is-layout-constrained\" style=\"flex-basis:100vw\">\n<figure class=\"wp-block-image aligncenter size-full movable-element20\"><img decoding=\"async\" width=\"206\" height=\"53\" src=\"https:\/\/lienza.com\/company\/wp-content\/uploads\/sites\/9\/2024\/03\/Logo-Lienza.webp\" alt=\"\" class=\"wp-image-335\" srcset=\"https:\/\/lienza.com\/company\/wp-content\/uploads\/sites\/9\/2024\/03\/Logo-Lienza.webp 206w, https:\/\/lienza.com\/company\/wp-content\/uploads\/sites\/9\/2024\/03\/Logo-Lienza-18x5.webp 18w\" sizes=\"(max-width: 206px) 100vw, 206px\" \/><\/figure>\n<\/div>\n<\/div>\n\n\n\n<div class=\"movable-element10\" style=\"color: white;text-align: center;line-height: 1\">\n    <p style=\"font-size: 50px;margin-bottom: 3px\">EXCELENCIA EN <span style=\"color: #DDB265;font-weight: 800\">CADA COSTURA<\/span><\/p>\n    <p style=\"font-size: 50px;margin-bottom: 3px\"><span style=\"color: #DDB265\">ENFOQUE EN<\/span> <span style=\"font-weight: 800\">CADA CLIENTE<\/span><\/p>\n    <div style=\"width: 90%;height: 2px;background: linear-gradient(to right, rgba(255, 255, 255, 0), #ddb265);margin-bottom: 3vh;border-radius: 0 10px 10px 0\"><\/div>\n    <h1 style=\"color: white;font-size: 30px;font-weight: 800\">LIENZA INDUSTRIA TEXTIL<\/h1>\n    <p style=\"font-size: 20px\">Al servicio de profesionales<\/p>\n<\/div>\n<\/div><\/div>\n\n\n\n<div class=\"wp-block-uagb-container uagb-block-d36424d6 alignfull uagb-is-root-container\"><div class=\"uagb-container-inner-blocks-wrap\">\n<p style=\"position: absolute;top: 50%;text-align: center;font-weight: 800;color: #1B214A20;font-size: 80px;line-height: 1\">\u00bfQui\u00e9nes somos?<\/p>\n\n\n\n<div class=\"wp-block-uagb-container animated-heading uagb-block-3c3b071d\">\n<div class=\"wp-block-uagb-advanced-heading uagb-block-bb26e7e9\"><h2 class=\"uagb-heading-text\"><strong>Mas que una f\u00e1brica de confecci\u00f3n textil<\/strong><\/h2><\/div>\n\n\n\n<div style=\"width: 30%;height: 4px;background: linear-gradient(to right, #ffffff, #1B214AE6);margin-bottom: 5px;border-radius: 0 10px 10px 0\"><\/div>\n\n\n\n<p class=\"has-text-align-center\">Prestamos un servicio <strong>personalizado <\/strong>que abarca todo el \u00e1mbito del desarrollo y producci\u00f3n de la prenda, ofreciendo la <strong>excelencia<\/strong> en cada uno de nuestros procesos.&nbsp;<\/p>\n<\/div>\n<\/div><\/div>\n\n\n\n<hr class=\"wp-block-separator has-alpha-channel-opacity is-style-wide\"\/>\n\n\n\n<div class=\"wp-block-uagb-container uagb-block-7d532b32 alignfull uagb-is-root-container\"><div class=\"uagb-container-inner-blocks-wrap\">\n<p style=\"position: absolute;top: 50%;text-align: center;font-weight: 800;color: #1B214A20;font-size: 80px;line-height: 1\">\u00bfQu\u00e9 nos diferencia?<\/p>\n\n\n\n<div class=\"wp-block-uagb-container animated-heading uagb-block-b3ec609f\">\n<div class=\"wp-block-uagb-advanced-heading uagb-block-4dc27817\"><h2 class=\"uagb-heading-text\"><strong>Especialistas en Uniformidad, Sastrer\u00eda y Grandes Producciones<\/strong><\/h2><\/div>\n\n\n\n<div style=\"width: 30%;height: 4px;background: linear-gradient(to right, #ffffff, #1B214AE6);margin-bottom: 3vh;border-radius: 0 10px 10px 0\"><\/div>\n<\/div>\n\n\n\n<div class=\"wp-block-columns animated-heading is-layout-flex wp-container-core-columns-is-layout-28f84493 wp-block-columns-is-layout-flex\">\n<div class=\"wp-block-column hover-effect is-layout-constrained wp-block-column-is-layout-constrained\">\n<i class=\"fa-solid fa-sitemap icons-group\"><\/i>\n\n\n\n<div class=\"wp-block-uagb-advanced-heading uagb-block-4510ccd4\"><h3 class=\"uagb-heading-text\">Nuestro proceso<\/h3><\/div>\n\n\n\n<p class=\"has-text-align-center\">Tenemos todos nuestros procesos <strong>internalizados<\/strong>, lo que nos facilita<strong> ofrecer alta calidad a bajo coste<\/strong>. Contamos con un excelente equipo de dise\u00f1o, selecci\u00f3n de tejidos, confecci\u00f3n y control de calidad.<\/p>\n<\/div>\n\n\n\n<div class=\"wp-block-column hover-effect is-layout-constrained wp-block-column-is-layout-constrained\">\n<i class=\"fa-solid fa-microchip icons-group\"><\/i>\n\n\n\n<div class=\"wp-block-uagb-advanced-heading uagb-block-c530a910\"><h3 class=\"uagb-heading-text\">I+D+I<\/h3><\/div>\n\n\n\n<p class=\"has-text-align-center\">Dise\u00f1o e impresi\u00f3n 3D para prototipos, sistema de ERP integral, energ\u00eda fotovoltaica en nuestras instalaciones, software propio y <strong>automatizaci\u00f3n <\/strong>de procesos entre otros avances.<\/p>\n<\/div>\n\n\n\n<div class=\"wp-block-column hover-effect is-layout-constrained wp-block-column-is-layout-constrained\">\n<i class=\"fa-solid fa-user-tie icons-group\"><\/i>\n\n\n\n<div class=\"wp-block-uagb-advanced-heading uagb-block-c5bcb610\"><h3 class=\"uagb-heading-text\">Experiencia<\/h3><\/div>\n\n\n\n<p class=\"has-text-align-center\">Lienza ha podido conseguir sus metas gracias al desarrollo de <strong>4 generaciones dedicadas al textil<\/strong>. Marcelino S\u00e1nchez Parra fue pionero introduci\u00e9ndose en el sector textil espa\u00f1ol en 1920.<\/p>\n<\/div>\n<\/div>\n\n\n\n<div class=\"wp-block-columns animated-heading is-layout-flex wp-container-core-columns-is-layout-28f84493 wp-block-columns-is-layout-flex\">\n<div class=\"wp-block-column hover-effect is-layout-constrained wp-block-column-is-layout-constrained\">\n<i class=\"fa-solid fa-headset icons-group\"><\/i>\n\n\n\n<div class=\"wp-block-uagb-advanced-heading uagb-block-66d04e80\"><h3 class=\"uagb-heading-text\">Foco en el cliente<\/h3><\/div>\n\n\n\n<p class=\"has-text-align-center\">Hacemos de sus necesidades las nuestras buscando el camino \u00f3ptimo para la resoluci\u00f3n de las mismas. Mejoramos d\u00eda a d\u00eda gracias a nuestra especial <strong>atenci\u00f3n y cercan\u00eda<\/strong> con todos los que conf\u00edan en Lienza.<\/p>\n<\/div>\n\n\n\n<div class=\"wp-block-column hover-effect is-layout-constrained wp-block-column-is-layout-constrained\">\n<i class=\"fa-solid fa-tree icons-group\"><\/i>\n\n\n\n<div class=\"wp-block-uagb-advanced-heading uagb-block-9224e0b4\"><h3 class=\"uagb-heading-text\">Compromiso Medioambiental<\/h3><\/div>\n\n\n\n<p class=\"has-text-align-center\">Cumpliendo los m\u00e1s altos est\u00e1ndares medioambientales. Disponemos, entre otras, la <strong>certificaci\u00f3n de Gesti\u00f3n Ambiental<\/strong> concedida por la Organizaci\u00f3n Internacional de Normalizaci\u00f3n (ISO 14001).<\/p>\n<\/div>\n<\/div>\n<\/div><\/div>\n\n\n\n<hr class=\"wp-block-separator has-alpha-channel-opacity is-style-wide\"\/>\n\n\n\n<div class=\"wp-block-uagb-container uagb-block-8c272938 alignfull uagb-is-root-container\">\n<div class=\"wp-block-uagb-container uagb-block-837421b2\">\n<div class=\"wp-block-uagb-advanced-heading uagb-block-605992ba\"><h2 class=\"uagb-heading-text\">No solo lo decimos nosotros&#8230;<\/h2><\/div>\n\n\n\n<p>A lo largo de nuestro recorrido varios medios han citado a Lienza por nuestra forma de hacer las cosas.<\/p>\n<\/div>\n\n\n\n<div class=\"wp-block-uagb-container hover-effect uagb-block-24c74913\">\n<div class=\"wp-block-uagb-image aligncenter uagb-block-b0aa11c0 wp-block-uagb-image--layout-default wp-block-uagb-image--effect-static wp-block-uagb-image--align-center\"><figure class=\"wp-block-uagb-image__figure\"><img decoding=\"async\" src=\"https:\/\/lienza.com\/company\/wp-content\/uploads\/sites\/9\/2023\/01\/Estrella-digital.webp\" alt=\"\" class=\"uag-image-124\" width=\"290\" height=\"119\" title=\"\" loading=\"lazy\" role=\"img\" \/><\/figure><\/div>\n\n\n\n<blockquote class=\"wp-block-quote is-layout-flow wp-block-quote-is-layout-flow\">\n<p>\u201cAntiguamente, prefer\u00edamos la opci\u00f3n del sastre para comprar prendas por el nivel de personalizaci\u00f3n que nos ayudaba a conseguir. Ahora tambi\u00e9n es posible optar al mismo a trav\u00e9s de la red gracias a Lienza.\u201c<\/p>\n<cite>Estrella Digital<\/cite><\/blockquote>\n<\/div>\n\n\n\n<div class=\"wp-block-uagb-container hover-effect uagb-block-2328fb1d\">\n<div class=\"wp-block-uagb-image aligncenter uagb-block-d149ecd9 wp-block-uagb-image--layout-default wp-block-uagb-image--effect-static wp-block-uagb-image--align-center\"><figure class=\"wp-block-uagb-image__figure\"><img decoding=\"async\" src=\"https:\/\/lienza.com\/company\/wp-content\/uploads\/sites\/9\/2023\/01\/Elconfidencial.webp\" alt=\"\" class=\"uag-image-123\" width=\"308\" height=\"163\" title=\"\" loading=\"lazy\" role=\"img\" \/><\/figure><\/div>\n\n\n\n<blockquote class=\"wp-block-quote is-layout-flow wp-block-quote-is-layout-flow\">\n<p>\u201cLa idea de Lienza, pone en manifiesto que, incluso en un negocio tan est\u00e1tico como puede ser el de las prendas jur\u00eddicas, siempre hay cierto margen de creatividad\u201d<\/p>\n<cite>El Confidencial<\/cite><\/blockquote>\n<\/div>\n\n\n\n<div class=\"wp-block-uagb-container hover-effect uagb-block-3083a30c\">\n<div class=\"wp-block-uagb-image aligncenter uagb-block-ccf53130 wp-block-uagb-image--layout-default wp-block-uagb-image--effect-static wp-block-uagb-image--align-center\"><figure class=\"wp-block-uagb-image__figure\"><img decoding=\"async\" src=\"https:\/\/lienza.com\/company\/wp-content\/uploads\/sites\/9\/2023\/01\/Madrid-diaro.webp\" alt=\"\" class=\"uag-image-125\" width=\"300\" height=\"158\" title=\"\" loading=\"lazy\" role=\"img\" \/><\/figure><\/div>\n\n\n\n<blockquote class=\"wp-block-quote is-layout-flow wp-block-quote-is-layout-flow\">\n<p>\u201cLienza, que ha demostrado que hasta el sector de la sastrer\u00eda tradicional puede adaptarse a la \u00e9poca digital ofreciendo la mejor relaci\u00f3n calidad\/precio.\u201d<\/p>\n<cite>Madrid Diario<\/cite><\/blockquote>\n<\/div>\n<\/div>\n\n\n\n<div class=\"wp-block-uagb-container uagb-block-57258667 alignfull uagb-is-root-container\">\n<div class=\"wp-block-uagb-container uagb-block-598064cf\">\n<div class=\"wp-block-uagb-advanced-heading uagb-block-ce27594e\"><h2 class=\"uagb-heading-text\">Reconocimientos y certificados<\/h2><\/div>\n\n\n\n<p>Estos son algunos de los reconocimientos y certificados que poseemos y demuestran nuestra eficacia a nivel de calidad, ambiental y con respecto a nuestros clientes.<\/p>\n<\/div>\n\n\n\n<div class=\"wp-block-uagb-container hover-effect uagb-block-09ecccdb\">\n<div class=\"wp-block-columns is-not-stacked-on-mobile is-layout-flex wp-container-core-columns-is-layout-28f84493 wp-block-columns-is-layout-flex\">\n<div class=\"wp-block-column is-layout-flow wp-block-column-is-layout-flow\">\n<div class=\"wp-block-uagb-image aligncenter uagb-block-9822a7ac wp-block-uagb-image--layout-default wp-block-uagb-image--effect-static wp-block-uagb-image--align-center\"><figure class=\"wp-block-uagb-image__figure\"><img decoding=\"async\" src=\"https:\/\/lienza.com\/company\/wp-content\/uploads\/sites\/9\/2023\/01\/ISO9001-Lienza.webp\" alt=\"\" class=\"uag-image-127\" width=\"273\" height=\"272\" title=\"\" loading=\"lazy\" role=\"img\" \/><\/figure><\/div>\n<\/div>\n\n\n\n<div class=\"wp-block-column is-layout-flow wp-block-column-is-layout-flow\">\n<div class=\"wp-block-uagb-image aligncenter uagb-block-fb422ec0 wp-block-uagb-image--layout-default wp-block-uagb-image--effect-static wp-block-uagb-image--align-center\"><figure class=\"wp-block-uagb-image__figure\"><img decoding=\"async\" src=\"https:\/\/lienza.com\/company\/wp-content\/uploads\/sites\/9\/2023\/01\/ISO14001-Lienza.webp\" alt=\"\" class=\"uag-image-126\" width=\"273\" height=\"273\" title=\"\" loading=\"lazy\" role=\"img\" \/><\/figure><\/div>\n<\/div>\n<\/div>\n\n\n\n<div class=\"wp-block-uagb-advanced-heading uagb-block-1b2f4c92\"><h3 class=\"uagb-heading-text\">ISO 9001 \/ ISO 14001 Calidad y Medio Ambiente<\/h3><\/div>\n\n\n\n<p>Cumplimos con los est\u00e1ndares y consecuci\u00f3n de principios sobresalientes mediante un Sistema Integrado de Gesti\u00f3n de la Calidad y Gesti\u00f3n Ambiental certificados que se cumplen en todos los niveles de la empresa y en nuestros propios proveedores.<\/p>\n<\/div>\n\n\n\n<div class=\"wp-block-uagb-container hover-effect uagb-block-f0e4c7cc\">\n<div class=\"wp-block-uagb-image aligncenter uagb-block-9b0b75a2 wp-block-uagb-image--layout-default wp-block-uagb-image--effect-static wp-block-uagb-image--align-center\"><figure class=\"wp-block-uagb-image__figure\"><img decoding=\"async\" src=\"https:\/\/lienza.com\/company\/wp-content\/uploads\/sites\/9\/2024\/03\/co2-reduzco-compenso-calculo-224x300.webp\" alt=\"\" class=\"uag-image-559\" width=\"200\" height=\"300\" title=\"co2-reduzco-compenso-calculo\" loading=\"lazy\" role=\"img\" \/><\/figure><\/div>\n\n\n\n<div class=\"wp-block-uagb-advanced-heading uagb-block-ea8b2ab2\"><h3 class=\"uagb-heading-text\">Registro de huella de carbono<\/h3><\/div>\n\n\n\n<p>En Lienza no solo nos preocupamos por nuestro producto, adem\u00e1s intentamos causar el menor impacto en el planeta. Este compromiso queda patente gracias a nuestro Sistema Integrado de Gesti\u00f3n Medioambiental y compensaci\u00f3n de emisiones. <\/p>\n<\/div>\n\n\n\n<div class=\"wp-block-uagb-container hover-effect uagb-block-c468fdc9\">\n<div class=\"wp-block-uagb-image aligncenter uagb-block-61be8e9a wp-block-uagb-image--layout-default wp-block-uagb-image--effect-static wp-block-uagb-image--align-center\"><figure class=\"wp-block-uagb-image__figure\"><img decoding=\"async\" src=\"https:\/\/lienza.com\/company\/wp-content\/uploads\/sites\/9\/2023\/01\/Google-Reviews-Lienza.webp\" alt=\"\" class=\"uag-image-128\" width=\"300\" height=\"160\" title=\"\" loading=\"lazy\" role=\"img\" \/><\/figure><\/div>\n\n\n\n<div class=\"wp-block-uagb-advanced-heading uagb-block-7bb64cf1\"><h3 class=\"uagb-heading-text\">Google My Business &#8211; 4,6 Estrellas<\/h3><\/div>\n\n\n\n<p>\u00bfQu\u00e9 ser\u00eda Lienza sin sus clientes? Intentamos ofrecer un producto y servicio sobresaliente. Son muchas las voces que nos han apoyado con sus valoraciones, correos electr\u00f3nicos, llamadas y recomendaciones. \u00a1Gracias a todos!<\/p>\n<\/div>\n<\/div>\n","protected":false},"excerpt":{"rendered":"<p>EXCELENCIA EN CADA COSTURA ENFOQUE EN CADA CLIENTE LIENZA INDUSTRIA TEXTIL Al servicio de profesionales \u00bfQui\u00e9nes somos? Mas que una f\u00e1brica de confecci\u00f3n textil Prestamos un servicio personalizado que abarca todo el \u00e1mbito del desarrollo y producci\u00f3n de la prenda, ofreciendo la excelencia en cada uno de nuestros procesos.&nbsp; \u00bfQu\u00e9 nos diferencia? Especialistas en Uniformidad, [&hellip;]<\/p>\n","protected":false},"author":1,"featured_media":0,"parent":0,"menu_order":0,"comment_status":"closed","ping_status":"closed","template":"","meta":{"_uag_custom_page_level_css":"","site-sidebar-layout":"default","site-content-layout":"","ast-site-content-layout":"default","site-content-style":"default","site-sidebar-style":"default","ast-global-header-display":"","ast-banner-title-visibility":"","ast-main-header-display":"","ast-hfb-above-header-display":"","ast-hfb-below-header-display":"","ast-hfb-mobile-header-display":"","site-post-title":"disabled","ast-breadcrumbs-content":"","ast-featured-img":"","footer-sml-layout":"","ast-disable-related-posts":"","theme-transparent-header-meta":"","adv-header-id-meta":"","stick-header-meta":"","header-above-stick-meta":"","header-main-stick-meta":"","header-below-stick-meta":"","astra-migrate-meta-layouts":"set","ast-page-background-enabled":"default","ast-page-background-meta":{"desktop":{"background-color":"var(--ast-global-color-4)","background-image":"","background-repeat":"repeat","background-position":"center center","background-size":"auto","background-attachment":"scroll","background-type":"","background-media":"","overlay-type":"","overlay-color":"","overlay-opacity":"","overlay-gradient":""},"tablet":{"background-color":"","background-image":"","background-repeat":"repeat","background-position":"center center","background-size":"auto","background-attachment":"scroll","background-type":"","background-media":"","overlay-type":"","overlay-color":"","overlay-opacity":"","overlay-gradient":""},"mobile":{"background-color":"","background-image":"","background-repeat":"repeat","background-position":"center center","background-size":"auto","background-attachment":"scroll","background-type":"","background-media":"","overlay-type":"","overlay-color":"","overlay-opacity":"","overlay-gradient":""}},"ast-content-background-meta":{"desktop":{"background-color":"var(--ast-global-color-5)","background-image":"","background-repeat":"repeat","background-position":"center center","background-size":"auto","background-attachment":"scroll","background-type":"","background-media":"","overlay-type":"","overlay-color":"","overlay-opacity":"","overlay-gradient":""},"tablet":{"background-color":"var(--ast-global-color-5)","background-image":"","background-repeat":"repeat","background-position":"center center","background-size":"auto","background-attachment":"scroll","background-type":"","background-media":"","overlay-type":"","overlay-color":"","overlay-opacity":"","overlay-gradient":""},"mobile":{"background-color":"var(--ast-global-color-5)","background-image":"","background-repeat":"repeat","background-position":"center center","background-size":"auto","background-attachment":"scroll","background-type":"","background-media":"","overlay-type":"","overlay-color":"","overlay-opacity":"","overlay-gradient":""}},"footnotes":""},"class_list":["post-35","page","type-page","status-publish","hentry"],"uagb_featured_image_src":{"full":false,"thumbnail":false,"medium":false,"medium_large":false,"large":false,"1536x1536":false,"2048x2048":false,"trp-custom-language-flag":false},"uagb_author_info":{"display_name":"admin","author_link":"https:\/\/lienza.com\/company\/es\/author\/jsanchez\/"},"uagb_comment_info":0,"uagb_excerpt":"EXCELENCIA EN CADA COSTURA ENFOQUE EN CADA CLIENTE LIENZA INDUSTRIA TEXTIL Al servicio de profesionales \u00bfQui\u00e9nes somos? Mas que una f\u00e1brica de confecci\u00f3n textil Prestamos un servicio personalizado que abarca todo el \u00e1mbito del desarrollo y producci\u00f3n de la prenda, ofreciendo la excelencia en cada uno de nuestros procesos.&nbsp; \u00bfQu\u00e9 nos diferencia? Especialistas en Uniformidad,&hellip;","_links":{"self":[{"href":"https:\/\/lienza.com\/company\/es\/wp-json\/wp\/v2\/pages\/35","targetHints":{"allow":["GET"]}}],"collection":[{"href":"https:\/\/lienza.com\/company\/es\/wp-json\/wp\/v2\/pages"}],"about":[{"href":"https:\/\/lienza.com\/company\/es\/wp-json\/wp\/v2\/types\/page"}],"author":[{"embeddable":true,"href":"https:\/\/lienza.com\/company\/es\/wp-json\/wp\/v2\/users\/1"}],"replies":[{"embeddable":true,"href":"https:\/\/lienza.com\/company\/es\/wp-json\/wp\/v2\/comments?post=35"}],"version-history":[{"count":254,"href":"https:\/\/lienza.com\/company\/es\/wp-json\/wp\/v2\/pages\/35\/revisions"}],"predecessor-version":[{"id":857,"href":"https:\/\/lienza.com\/company\/es\/wp-json\/wp\/v2\/pages\/35\/revisions\/857"}],"wp:attachment":[{"href":"https:\/\/lienza.com\/company\/es\/wp-json\/wp\/v2\/media?parent=35"}],"curies":[{"name":"wp","href":"https:\/\/api.w.org\/{rel}","templated":true}]}}